{"id":28962,"date":"2023-05-06T18:59:20","date_gmt":"2023-05-06T18:59:20","guid":{"rendered":"https:\/\/normandie.ma\/?product=vape-daugz-buddy-e-liquide-30ml"},"modified":"2023-05-10T22:57:31","modified_gmt":"2023-05-10T22:57:31","slug":"vape-daugz-buddy-e-liquide-30ml","status":"publish","type":"product","link":"https:\/\/normandie.ma\/?product=vape-daugz-buddy-e-liquide-30ml","title":{"rendered":"Vape Daugz \u2013 Buddy- E-liquide 30ml"},"content":{"rendered":"<p>L\u2019 e-liquide Buddy de Vape Daugz est un d\u00e9licieux m\u00e9lange unique d\u2019explosion de p\u00eache et d\u2019orange, rafra\u00eechissant pour une vape \u00e0 la p\u00e2te laiteuse et sucr\u00e9e. Un condens\u00e9 de saveur fruit\u00e9e pour une exp\u00e9rience extr\u00eamement fondante et irr\u00e9sistiblement sucr\u00e9e.<\/p>\n","protected":false},"excerpt":{"rendered":"<p>L\u2019 e-liquide Buddy de Vape Daugz est un d\u00e9licieux m\u00e9lange unique d\u2019explosion de p\u00eache et d\u2019orange, rafra\u00eechissant pour une vape \u00e0 la p\u00e2te laiteuse et sucr\u00e9e. Un condens\u00e9 de saveur fruit\u00e9e pour une exp\u00e9rience extr\u00eamement fondante et irr\u00e9sistiblement sucr\u00e9e.<\/p>\n","protected":false},"featured_media":25015,"comment_status":"open","ping_status":"closed","template":"","meta":{"om_disable_all_campaigns":false,"_monsterinsights_skip_tracking":false,"_monsterinsights_sitenote_active":false,"_monsterinsights_sitenote_note":"","_monsterinsights_sitenote_category":0},"product_brand":[],"product_cat":[304,270,303],"product_tag":[],"class_list":{"0":"post-28962","1":"product","2":"type-product","3":"status-publish","4":"has-post-thumbnail","6":"product_cat-30ml-filtre-par-volume","7":"product_cat-e-liquides","8":"product_cat-filtre-par-volume","11":"first","12":"instock","13":"featured","14":"shipping-taxable","15":"purchasable","16":"product-type-variable"},"aioseo_notices":[],"jetpack_sharing_enabled":true,"_links":{"self":[{"href":"https:\/\/normandie.ma\/index.php?rest_route=\/wp\/v2\/product\/28962","targetHints":{"allow":["GET"]}}],"collection":[{"href":"https:\/\/normandie.ma\/index.php?rest_route=\/wp\/v2\/product"}],"about":[{"href":"https:\/\/normandie.ma\/index.php?rest_route=\/wp\/v2\/types\/product"}],"replies":[{"embeddable":true,"href":"https:\/\/normandie.ma\/index.php?rest_route=%2Fwp%2Fv2%2Fcomments&post=28962"}],"wp:featuredmedia":[{"embeddable":true,"href":"https:\/\/normandie.ma\/index.php?rest_route=\/wp\/v2\/media\/25015"}],"wp:attachment":[{"href":"https:\/\/normandie.ma\/index.php?rest_route=%2Fwp%2Fv2%2Fmedia&parent=28962"}],"wp:term":[{"taxonomy":"product_brand","embeddable":true,"href":"https:\/\/normandie.ma\/index.php?rest_route=%2Fwp%2Fv2%2Fproduct_brand&post=28962"},{"taxonomy":"product_cat","embeddable":true,"href":"https:\/\/normandie.ma\/index.php?rest_route=%2Fwp%2Fv2%2Fproduct_cat&post=28962"},{"taxonomy":"product_tag","embeddable":true,"href":"https:\/\/normandie.ma\/index.php?rest_route=%2Fwp%2Fv2%2Fproduct_tag&post=28962"}],"curies":[{"name":"wp","href":"https:\/\/api.w.org\/{rel}","templated":true}]}}