{"id":28966,"date":"2023-05-06T18:59:21","date_gmt":"2023-05-06T18:59:21","guid":{"rendered":"https:\/\/normandie.ma\/?product=the-drip-factory-melon-head-e-liquide-60ml-3"},"modified":"2023-05-10T22:56:44","modified_gmt":"2023-05-10T22:56:44","slug":"the-drip-factory-melon-head-e-liquide-60ml-3","status":"publish","type":"product","link":"https:\/\/normandie.ma\/?product=the-drip-factory-melon-head-e-liquide-60ml-3","title":{"rendered":"The Drip Factory \u2013 Melon Head \u2013 E-liquide 60ml"},"content":{"rendered":"<p>La marque The Drip vous invite \u00e0 d\u00e9guster sa toute nouvelle recette Melon Head! Sa bouteille renferme un mix de fruits aux ar\u00f4mes estivaux qui va r\u00e9galer votre palais \u00e0 coup s\u00fbr! Cet e-liquide m\u00eale une mangue bien juteuse \u00e0 du melon sucr\u00e9 et auquel on a rajout\u00e9 de la papaye rappelant la fra\u00eecheur exotique. Le tout sublim\u00e9 par une touche de citron jaune pour relever le go\u00fbt. Un m\u00e9lange magique de fruits qui englobe plaisir et hydratation, rien de plus bon pour commencer sa journ\u00e9e. Vous devez absolument l\u2019essayer avec l\u2019une de nos cigarettes \u00e9lectroniques de la marque Good Vapes Casablanca.<\/p>\n<p>Saveurs : Melon sucr\u00e9 \/ citron jaune \/ Mangue \/ Papaye<\/p>\n","protected":false},"excerpt":{"rendered":"<p>La marque The Drip vous invite \u00e0 d\u00e9guster sa toute nouvelle recette Melon Head! Sa bouteille renferme un mix de fruits aux ar\u00f4mes estivaux qui va r\u00e9galer votre palais \u00e0 coup s\u00fbr! Cet e-liquide m\u00eale une mangue bien juteuse \u00e0 du melon sucr\u00e9 et auquel on a rajout\u00e9 de la papaye rappelant la fra\u00eecheur exotique. [&hellip;]<\/p>\n","protected":false},"featured_media":25019,"comment_status":"open","ping_status":"closed","template":"","meta":{"om_disable_all_campaigns":false,"_monsterinsights_skip_tracking":false,"_monsterinsights_sitenote_active":false,"_monsterinsights_sitenote_note":"","_monsterinsights_sitenote_category":0},"product_brand":[],"product_cat":[305,270,303],"product_tag":[],"class_list":{"0":"post-28966","1":"product","2":"type-product","3":"status-publish","4":"has-post-thumbnail","6":"product_cat-60ml","7":"product_cat-e-liquides","8":"product_cat-filtre-par-volume","11":"first","12":"instock","13":"featured","14":"shipping-taxable","15":"purchasable","16":"product-type-variable"},"aioseo_notices":[],"jetpack_sharing_enabled":true,"_links":{"self":[{"href":"https:\/\/normandie.ma\/index.php?rest_route=\/wp\/v2\/product\/28966","targetHints":{"allow":["GET"]}}],"collection":[{"href":"https:\/\/normandie.ma\/index.php?rest_route=\/wp\/v2\/product"}],"about":[{"href":"https:\/\/normandie.ma\/index.php?rest_route=\/wp\/v2\/types\/product"}],"replies":[{"embeddable":true,"href":"https:\/\/normandie.ma\/index.php?rest_route=%2Fwp%2Fv2%2Fcomments&post=28966"}],"wp:featuredmedia":[{"embeddable":true,"href":"https:\/\/normandie.ma\/index.php?rest_route=\/wp\/v2\/media\/25019"}],"wp:attachment":[{"href":"https:\/\/normandie.ma\/index.php?rest_route=%2Fwp%2Fv2%2Fmedia&parent=28966"}],"wp:term":[{"taxonomy":"product_brand","embeddable":true,"href":"https:\/\/normandie.ma\/index.php?rest_route=%2Fwp%2Fv2%2Fproduct_brand&post=28966"},{"taxonomy":"product_cat","embeddable":true,"href":"https:\/\/normandie.ma\/index.php?rest_route=%2Fwp%2Fv2%2Fproduct_cat&post=28966"},{"taxonomy":"product_tag","embeddable":true,"href":"https:\/\/normandie.ma\/index.php?rest_route=%2Fwp%2Fv2%2Fproduct_tag&post=28966"}],"curies":[{"name":"wp","href":"https:\/\/api.w.org\/{rel}","templated":true}]}}