{"id":28982,"date":"2023-05-06T18:59:30","date_gmt":"2023-05-06T18:59:30","guid":{"rendered":"https:\/\/normandie.ma\/?product=vape-daugz-lazy-e-liquide-60ml"},"modified":"2023-06-13T23:05:39","modified_gmt":"2023-06-13T23:05:39","slug":"vape-daugz-lazy-e-liquide-60ml","status":"publish","type":"product","link":"https:\/\/normandie.ma\/?product=vape-daugz-lazy-e-liquide-60ml","title":{"rendered":"Vape Daugz \u2013 Lazy \u2013 E-liquide 60ml"},"content":{"rendered":"<p>Le Lazy de Vape Daugz est une d\u00e9licieuse cr\u00e8me anglaise parfaitement m\u00e9lang\u00e9e \u00e0 la tarte au citron vert avec des notes de vanille et de biscuits Graham, rafra\u00eechissant pour une vape \u00e0 la p\u00e2te laiteuse et fruit\u00e9e. Un condens\u00e9 de saveur gourmande pour une exp\u00e9rience extr\u00eamement fondante et irr\u00e9sistiblement sucr\u00e9e. Vous devez absolument l\u2019essayer avec l\u2019une de nos cigarettes \u00e9lectroniques de chez Good Vapes Casablanca.<\/p>\n<p>Saveurs : Tarte citron vert \/ Vanille \/ Biscuits Graham<\/p>\n","protected":false},"excerpt":{"rendered":"<p>Le Lazy de Vape Daugz est une d\u00e9licieuse cr\u00e8me anglaise parfaitement m\u00e9lang\u00e9e \u00e0 la tarte au citron vert avec des notes de vanille et de biscuits Graham, rafra\u00eechissant pour une vape \u00e0 la p\u00e2te laiteuse et fruit\u00e9e. Un condens\u00e9 de saveur gourmande pour une exp\u00e9rience extr\u00eamement fondante et irr\u00e9sistiblement sucr\u00e9e. Vous devez absolument l\u2019essayer avec [&hellip;]<\/p>\n","protected":false},"featured_media":25033,"comment_status":"open","ping_status":"closed","template":"","meta":{"om_disable_all_campaigns":false,"_monsterinsights_skip_tracking":false,"_monsterinsights_sitenote_active":false,"_monsterinsights_sitenote_note":"","_monsterinsights_sitenote_category":0},"product_brand":[],"product_cat":[305,270,303],"product_tag":[],"class_list":{"0":"post-28982","1":"product","2":"type-product","3":"status-publish","4":"has-post-thumbnail","6":"product_cat-60ml","7":"product_cat-e-liquides","8":"product_cat-filtre-par-volume","11":"first","12":"instock","13":"featured","14":"shipping-taxable","15":"purchasable","16":"product-type-variable"},"aioseo_notices":[],"jetpack_sharing_enabled":true,"_links":{"self":[{"href":"https:\/\/normandie.ma\/index.php?rest_route=\/wp\/v2\/product\/28982","targetHints":{"allow":["GET"]}}],"collection":[{"href":"https:\/\/normandie.ma\/index.php?rest_route=\/wp\/v2\/product"}],"about":[{"href":"https:\/\/normandie.ma\/index.php?rest_route=\/wp\/v2\/types\/product"}],"replies":[{"embeddable":true,"href":"https:\/\/normandie.ma\/index.php?rest_route=%2Fwp%2Fv2%2Fcomments&post=28982"}],"wp:featuredmedia":[{"embeddable":true,"href":"https:\/\/normandie.ma\/index.php?rest_route=\/wp\/v2\/media\/25033"}],"wp:attachment":[{"href":"https:\/\/normandie.ma\/index.php?rest_route=%2Fwp%2Fv2%2Fmedia&parent=28982"}],"wp:term":[{"taxonomy":"product_brand","embeddable":true,"href":"https:\/\/normandie.ma\/index.php?rest_route=%2Fwp%2Fv2%2Fproduct_brand&post=28982"},{"taxonomy":"product_cat","embeddable":true,"href":"https:\/\/normandie.ma\/index.php?rest_route=%2Fwp%2Fv2%2Fproduct_cat&post=28982"},{"taxonomy":"product_tag","embeddable":true,"href":"https:\/\/normandie.ma\/index.php?rest_route=%2Fwp%2Fv2%2Fproduct_tag&post=28982"}],"curies":[{"name":"wp","href":"https:\/\/api.w.org\/{rel}","templated":true}]}}