{"id":28985,"date":"2023-05-06T18:59:31","date_gmt":"2023-05-06T18:59:31","guid":{"rendered":"https:\/\/normandie.ma\/?product=vape-daugz-frost-e-liquide-60ml"},"modified":"2023-06-13T23:05:39","modified_gmt":"2023-06-13T23:05:39","slug":"vape-daugz-frost-e-liquide-60ml","status":"publish","type":"product","link":"https:\/\/normandie.ma\/?product=vape-daugz-frost-e-liquide-60ml","title":{"rendered":"Vape Daugz \u2013 Frost \u2013 E-liquide 60ml"},"content":{"rendered":"<p>Le Frost de Vape Daugz est une d\u00e9licieuse combinaison glac\u00e9e de \u201cMilk\u201d infus\u00e9e avec un soup\u00e7on de glace fra\u00eeche, pour une vape \u00e0 une p\u00e2te au lait et fruit\u00e9e. Un condens\u00e9 de saveur fruit\u00e9e pour une exp\u00e9rience extr\u00eamement fondante et irr\u00e9sistiblement sucr\u00e9e. Vous devez absolument l\u2019essayer avec l\u2019une de nos cigarettes \u00e9lectroniques de chez Good Vapes Casablanca.<\/p>\n<p>Saveurs : Glace fra\u00eeche \/ Fraises<\/p>\n","protected":false},"excerpt":{"rendered":"<p>Le Frost de Vape Daugz est une d\u00e9licieuse combinaison glac\u00e9e de \u201cMilk\u201d infus\u00e9e avec un soup\u00e7on de glace fra\u00eeche, pour une vape \u00e0 une p\u00e2te au lait et fruit\u00e9e. Un condens\u00e9 de saveur fruit\u00e9e pour une exp\u00e9rience extr\u00eamement fondante et irr\u00e9sistiblement sucr\u00e9e. Vous devez absolument l\u2019essayer avec l\u2019une de nos cigarettes \u00e9lectroniques de chez Good [&hellip;]<\/p>\n","protected":false},"featured_media":25036,"comment_status":"open","ping_status":"closed","template":"","meta":{"om_disable_all_campaigns":false,"_monsterinsights_skip_tracking":false,"_monsterinsights_sitenote_active":false,"_monsterinsights_sitenote_note":"","_monsterinsights_sitenote_category":0},"product_brand":[],"product_cat":[305,270,303],"product_tag":[],"class_list":{"0":"post-28985","1":"product","2":"type-product","3":"status-publish","4":"has-post-thumbnail","6":"product_cat-60ml","7":"product_cat-e-liquides","8":"product_cat-filtre-par-volume","11":"first","12":"instock","13":"featured","14":"shipping-taxable","15":"purchasable","16":"product-type-variable"},"aioseo_notices":[],"jetpack_sharing_enabled":true,"_links":{"self":[{"href":"https:\/\/normandie.ma\/index.php?rest_route=\/wp\/v2\/product\/28985","targetHints":{"allow":["GET"]}}],"collection":[{"href":"https:\/\/normandie.ma\/index.php?rest_route=\/wp\/v2\/product"}],"about":[{"href":"https:\/\/normandie.ma\/index.php?rest_route=\/wp\/v2\/types\/product"}],"replies":[{"embeddable":true,"href":"https:\/\/normandie.ma\/index.php?rest_route=%2Fwp%2Fv2%2Fcomments&post=28985"}],"wp:featuredmedia":[{"embeddable":true,"href":"https:\/\/normandie.ma\/index.php?rest_route=\/wp\/v2\/media\/25036"}],"wp:attachment":[{"href":"https:\/\/normandie.ma\/index.php?rest_route=%2Fwp%2Fv2%2Fmedia&parent=28985"}],"wp:term":[{"taxonomy":"product_brand","embeddable":true,"href":"https:\/\/normandie.ma\/index.php?rest_route=%2Fwp%2Fv2%2Fproduct_brand&post=28985"},{"taxonomy":"product_cat","embeddable":true,"href":"https:\/\/normandie.ma\/index.php?rest_route=%2Fwp%2Fv2%2Fproduct_cat&post=28985"},{"taxonomy":"product_tag","embeddable":true,"href":"https:\/\/normandie.ma\/index.php?rest_route=%2Fwp%2Fv2%2Fproduct_tag&post=28985"}],"curies":[{"name":"wp","href":"https:\/\/api.w.org\/{rel}","templated":true}]}}