{"id":28998,"date":"2023-05-06T18:59:37","date_gmt":"2023-05-06T18:59:37","guid":{"rendered":"https:\/\/normandie.ma\/?product=cream-team-buttercream-100ml-zero-2"},"modified":"2023-06-13T22:57:12","modified_gmt":"2023-06-13T22:57:12","slug":"cream-team-buttercream-100ml-zero-2","status":"publish","type":"product","link":"https:\/\/normandie.ma\/?product=cream-team-buttercream-100ml-zero-2","title":{"rendered":"Cream Team \u2013 Buttercream 100ML (ZERO)"},"content":{"rendered":"<p>L\u2019 e-liquide Buttercream de Cream Team by Kings Crest est un succulent m\u00e9lange de cr\u00e8me glac\u00e9e au beurre nette et rafra\u00eechissante avec des notes \u00e9paisses et riches de g\u00e2teau au beurre qui en font un dessert d\u00e9cadent. Savourez cette collaboration entre Jam Monster et King\u2019s Crest.<\/p>\n<p>Saveurs : Cr\u00e8me au beurre \/ Cr\u00e8me \/ Vanille<\/p>\n","protected":false},"excerpt":{"rendered":"<p>L\u2019 e-liquide Buttercream de Cream Team by Kings Crest est un succulent m\u00e9lange de cr\u00e8me glac\u00e9e au beurre nette et rafra\u00eechissante avec des notes \u00e9paisses et riches de g\u00e2teau au beurre qui en font un dessert d\u00e9cadent. Savourez cette collaboration entre Jam Monster et King\u2019s Crest. Saveurs : Cr\u00e8me au beurre \/ Cr\u00e8me \/ Vanille<\/p>\n","protected":false},"featured_media":25049,"comment_status":"open","ping_status":"closed","template":"","meta":{"om_disable_all_campaigns":false,"_monsterinsights_skip_tracking":false,"_monsterinsights_sitenote_active":false,"_monsterinsights_sitenote_note":"","_monsterinsights_sitenote_category":0},"product_brand":[],"product_cat":[371,270,303],"product_tag":[],"class_list":{"0":"post-28998","1":"product","2":"type-product","3":"status-publish","4":"has-post-thumbnail","6":"product_cat-100ml-filtre-par-volume","7":"product_cat-e-liquides","8":"product_cat-filtre-par-volume","11":"first","12":"instock","13":"featured","14":"shipping-taxable","15":"purchasable","16":"product-type-variable"},"aioseo_notices":[],"jetpack_sharing_enabled":true,"_links":{"self":[{"href":"https:\/\/normandie.ma\/index.php?rest_route=\/wp\/v2\/product\/28998","targetHints":{"allow":["GET"]}}],"collection":[{"href":"https:\/\/normandie.ma\/index.php?rest_route=\/wp\/v2\/product"}],"about":[{"href":"https:\/\/normandie.ma\/index.php?rest_route=\/wp\/v2\/types\/product"}],"replies":[{"embeddable":true,"href":"https:\/\/normandie.ma\/index.php?rest_route=%2Fwp%2Fv2%2Fcomments&post=28998"}],"wp:featuredmedia":[{"embeddable":true,"href":"https:\/\/normandie.ma\/index.php?rest_route=\/wp\/v2\/media\/25049"}],"wp:attachment":[{"href":"https:\/\/normandie.ma\/index.php?rest_route=%2Fwp%2Fv2%2Fmedia&parent=28998"}],"wp:term":[{"taxonomy":"product_brand","embeddable":true,"href":"https:\/\/normandie.ma\/index.php?rest_route=%2Fwp%2Fv2%2Fproduct_brand&post=28998"},{"taxonomy":"product_cat","embeddable":true,"href":"https:\/\/normandie.ma\/index.php?rest_route=%2Fwp%2Fv2%2Fproduct_cat&post=28998"},{"taxonomy":"product_tag","embeddable":true,"href":"https:\/\/normandie.ma\/index.php?rest_route=%2Fwp%2Fv2%2Fproduct_tag&post=28998"}],"curies":[{"name":"wp","href":"https:\/\/api.w.org\/{rel}","templated":true}]}}