{"id":29004,"date":"2023-05-06T18:59:39","date_gmt":"2023-05-06T18:59:39","guid":{"rendered":"https:\/\/normandie.ma\/?product=juice-box-watermelon-ice-e-liquide-100ml-2"},"modified":"2023-06-13T22:57:12","modified_gmt":"2023-06-13T22:57:12","slug":"juice-box-watermelon-ice-e-liquide-100ml-2","status":"publish","type":"product","link":"https:\/\/normandie.ma\/?product=juice-box-watermelon-ice-e-liquide-100ml-2","title":{"rendered":"Juice Box \u2013 Watermelon Ice \u2013 E-liquide 100ml"},"content":{"rendered":"<p>D\u00e9couvrez le nouveau parfum Watermelon Ice de Juice Box. Une recette ultra fra\u00eeche qui propose un m\u00e9lange entre glace et past\u00e8que. Cette fusion, repr\u00e9sentant une journ\u00e9e enti\u00e8re, vous donnera une vape pleine de go\u00fbt \u00e0 d\u00e9guster sans mod\u00e9ration ! Vous devez absolument l\u2019essayer avec l\u2019une de nos cigarettes \u00e9lectroniques de la marque Good Vapes Casablanca.<\/p>\n<p>Saveurs : Past\u00e8que \/ Ice<\/p>\n","protected":false},"excerpt":{"rendered":"<p>D\u00e9couvrez le nouveau parfum Watermelon Ice de Juice Box. Une recette ultra fra\u00eeche qui propose un m\u00e9lange entre glace et past\u00e8que. Cette fusion, repr\u00e9sentant une journ\u00e9e enti\u00e8re, vous donnera une vape pleine de go\u00fbt \u00e0 d\u00e9guster sans mod\u00e9ration ! Vous devez absolument l\u2019essayer avec l\u2019une de nos cigarettes \u00e9lectroniques de la marque Good Vapes Casablanca. [&hellip;]<\/p>\n","protected":false},"featured_media":25053,"comment_status":"open","ping_status":"closed","template":"","meta":{"om_disable_all_campaigns":false,"_monsterinsights_skip_tracking":false,"_monsterinsights_sitenote_active":false,"_monsterinsights_sitenote_note":"","_monsterinsights_sitenote_category":0},"product_brand":[],"product_cat":[371,270,303],"product_tag":[],"class_list":{"0":"post-29004","1":"product","2":"type-product","3":"status-publish","4":"has-post-thumbnail","6":"product_cat-100ml-filtre-par-volume","7":"product_cat-e-liquides","8":"product_cat-filtre-par-volume","11":"first","12":"instock","13":"featured","14":"shipping-taxable","15":"purchasable","16":"product-type-variable"},"aioseo_notices":[],"jetpack_sharing_enabled":true,"_links":{"self":[{"href":"https:\/\/normandie.ma\/index.php?rest_route=\/wp\/v2\/product\/29004","targetHints":{"allow":["GET"]}}],"collection":[{"href":"https:\/\/normandie.ma\/index.php?rest_route=\/wp\/v2\/product"}],"about":[{"href":"https:\/\/normandie.ma\/index.php?rest_route=\/wp\/v2\/types\/product"}],"replies":[{"embeddable":true,"href":"https:\/\/normandie.ma\/index.php?rest_route=%2Fwp%2Fv2%2Fcomments&post=29004"}],"wp:featuredmedia":[{"embeddable":true,"href":"https:\/\/normandie.ma\/index.php?rest_route=\/wp\/v2\/media\/25053"}],"wp:attachment":[{"href":"https:\/\/normandie.ma\/index.php?rest_route=%2Fwp%2Fv2%2Fmedia&parent=29004"}],"wp:term":[{"taxonomy":"product_brand","embeddable":true,"href":"https:\/\/normandie.ma\/index.php?rest_route=%2Fwp%2Fv2%2Fproduct_brand&post=29004"},{"taxonomy":"product_cat","embeddable":true,"href":"https:\/\/normandie.ma\/index.php?rest_route=%2Fwp%2Fv2%2Fproduct_cat&post=29004"},{"taxonomy":"product_tag","embeddable":true,"href":"https:\/\/normandie.ma\/index.php?rest_route=%2Fwp%2Fv2%2Fproduct_tag&post=29004"}],"curies":[{"name":"wp","href":"https:\/\/api.w.org\/{rel}","templated":true}]}}