{"id":29011,"date":"2023-05-06T18:59:44","date_gmt":"2023-05-06T18:59:44","guid":{"rendered":"https:\/\/normandie.ma\/?product=levels-triumph-e-liquide-120ml-3"},"modified":"2023-06-13T22:59:17","modified_gmt":"2023-06-13T22:59:17","slug":"levels-triumph-e-liquide-120ml-3","status":"publish","type":"product","link":"https:\/\/normandie.ma\/?product=levels-triumph-e-liquide-120ml-3","title":{"rendered":"Levels \u2013 Triumph \u2013 E-liquide 120ml"},"content":{"rendered":"<p>Un simple mais d\u00e9licieux parfum de raisin qui vous fera tomber \u00e0 la renverse. Triumph de Levels est un m\u00e9lange parfait de saveurs de raisin. Cette combinaison de raisins \u00e9tonnamment simple et traditionnelle vous fera s\u00fbrement revenir encore et encore. Vous aimez ce truc violet ? Vapez ce d\u00e9licieux jus de raisin aujourd\u2019hui avec votre cigarette \u00e9lectronique de chez Good Vapes Casablanca !<\/p>\n<p>Saveurs : Raisins<\/p>\n","protected":false},"excerpt":{"rendered":"<p>Un simple mais d\u00e9licieux parfum de raisin qui vous fera tomber \u00e0 la renverse. Triumph de Levels est un m\u00e9lange parfait de saveurs de raisin. Cette combinaison de raisins \u00e9tonnamment simple et traditionnelle vous fera s\u00fbrement revenir encore et encore. Vous aimez ce truc violet ? Vapez ce d\u00e9licieux jus de raisin aujourd\u2019hui avec votre [&hellip;]<\/p>\n","protected":false},"featured_media":25060,"comment_status":"open","ping_status":"closed","template":"","meta":{"om_disable_all_campaigns":false,"_monsterinsights_skip_tracking":false,"_monsterinsights_sitenote_active":false,"_monsterinsights_sitenote_note":"","_monsterinsights_sitenote_category":0},"product_brand":[],"product_cat":[372,270,303],"product_tag":[],"class_list":{"0":"post-29011","1":"product","2":"type-product","3":"status-publish","4":"has-post-thumbnail","6":"product_cat-120ml-filtre-par-volume","7":"product_cat-e-liquides","8":"product_cat-filtre-par-volume","11":"first","12":"instock","13":"featured","14":"shipping-taxable","15":"purchasable","16":"product-type-variable"},"aioseo_notices":[],"jetpack_sharing_enabled":true,"_links":{"self":[{"href":"https:\/\/normandie.ma\/index.php?rest_route=\/wp\/v2\/product\/29011","targetHints":{"allow":["GET"]}}],"collection":[{"href":"https:\/\/normandie.ma\/index.php?rest_route=\/wp\/v2\/product"}],"about":[{"href":"https:\/\/normandie.ma\/index.php?rest_route=\/wp\/v2\/types\/product"}],"replies":[{"embeddable":true,"href":"https:\/\/normandie.ma\/index.php?rest_route=%2Fwp%2Fv2%2Fcomments&post=29011"}],"wp:featuredmedia":[{"embeddable":true,"href":"https:\/\/normandie.ma\/index.php?rest_route=\/wp\/v2\/media\/25060"}],"wp:attachment":[{"href":"https:\/\/normandie.ma\/index.php?rest_route=%2Fwp%2Fv2%2Fmedia&parent=29011"}],"wp:term":[{"taxonomy":"product_brand","embeddable":true,"href":"https:\/\/normandie.ma\/index.php?rest_route=%2Fwp%2Fv2%2Fproduct_brand&post=29011"},{"taxonomy":"product_cat","embeddable":true,"href":"https:\/\/normandie.ma\/index.php?rest_route=%2Fwp%2Fv2%2Fproduct_cat&post=29011"},{"taxonomy":"product_tag","embeddable":true,"href":"https:\/\/normandie.ma\/index.php?rest_route=%2Fwp%2Fv2%2Fproduct_tag&post=29011"}],"curies":[{"name":"wp","href":"https:\/\/api.w.org\/{rel}","templated":true}]}}