{"id":29012,"date":"2023-05-06T18:59:45","date_gmt":"2023-05-06T18:59:45","guid":{"rendered":"https:\/\/normandie.ma\/?product=levels-bliss-e-liquide-120ml-2"},"modified":"2023-06-13T22:59:16","modified_gmt":"2023-06-13T22:59:16","slug":"levels-bliss-e-liquide-120ml-2","status":"publish","type":"product","link":"https:\/\/normandie.ma\/?product=levels-bliss-e-liquide-120ml-2","title":{"rendered":"Levels \u2013 Bliss \u2013 E-liquide 120ml"},"content":{"rendered":"<p>Un d\u00e9licieux m\u00e9lange de bonbons, avec des saveurs de past\u00e8que ! Bliss de la marque Levels est parfait pour tous ceux qui ont envie de quelque chose de sucr\u00e9. Cette combinaison avec la past\u00e8que est s\u00fbre de vous mettre l\u2019eau \u00e0 la bouche et de vous faire revenir encore et encore ! Tout ce que nous savons, c\u2019est sacr\u00e9ment bon, vous devez l\u2019essayer \u00e0 l\u2019aide de notre cigarette \u00e9lectronique de chez Good Vapes Casablanca.<\/p>\n<p>Saveurs : Bonbon \/ Past\u00e8ques<\/p>\n","protected":false},"excerpt":{"rendered":"<p>Un d\u00e9licieux m\u00e9lange de bonbons, avec des saveurs de past\u00e8que ! Bliss de la marque Levels est parfait pour tous ceux qui ont envie de quelque chose de sucr\u00e9. Cette combinaison avec la past\u00e8que est s\u00fbre de vous mettre l\u2019eau \u00e0 la bouche et de vous faire revenir encore et encore ! Tout ce que [&hellip;]<\/p>\n","protected":false},"featured_media":25061,"comment_status":"open","ping_status":"closed","template":"","meta":{"om_disable_all_campaigns":false,"_monsterinsights_skip_tracking":false,"_monsterinsights_sitenote_active":false,"_monsterinsights_sitenote_note":"","_monsterinsights_sitenote_category":0},"product_brand":[],"product_cat":[372,270,303],"product_tag":[],"class_list":{"0":"post-29012","1":"product","2":"type-product","3":"status-publish","4":"has-post-thumbnail","6":"product_cat-120ml-filtre-par-volume","7":"product_cat-e-liquides","8":"product_cat-filtre-par-volume","11":"first","12":"instock","13":"featured","14":"shipping-taxable","15":"purchasable","16":"product-type-variable"},"aioseo_notices":[],"jetpack_sharing_enabled":true,"_links":{"self":[{"href":"https:\/\/normandie.ma\/index.php?rest_route=\/wp\/v2\/product\/29012","targetHints":{"allow":["GET"]}}],"collection":[{"href":"https:\/\/normandie.ma\/index.php?rest_route=\/wp\/v2\/product"}],"about":[{"href":"https:\/\/normandie.ma\/index.php?rest_route=\/wp\/v2\/types\/product"}],"replies":[{"embeddable":true,"href":"https:\/\/normandie.ma\/index.php?rest_route=%2Fwp%2Fv2%2Fcomments&post=29012"}],"wp:featuredmedia":[{"embeddable":true,"href":"https:\/\/normandie.ma\/index.php?rest_route=\/wp\/v2\/media\/25061"}],"wp:attachment":[{"href":"https:\/\/normandie.ma\/index.php?rest_route=%2Fwp%2Fv2%2Fmedia&parent=29012"}],"wp:term":[{"taxonomy":"product_brand","embeddable":true,"href":"https:\/\/normandie.ma\/index.php?rest_route=%2Fwp%2Fv2%2Fproduct_brand&post=29012"},{"taxonomy":"product_cat","embeddable":true,"href":"https:\/\/normandie.ma\/index.php?rest_route=%2Fwp%2Fv2%2Fproduct_cat&post=29012"},{"taxonomy":"product_tag","embeddable":true,"href":"https:\/\/normandie.ma\/index.php?rest_route=%2Fwp%2Fv2%2Fproduct_tag&post=29012"}],"curies":[{"name":"wp","href":"https:\/\/api.w.org\/{rel}","templated":true}]}}