{"id":29014,"date":"2023-05-06T18:59:46","date_gmt":"2023-05-06T18:59:46","guid":{"rendered":"https:\/\/normandie.ma\/?product=five-star-juice-thunder-flood-e-liquide-120ml-3"},"modified":"2023-06-24T16:36:51","modified_gmt":"2023-06-24T16:36:51","slug":"five-star-juice-thunder-flood-e-liquide-120ml-3","status":"publish","type":"product","link":"https:\/\/normandie.ma\/?product=five-star-juice-thunder-flood-e-liquide-120ml-3","title":{"rendered":"Five Star Juice \u2013 Thunder Flood \u2013 E-liquide 120ml"},"content":{"rendered":"<p>Thunder Flood de Five Star Juice est un m\u00e9lange de plusieurs fruits exotiques dont la banane et l\u2019ananas juteux. Parfait pour une brise d\u2019\u00e9t\u00e9 et une satisfaction all\u00e9chante garantie. Vous devez l\u2019essayer \u00e0 l\u2019aide de notre cigarette \u00e9lectronique de chez Good Vapes Casablanca.<\/p>\n<p>Saveurs : Banane \/ Ananas<\/p>\n","protected":false},"excerpt":{"rendered":"<p>Thunder Flood de Five Star Juice est un m\u00e9lange de plusieurs fruits exotiques dont la banane et l\u2019ananas juteux. Parfait pour une brise d\u2019\u00e9t\u00e9 et une satisfaction all\u00e9chante garantie. Vous devez l\u2019essayer \u00e0 l\u2019aide de notre cigarette \u00e9lectronique de chez Good Vapes Casablanca. Saveurs : Banane \/ Ananas<\/p>\n","protected":false},"featured_media":25063,"comment_status":"open","ping_status":"closed","template":"","meta":{"om_disable_all_campaigns":false,"_monsterinsights_skip_tracking":false,"_monsterinsights_sitenote_active":false,"_monsterinsights_sitenote_note":"","_monsterinsights_sitenote_category":0},"product_brand":[],"product_cat":[372,270,303],"product_tag":[],"class_list":{"0":"post-29014","1":"product","2":"type-product","3":"status-publish","4":"has-post-thumbnail","6":"product_cat-120ml-filtre-par-volume","7":"product_cat-e-liquides","8":"product_cat-filtre-par-volume","11":"first","12":"instock","13":"featured","14":"shipping-taxable","15":"purchasable","16":"product-type-variable"},"aioseo_notices":[],"jetpack_sharing_enabled":true,"_links":{"self":[{"href":"https:\/\/normandie.ma\/index.php?rest_route=\/wp\/v2\/product\/29014","targetHints":{"allow":["GET"]}}],"collection":[{"href":"https:\/\/normandie.ma\/index.php?rest_route=\/wp\/v2\/product"}],"about":[{"href":"https:\/\/normandie.ma\/index.php?rest_route=\/wp\/v2\/types\/product"}],"replies":[{"embeddable":true,"href":"https:\/\/normandie.ma\/index.php?rest_route=%2Fwp%2Fv2%2Fcomments&post=29014"}],"wp:featuredmedia":[{"embeddable":true,"href":"https:\/\/normandie.ma\/index.php?rest_route=\/wp\/v2\/media\/25063"}],"wp:attachment":[{"href":"https:\/\/normandie.ma\/index.php?rest_route=%2Fwp%2Fv2%2Fmedia&parent=29014"}],"wp:term":[{"taxonomy":"product_brand","embeddable":true,"href":"https:\/\/normandie.ma\/index.php?rest_route=%2Fwp%2Fv2%2Fproduct_brand&post=29014"},{"taxonomy":"product_cat","embeddable":true,"href":"https:\/\/normandie.ma\/index.php?rest_route=%2Fwp%2Fv2%2Fproduct_cat&post=29014"},{"taxonomy":"product_tag","embeddable":true,"href":"https:\/\/normandie.ma\/index.php?rest_route=%2Fwp%2Fv2%2Fproduct_tag&post=29014"}],"curies":[{"name":"wp","href":"https:\/\/api.w.org\/{rel}","templated":true}]}}