{"id":29017,"date":"2023-05-06T18:59:47","date_gmt":"2023-05-06T18:59:47","guid":{"rendered":"https:\/\/normandie.ma\/?product=good-vapes-lemon-touch-e-liquide-30ml-4"},"modified":"2023-06-13T22:50:10","modified_gmt":"2023-06-13T22:50:10","slug":"good-vapes-lemon-touch-e-liquide-30ml-4","status":"publish","type":"product","link":"https:\/\/normandie.ma\/?product=good-vapes-lemon-touch-e-liquide-30ml-4","title":{"rendered":"Good Vapes \u2013 Lemon Touch \u2013 E-liquide 30ml"},"content":{"rendered":"<p>Son go\u00fbt p\u00e9tillant, l\u00e9g\u00e8rement sucr\u00e9 et acidul\u00e9 \u00e0 la fois, vous \u00e9tonnera par son caract\u00e8re ! Il fait le mariage parfait entre le citron vert et le citron jaune m\u00fbri afin de satisfaire les amateurs des saveurs fruit\u00e9es acidul\u00e9es. Lemon Touch saura vous procurer des sensations p\u00e9tillantes, fra\u00eeches et tonifiantes \u00e0 chaque vape. Vous devriez absolument l\u2019essayer avec l\u2019une de nos cigarettes \u00e9lectroniques de la marque Good Vapes Casablanca.<\/p>\n<p>Saveurs : Citron<\/p>\n","protected":false},"excerpt":{"rendered":"<p>Son go\u00fbt p\u00e9tillant, l\u00e9g\u00e8rement sucr\u00e9 et acidul\u00e9 \u00e0 la fois, vous \u00e9tonnera par son caract\u00e8re ! Il fait le mariage parfait entre le citron vert et le citron jaune m\u00fbri afin de satisfaire les amateurs des saveurs fruit\u00e9es acidul\u00e9es. Lemon Touch saura vous procurer des sensations p\u00e9tillantes, fra\u00eeches et tonifiantes \u00e0 chaque vape. Vous devriez [&hellip;]<\/p>\n","protected":false},"featured_media":25066,"comment_status":"open","ping_status":"closed","template":"","meta":{"om_disable_all_campaigns":false,"_monsterinsights_skip_tracking":false,"_monsterinsights_sitenote_active":false,"_monsterinsights_sitenote_note":"","_monsterinsights_sitenote_category":0},"product_brand":[],"product_cat":[270,373,374],"product_tag":[],"class_list":{"0":"post-29017","1":"product","2":"type-product","3":"status-publish","4":"has-post-thumbnail","6":"product_cat-e-liquides","7":"product_cat-filtre-par-gout","8":"product_cat-fruite-filtre-par-gout","11":"first","12":"instock","13":"featured","14":"shipping-taxable","15":"purchasable","16":"product-type-variable"},"aioseo_notices":[],"jetpack_sharing_enabled":true,"_links":{"self":[{"href":"https:\/\/normandie.ma\/index.php?rest_route=\/wp\/v2\/product\/29017","targetHints":{"allow":["GET"]}}],"collection":[{"href":"https:\/\/normandie.ma\/index.php?rest_route=\/wp\/v2\/product"}],"about":[{"href":"https:\/\/normandie.ma\/index.php?rest_route=\/wp\/v2\/types\/product"}],"replies":[{"embeddable":true,"href":"https:\/\/normandie.ma\/index.php?rest_route=%2Fwp%2Fv2%2Fcomments&post=29017"}],"wp:featuredmedia":[{"embeddable":true,"href":"https:\/\/normandie.ma\/index.php?rest_route=\/wp\/v2\/media\/25066"}],"wp:attachment":[{"href":"https:\/\/normandie.ma\/index.php?rest_route=%2Fwp%2Fv2%2Fmedia&parent=29017"}],"wp:term":[{"taxonomy":"product_brand","embeddable":true,"href":"https:\/\/normandie.ma\/index.php?rest_route=%2Fwp%2Fv2%2Fproduct_brand&post=29017"},{"taxonomy":"product_cat","embeddable":true,"href":"https:\/\/normandie.ma\/index.php?rest_route=%2Fwp%2Fv2%2Fproduct_cat&post=29017"},{"taxonomy":"product_tag","embeddable":true,"href":"https:\/\/normandie.ma\/index.php?rest_route=%2Fwp%2Fv2%2Fproduct_tag&post=29017"}],"curies":[{"name":"wp","href":"https:\/\/api.w.org\/{rel}","templated":true}]}}