{"id":29018,"date":"2023-05-06T18:59:47","date_gmt":"2023-05-06T18:59:47","guid":{"rendered":"https:\/\/normandie.ma\/?product=euphoria-ice-pink-lemonade-30ml-4"},"modified":"2023-06-13T22:50:10","modified_gmt":"2023-06-13T22:50:10","slug":"euphoria-ice-pink-lemonade-30ml-4","status":"publish","type":"product","link":"https:\/\/normandie.ma\/?product=euphoria-ice-pink-lemonade-30ml-4","title":{"rendered":"Euphoria Ice \u2013 Pink Lemonade 30ml"},"content":{"rendered":"<p>Envie d\u2019un jus fruit\u00e9 bien rafra\u00eechissant? Nous vous invitons \u00e0 go\u00fbter le nouveau Pink Lemonade de la marque Euphoria. Sa bouteille renferme une saveur de plus d\u2019une grenade m\u00fbre et d\u2019une pomme succulente qui va assouvir votre soif de jus fruit\u00e9! A tous ceux qui souhaitent retrouver les petits plaisirs d\u2019\u00e9t\u00e9 en toute saison, vous pouvez dor\u00e9navant profiter de bouff\u00e9es de vapeur interminables combinant plaisir et hydratation. Vous devriez absolument l\u2019essayer avec l\u2019une de nos cigarettes \u00e9lectroniques de la marque Good Vapes Casablanca.<\/p>\n<p>Saveurs : Grenade \/ Pomme<\/p>\n","protected":false},"excerpt":{"rendered":"<p>Envie d\u2019un jus fruit\u00e9 bien rafra\u00eechissant? Nous vous invitons \u00e0 go\u00fbter le nouveau Pink Lemonade de la marque Euphoria. Sa bouteille renferme une saveur de plus d\u2019une grenade m\u00fbre et d\u2019une pomme succulente qui va assouvir votre soif de jus fruit\u00e9! A tous ceux qui souhaitent retrouver les petits plaisirs d\u2019\u00e9t\u00e9 en toute saison, vous [&hellip;]<\/p>\n","protected":false},"featured_media":25067,"comment_status":"open","ping_status":"closed","template":"","meta":{"om_disable_all_campaigns":false,"_monsterinsights_skip_tracking":false,"_monsterinsights_sitenote_active":false,"_monsterinsights_sitenote_note":"","_monsterinsights_sitenote_category":0},"product_brand":[],"product_cat":[270,373,374],"product_tag":[],"class_list":{"0":"post-29018","1":"product","2":"type-product","3":"status-publish","4":"has-post-thumbnail","6":"product_cat-e-liquides","7":"product_cat-filtre-par-gout","8":"product_cat-fruite-filtre-par-gout","11":"first","12":"instock","13":"featured","14":"shipping-taxable","15":"purchasable","16":"product-type-variable"},"aioseo_notices":[],"jetpack_sharing_enabled":true,"_links":{"self":[{"href":"https:\/\/normandie.ma\/index.php?rest_route=\/wp\/v2\/product\/29018","targetHints":{"allow":["GET"]}}],"collection":[{"href":"https:\/\/normandie.ma\/index.php?rest_route=\/wp\/v2\/product"}],"about":[{"href":"https:\/\/normandie.ma\/index.php?rest_route=\/wp\/v2\/types\/product"}],"replies":[{"embeddable":true,"href":"https:\/\/normandie.ma\/index.php?rest_route=%2Fwp%2Fv2%2Fcomments&post=29018"}],"wp:featuredmedia":[{"embeddable":true,"href":"https:\/\/normandie.ma\/index.php?rest_route=\/wp\/v2\/media\/25067"}],"wp:attachment":[{"href":"https:\/\/normandie.ma\/index.php?rest_route=%2Fwp%2Fv2%2Fmedia&parent=29018"}],"wp:term":[{"taxonomy":"product_brand","embeddable":true,"href":"https:\/\/normandie.ma\/index.php?rest_route=%2Fwp%2Fv2%2Fproduct_brand&post=29018"},{"taxonomy":"product_cat","embeddable":true,"href":"https:\/\/normandie.ma\/index.php?rest_route=%2Fwp%2Fv2%2Fproduct_cat&post=29018"},{"taxonomy":"product_tag","embeddable":true,"href":"https:\/\/normandie.ma\/index.php?rest_route=%2Fwp%2Fv2%2Fproduct_tag&post=29018"}],"curies":[{"name":"wp","href":"https:\/\/api.w.org\/{rel}","templated":true}]}}