{"id":29024,"date":"2023-05-06T18:59:50","date_gmt":"2023-05-06T18:59:50","guid":{"rendered":"https:\/\/normandie.ma\/?product=bubble-mint-bubblegum-e-liquide-60ml-3"},"modified":"2023-06-13T22:50:09","modified_gmt":"2023-06-13T22:50:09","slug":"bubble-mint-bubblegum-e-liquide-60ml-3","status":"publish","type":"product","link":"https:\/\/normandie.ma\/?product=bubble-mint-bubblegum-e-liquide-60ml-3","title":{"rendered":"Bubble \u2013 Mint Bubblegum \u2013 E-liquide 60ml"},"content":{"rendered":"<p>L\u2019e-liquide Mint Bubblegum de la marque Bubble, un chewing-gum \u00e0 la chlorophylle, id\u00e9al pour toute la journ\u00e9e. Venez buller au frais et \u00e0 l\u2019ombre des nuages riches en gourmandise sucr\u00e9e. Dans cette confiserie doublement parfum\u00e9e, le bubble-gum rencontre la menthe verte et vous offre une nouvelle \u0153uvre \u00e0 croquer en grandes bouff\u00e9es !<\/p>\n<p>Saveurs : Chewing-gum \/ Menthe<\/p>\n","protected":false},"excerpt":{"rendered":"<p>L\u2019e-liquide Mint Bubblegum de la marque Bubble, un chewing-gum \u00e0 la chlorophylle, id\u00e9al pour toute la journ\u00e9e. Venez buller au frais et \u00e0 l\u2019ombre des nuages riches en gourmandise sucr\u00e9e. Dans cette confiserie doublement parfum\u00e9e, le bubble-gum rencontre la menthe verte et vous offre une nouvelle \u0153uvre \u00e0 croquer en grandes bouff\u00e9es ! Saveurs : [&hellip;]<\/p>\n","protected":false},"featured_media":25073,"comment_status":"open","ping_status":"closed","template":"","meta":{"om_disable_all_campaigns":false,"_monsterinsights_skip_tracking":false,"_monsterinsights_sitenote_active":false,"_monsterinsights_sitenote_note":"","_monsterinsights_sitenote_category":0},"product_brand":[],"product_cat":[270,373,374],"product_tag":[],"class_list":{"0":"post-29024","1":"product","2":"type-product","3":"status-publish","4":"has-post-thumbnail","6":"product_cat-e-liquides","7":"product_cat-filtre-par-gout","8":"product_cat-fruite-filtre-par-gout","11":"first","12":"instock","13":"featured","14":"shipping-taxable","15":"purchasable","16":"product-type-variable"},"aioseo_notices":[],"jetpack_sharing_enabled":true,"_links":{"self":[{"href":"https:\/\/normandie.ma\/index.php?rest_route=\/wp\/v2\/product\/29024","targetHints":{"allow":["GET"]}}],"collection":[{"href":"https:\/\/normandie.ma\/index.php?rest_route=\/wp\/v2\/product"}],"about":[{"href":"https:\/\/normandie.ma\/index.php?rest_route=\/wp\/v2\/types\/product"}],"replies":[{"embeddable":true,"href":"https:\/\/normandie.ma\/index.php?rest_route=%2Fwp%2Fv2%2Fcomments&post=29024"}],"wp:featuredmedia":[{"embeddable":true,"href":"https:\/\/normandie.ma\/index.php?rest_route=\/wp\/v2\/media\/25073"}],"wp:attachment":[{"href":"https:\/\/normandie.ma\/index.php?rest_route=%2Fwp%2Fv2%2Fmedia&parent=29024"}],"wp:term":[{"taxonomy":"product_brand","embeddable":true,"href":"https:\/\/normandie.ma\/index.php?rest_route=%2Fwp%2Fv2%2Fproduct_brand&post=29024"},{"taxonomy":"product_cat","embeddable":true,"href":"https:\/\/normandie.ma\/index.php?rest_route=%2Fwp%2Fv2%2Fproduct_cat&post=29024"},{"taxonomy":"product_tag","embeddable":true,"href":"https:\/\/normandie.ma\/index.php?rest_route=%2Fwp%2Fv2%2Fproduct_tag&post=29024"}],"curies":[{"name":"wp","href":"https:\/\/api.w.org\/{rel}","templated":true}]}}