{"id":29029,"date":"2023-05-06T18:59:52","date_gmt":"2023-05-06T18:59:52","guid":{"rendered":"https:\/\/normandie.ma\/?product=good-vapes-dr-ice-fruite-30ml-4"},"modified":"2023-06-13T22:46:37","modified_gmt":"2023-06-13T22:46:37","slug":"good-vapes-dr-ice-fruite-30ml-4","status":"publish","type":"product","link":"https:\/\/normandie.ma\/?product=good-vapes-dr-ice-fruite-30ml-4","title":{"rendered":"Good Vapes \u2013 Dr Ice \u2013 Fruit\u00e9 30ml"},"content":{"rendered":"<p>Sa bouteille de 30 ml renferme une inondation de saveurs \u00e9poustouflantes de r\u00e9glisse, d\u2019anis et de menthol. Un m\u00e9lange ultra frais et d\u00e9licatement sucr\u00e9 qui fera le plein de votre journ\u00e9e! D\u00e9couvrez une rencontre des plus originale et ravivez vos papilles avec une vapeur des plus exaltante remplis de tonus et de fra\u00eecheur. Vous devriez absolument l\u2019essayer avec l\u2019une de nos cigarettes \u00e9lectroniques de la marque Good Vapes Casablanca.<\/p>\n<p>Saveurs : R\u00e9glisse \/ Anis \/ Menthol<\/p>\n","protected":false},"excerpt":{"rendered":"<p>Sa bouteille de 30 ml renferme une inondation de saveurs \u00e9poustouflantes de r\u00e9glisse, d\u2019anis et de menthol. Un m\u00e9lange ultra frais et d\u00e9licatement sucr\u00e9 qui fera le plein de votre journ\u00e9e! D\u00e9couvrez une rencontre des plus originale et ravivez vos papilles avec une vapeur des plus exaltante remplis de tonus et de fra\u00eecheur. Vous devriez [&hellip;]<\/p>\n","protected":false},"featured_media":25078,"comment_status":"open","ping_status":"closed","template":"","meta":{"om_disable_all_campaigns":false,"_monsterinsights_skip_tracking":false,"_monsterinsights_sitenote_active":false,"_monsterinsights_sitenote_note":"","_monsterinsights_sitenote_category":0},"product_brand":[],"product_cat":[270,373,310],"product_tag":[],"class_list":{"0":"post-29029","1":"product","2":"type-product","3":"status-publish","4":"has-post-thumbnail","6":"product_cat-e-liquides","7":"product_cat-filtre-par-gout","8":"product_cat-fruite-menthole","11":"first","12":"instock","13":"featured","14":"shipping-taxable","15":"purchasable","16":"product-type-simple"},"aioseo_notices":[],"jetpack_sharing_enabled":true,"_links":{"self":[{"href":"https:\/\/normandie.ma\/index.php?rest_route=\/wp\/v2\/product\/29029","targetHints":{"allow":["GET"]}}],"collection":[{"href":"https:\/\/normandie.ma\/index.php?rest_route=\/wp\/v2\/product"}],"about":[{"href":"https:\/\/normandie.ma\/index.php?rest_route=\/wp\/v2\/types\/product"}],"replies":[{"embeddable":true,"href":"https:\/\/normandie.ma\/index.php?rest_route=%2Fwp%2Fv2%2Fcomments&post=29029"}],"wp:featuredmedia":[{"embeddable":true,"href":"https:\/\/normandie.ma\/index.php?rest_route=\/wp\/v2\/media\/25078"}],"wp:attachment":[{"href":"https:\/\/normandie.ma\/index.php?rest_route=%2Fwp%2Fv2%2Fmedia&parent=29029"}],"wp:term":[{"taxonomy":"product_brand","embeddable":true,"href":"https:\/\/normandie.ma\/index.php?rest_route=%2Fwp%2Fv2%2Fproduct_brand&post=29029"},{"taxonomy":"product_cat","embeddable":true,"href":"https:\/\/normandie.ma\/index.php?rest_route=%2Fwp%2Fv2%2Fproduct_cat&post=29029"},{"taxonomy":"product_tag","embeddable":true,"href":"https:\/\/normandie.ma\/index.php?rest_route=%2Fwp%2Fv2%2Fproduct_tag&post=29029"}],"curies":[{"name":"wp","href":"https:\/\/api.w.org\/{rel}","templated":true}]}}