{"id":29038,"date":"2023-05-06T18:59:57","date_gmt":"2023-05-06T18:59:57","guid":{"rendered":"https:\/\/normandie.ma\/?product=euphoria-ice-heaven-fruite-30ml-4"},"modified":"2025-09-27T06:50:19","modified_gmt":"2025-09-27T06:50:19","slug":"euphoria-ice-heaven-fruite-30ml-4","status":"publish","type":"product","link":"https:\/\/normandie.ma\/?product=euphoria-ice-heaven-fruite-30ml-4","title":{"rendered":"Euphoria Ice \u2013 Heaven \u2013 Fruit\u00e9 30ml"},"content":{"rendered":"<p>Heaven est le nouveau e-liquide 30ml de la marque Euphoria. Un plaisir sucr\u00e9 ultra frais de framboise rouge irr\u00e9sistiblement d\u00e9licieuse. Cette composition fruit\u00e9e est sublim\u00e9e par une touche de fra\u00eecheur, ce qui rend sa vapeur tellement douce et d\u00e9salt\u00e9rante. Des bouff\u00e9es rafra\u00eechissantes au parfum sucr\u00e9 de fruits des bois tel un bonbon givr\u00e9 pr\u00eat \u00e0 \u00eatre croqu\u00e9.<\/p>\n<p>Saveurs : Framboise<\/p>\n","protected":false},"excerpt":{"rendered":"<p>Heaven est le nouveau e-liquide 30ml de la marque Euphoria. Un plaisir sucr\u00e9 ultra frais de framboise rouge irr\u00e9sistiblement d\u00e9licieuse. Cette composition fruit\u00e9e est sublim\u00e9e par une touche de fra\u00eecheur, ce qui rend sa vapeur tellement douce et d\u00e9salt\u00e9rante. Des bouff\u00e9es rafra\u00eechissantes au parfum sucr\u00e9 de fruits des bois tel un bonbon givr\u00e9 pr\u00eat \u00e0 [&hellip;]<\/p>\n","protected":false},"featured_media":25081,"comment_status":"open","ping_status":"closed","template":"","meta":{"om_disable_all_campaigns":false,"_monsterinsights_skip_tracking":false,"_monsterinsights_sitenote_active":false,"_monsterinsights_sitenote_note":"","_monsterinsights_sitenote_category":0},"product_brand":[],"product_cat":[270,373,310],"product_tag":[],"class_list":{"0":"post-29038","1":"product","2":"type-product","3":"status-publish","4":"has-post-thumbnail","6":"product_cat-e-liquides","7":"product_cat-filtre-par-gout","8":"product_cat-fruite-menthole","11":"first","12":"instock","13":"featured","14":"shipping-taxable","15":"purchasable","16":"product-type-simple"},"aioseo_notices":[],"jetpack_sharing_enabled":true,"_links":{"self":[{"href":"https:\/\/normandie.ma\/index.php?rest_route=\/wp\/v2\/product\/29038","targetHints":{"allow":["GET"]}}],"collection":[{"href":"https:\/\/normandie.ma\/index.php?rest_route=\/wp\/v2\/product"}],"about":[{"href":"https:\/\/normandie.ma\/index.php?rest_route=\/wp\/v2\/types\/product"}],"replies":[{"embeddable":true,"href":"https:\/\/normandie.ma\/index.php?rest_route=%2Fwp%2Fv2%2Fcomments&post=29038"}],"wp:featuredmedia":[{"embeddable":true,"href":"https:\/\/normandie.ma\/index.php?rest_route=\/wp\/v2\/media\/25081"}],"wp:attachment":[{"href":"https:\/\/normandie.ma\/index.php?rest_route=%2Fwp%2Fv2%2Fmedia&parent=29038"}],"wp:term":[{"taxonomy":"product_brand","embeddable":true,"href":"https:\/\/normandie.ma\/index.php?rest_route=%2Fwp%2Fv2%2Fproduct_brand&post=29038"},{"taxonomy":"product_cat","embeddable":true,"href":"https:\/\/normandie.ma\/index.php?rest_route=%2Fwp%2Fv2%2Fproduct_cat&post=29038"},{"taxonomy":"product_tag","embeddable":true,"href":"https:\/\/normandie.ma\/index.php?rest_route=%2Fwp%2Fv2%2Fproduct_tag&post=29038"}],"curies":[{"name":"wp","href":"https:\/\/api.w.org\/{rel}","templated":true}]}}