{"id":29050,"date":"2023-05-06T19:00:03","date_gmt":"2023-05-06T19:00:03","guid":{"rendered":"https:\/\/normandie.ma\/?product=good-vapes-strawberry-cheesecake-e-liquide-30ml-5"},"modified":"2023-06-13T22:45:44","modified_gmt":"2023-06-13T22:45:44","slug":"good-vapes-strawberry-cheesecake-e-liquide-30ml-5","status":"publish","type":"product","link":"https:\/\/normandie.ma\/?product=good-vapes-strawberry-cheesecake-e-liquide-30ml-5","title":{"rendered":"Good Vapes \u2013 Strawberry Cheesecake \u2013 E-liquide 30ml"},"content":{"rendered":"<p>Un parfum cr\u00e9meux au d\u00e9licieux go\u00fbt de cheesecake au coulis de fraises. Un condens\u00e9 de saveur gourmande et fruit\u00e9e pour une vapeur extr\u00eamement fondante et irr\u00e9sistiblement sucr\u00e9e! Vous devriez absolument l\u2019essayer avec l\u2019une de nos cigarettes \u00e9lectroniques de la marque Good Vapes Casablanca.<\/p>\n<p>Saveurs : Cheesecake \/ Fraises<\/p>\n","protected":false},"excerpt":{"rendered":"<p>Un parfum cr\u00e9meux au d\u00e9licieux go\u00fbt de cheesecake au coulis de fraises. Un condens\u00e9 de saveur gourmande et fruit\u00e9e pour une vapeur extr\u00eamement fondante et irr\u00e9sistiblement sucr\u00e9e! Vous devriez absolument l\u2019essayer avec l\u2019une de nos cigarettes \u00e9lectroniques de la marque Good Vapes Casablanca. Saveurs : Cheesecake \/ Fraises<\/p>\n","protected":false},"featured_media":25085,"comment_status":"open","ping_status":"closed","template":"","meta":{"om_disable_all_campaigns":false,"_monsterinsights_skip_tracking":false,"_monsterinsights_sitenote_active":false,"_monsterinsights_sitenote_note":"","_monsterinsights_sitenote_category":0},"product_brand":[],"product_cat":[270,373,311],"product_tag":[],"class_list":{"0":"post-29050","1":"product","2":"type-product","3":"status-publish","4":"has-post-thumbnail","6":"product_cat-e-liquides","7":"product_cat-filtre-par-gout","8":"product_cat-gourmand","11":"first","12":"instock","13":"featured","14":"shipping-taxable","15":"purchasable","16":"product-type-variable"},"aioseo_notices":[],"jetpack_sharing_enabled":true,"_links":{"self":[{"href":"https:\/\/normandie.ma\/index.php?rest_route=\/wp\/v2\/product\/29050","targetHints":{"allow":["GET"]}}],"collection":[{"href":"https:\/\/normandie.ma\/index.php?rest_route=\/wp\/v2\/product"}],"about":[{"href":"https:\/\/normandie.ma\/index.php?rest_route=\/wp\/v2\/types\/product"}],"replies":[{"embeddable":true,"href":"https:\/\/normandie.ma\/index.php?rest_route=%2Fwp%2Fv2%2Fcomments&post=29050"}],"wp:featuredmedia":[{"embeddable":true,"href":"https:\/\/normandie.ma\/index.php?rest_route=\/wp\/v2\/media\/25085"}],"wp:attachment":[{"href":"https:\/\/normandie.ma\/index.php?rest_route=%2Fwp%2Fv2%2Fmedia&parent=29050"}],"wp:term":[{"taxonomy":"product_brand","embeddable":true,"href":"https:\/\/normandie.ma\/index.php?rest_route=%2Fwp%2Fv2%2Fproduct_brand&post=29050"},{"taxonomy":"product_cat","embeddable":true,"href":"https:\/\/normandie.ma\/index.php?rest_route=%2Fwp%2Fv2%2Fproduct_cat&post=29050"},{"taxonomy":"product_tag","embeddable":true,"href":"https:\/\/normandie.ma\/index.php?rest_route=%2Fwp%2Fv2%2Fproduct_tag&post=29050"}],"curies":[{"name":"wp","href":"https:\/\/api.w.org\/{rel}","templated":true}]}}