{"id":29052,"date":"2023-05-06T19:00:04","date_gmt":"2023-05-06T19:00:04","guid":{"rendered":"https:\/\/normandie.ma\/?product=mega-coffee-donuts-e-liquide-30ml-4"},"modified":"2023-09-15T15:53:17","modified_gmt":"2023-09-15T15:53:17","slug":"mega-coffee-donuts-e-liquide-30ml-4","status":"publish","type":"product","link":"https:\/\/normandie.ma\/?product=mega-coffee-donuts-e-liquide-30ml-4","title":{"rendered":"Mega \u2013 Coffee Donuts \u2013 E-liquide 30ml"},"content":{"rendered":"<p>La marque Mega vous propose son e-liquide Coffee &amp; Donuts dans un nouveau format de 30ml. Une recette purement am\u00e9ricaine de votre petit encas pr\u00e9f\u00e9r\u00e9 qui m\u00e9lange des Donuts succulents avec un go\u00fbt de caf\u00e9. Une fusion tr\u00e8s sp\u00e9ciale en go\u00fbt qui vous g\u00e9n\u00e9rera beaucoup de plaisir! Le Coffee &amp; Donuts saura s\u00fbrement vous conqu\u00e9rir par son originalit\u00e9 et son effet nostalgique pour combler votre moindre envie de gourmandise. Vous devez absolument l\u2019essayer avec l\u2019une de nos cigarettes \u00e9lectroniques de la marque Good Vapes Casablanca.<\/p>\n<p>Saveurs : Caf\u00e9 \/ Donuts<\/p>\n","protected":false},"excerpt":{"rendered":"<p>La marque Mega vous propose son e-liquide Coffee &amp; Donuts dans un nouveau format de 30ml. Une recette purement am\u00e9ricaine de votre petit encas pr\u00e9f\u00e9r\u00e9 qui m\u00e9lange des Donuts succulents avec un go\u00fbt de caf\u00e9. Une fusion tr\u00e8s sp\u00e9ciale en go\u00fbt qui vous g\u00e9n\u00e9rera beaucoup de plaisir! Le Coffee &amp; Donuts saura s\u00fbrement vous conqu\u00e9rir [&hellip;]<\/p>\n","protected":false},"featured_media":25087,"comment_status":"open","ping_status":"closed","template":"","meta":{"om_disable_all_campaigns":false,"_monsterinsights_skip_tracking":false,"_monsterinsights_sitenote_active":false,"_monsterinsights_sitenote_note":"","_monsterinsights_sitenote_category":0},"product_brand":[],"product_cat":[270,373,311],"product_tag":[],"class_list":{"0":"post-29052","1":"product","2":"type-product","3":"status-publish","4":"has-post-thumbnail","6":"product_cat-e-liquides","7":"product_cat-filtre-par-gout","8":"product_cat-gourmand","11":"first","12":"instock","13":"featured","14":"shipping-taxable","15":"purchasable","16":"product-type-variable"},"aioseo_notices":[],"jetpack_sharing_enabled":true,"_links":{"self":[{"href":"https:\/\/normandie.ma\/index.php?rest_route=\/wp\/v2\/product\/29052","targetHints":{"allow":["GET"]}}],"collection":[{"href":"https:\/\/normandie.ma\/index.php?rest_route=\/wp\/v2\/product"}],"about":[{"href":"https:\/\/normandie.ma\/index.php?rest_route=\/wp\/v2\/types\/product"}],"replies":[{"embeddable":true,"href":"https:\/\/normandie.ma\/index.php?rest_route=%2Fwp%2Fv2%2Fcomments&post=29052"}],"wp:featuredmedia":[{"embeddable":true,"href":"https:\/\/normandie.ma\/index.php?rest_route=\/wp\/v2\/media\/25087"}],"wp:attachment":[{"href":"https:\/\/normandie.ma\/index.php?rest_route=%2Fwp%2Fv2%2Fmedia&parent=29052"}],"wp:term":[{"taxonomy":"product_brand","embeddable":true,"href":"https:\/\/normandie.ma\/index.php?rest_route=%2Fwp%2Fv2%2Fproduct_brand&post=29052"},{"taxonomy":"product_cat","embeddable":true,"href":"https:\/\/normandie.ma\/index.php?rest_route=%2Fwp%2Fv2%2Fproduct_cat&post=29052"},{"taxonomy":"product_tag","embeddable":true,"href":"https:\/\/normandie.ma\/index.php?rest_route=%2Fwp%2Fv2%2Fproduct_tag&post=29052"}],"curies":[{"name":"wp","href":"https:\/\/api.w.org\/{rel}","templated":true}]}}