{"id":29053,"date":"2023-05-06T19:00:04","date_gmt":"2023-05-06T19:00:04","guid":{"rendered":"https:\/\/normandie.ma\/?product=verdict-lemon-tart-e-liquide-30ml-2"},"modified":"2023-06-13T22:45:43","modified_gmt":"2023-06-13T22:45:43","slug":"verdict-lemon-tart-e-liquide-30ml-2","status":"publish","type":"product","link":"https:\/\/normandie.ma\/?product=verdict-lemon-tart-e-liquide-30ml-2","title":{"rendered":"Verdict \u2013 Lemon Tart \u2013 E-liquide 30ml"},"content":{"rendered":"<p>Retrouvez votre e-liquide pr\u00e9f\u00e9r\u00e9 Lemon Tart qui revient dans son nouveau format de 30ml. Une magnifique tarte meringu\u00e9e mix\u00e9e avec des notes de citron succulent qui \u00e9patera vos papilles gustatives. Une p\u00e2tisserie l\u00e9g\u00e8re et cr\u00e9meuse, captur\u00e9e dans un flacon de poche afin de la savourer \u00e0 longueur de journ\u00e9e. Vous devez absolument l\u2019essayer avec l\u2019une de nos cigarettes \u00e9lectroniques de la marque Good Vapes Casablanca.<\/p>\n<p>Saveurs : Tarte Meringu\u00e9e \/ Citron<\/p>\n","protected":false},"excerpt":{"rendered":"<p>Retrouvez votre e-liquide pr\u00e9f\u00e9r\u00e9 Lemon Tart qui revient dans son nouveau format de 30ml. Une magnifique tarte meringu\u00e9e mix\u00e9e avec des notes de citron succulent qui \u00e9patera vos papilles gustatives. Une p\u00e2tisserie l\u00e9g\u00e8re et cr\u00e9meuse, captur\u00e9e dans un flacon de poche afin de la savourer \u00e0 longueur de journ\u00e9e. Vous devez absolument l\u2019essayer avec l\u2019une [&hellip;]<\/p>\n","protected":false},"featured_media":25088,"comment_status":"open","ping_status":"closed","template":"","meta":{"om_disable_all_campaigns":false,"_monsterinsights_skip_tracking":false,"_monsterinsights_sitenote_active":false,"_monsterinsights_sitenote_note":"","_monsterinsights_sitenote_category":0},"product_brand":[],"product_cat":[270,373,311],"product_tag":[],"class_list":{"0":"post-29053","1":"product","2":"type-product","3":"status-publish","4":"has-post-thumbnail","6":"product_cat-e-liquides","7":"product_cat-filtre-par-gout","8":"product_cat-gourmand","11":"first","12":"instock","13":"featured","14":"shipping-taxable","15":"purchasable","16":"product-type-variable"},"aioseo_notices":[],"jetpack_sharing_enabled":true,"_links":{"self":[{"href":"https:\/\/normandie.ma\/index.php?rest_route=\/wp\/v2\/product\/29053","targetHints":{"allow":["GET"]}}],"collection":[{"href":"https:\/\/normandie.ma\/index.php?rest_route=\/wp\/v2\/product"}],"about":[{"href":"https:\/\/normandie.ma\/index.php?rest_route=\/wp\/v2\/types\/product"}],"replies":[{"embeddable":true,"href":"https:\/\/normandie.ma\/index.php?rest_route=%2Fwp%2Fv2%2Fcomments&post=29053"}],"wp:featuredmedia":[{"embeddable":true,"href":"https:\/\/normandie.ma\/index.php?rest_route=\/wp\/v2\/media\/25088"}],"wp:attachment":[{"href":"https:\/\/normandie.ma\/index.php?rest_route=%2Fwp%2Fv2%2Fmedia&parent=29053"}],"wp:term":[{"taxonomy":"product_brand","embeddable":true,"href":"https:\/\/normandie.ma\/index.php?rest_route=%2Fwp%2Fv2%2Fproduct_brand&post=29053"},{"taxonomy":"product_cat","embeddable":true,"href":"https:\/\/normandie.ma\/index.php?rest_route=%2Fwp%2Fv2%2Fproduct_cat&post=29053"},{"taxonomy":"product_tag","embeddable":true,"href":"https:\/\/normandie.ma\/index.php?rest_route=%2Fwp%2Fv2%2Fproduct_tag&post=29053"}],"curies":[{"name":"wp","href":"https:\/\/api.w.org\/{rel}","templated":true}]}}