{"id":29055,"date":"2023-05-06T19:00:05","date_gmt":"2023-05-06T19:00:05","guid":{"rendered":"https:\/\/normandie.ma\/?product=the-drip-factory-milkshake-e-liquide-60ml-3"},"modified":"2023-06-13T22:45:43","modified_gmt":"2023-06-13T22:45:43","slug":"the-drip-factory-milkshake-e-liquide-60ml-3","status":"publish","type":"product","link":"https:\/\/normandie.ma\/?product=the-drip-factory-milkshake-e-liquide-60ml-3","title":{"rendered":"The Drip Factory \u2013 Milkshake \u2013 E-liquide 60ml"},"content":{"rendered":"<p>La marque The Drip Factory vous propose sa nouvelle recette Milkshake qui vous r\u00e9serve derri\u00e8re un nuage de vapeur des plus surprenant, une d\u00e9gustation aussi douce que cr\u00e9meuse qui ravira vos papilles! Une fusion exceptionnelle d\u2019un milkshake gourmand plein de douceur \u00e0 des tranches de fraises m\u00fbres tendrement sucr\u00e9es. Un petit plaisir \u00e0 la fois apaisant et d\u00e9licatement sucr\u00e9 pr\u00eat \u00e0 vaper sans en d\u00e9lasser ! Vous devez absolument l\u2019essayer avec l\u2019une de nos cigarettes \u00e9lectroniques de la marque Good Vapes Casablanca.<\/p>\n<p>Saveurs : Milkshake \/ Fraises<\/p>\n","protected":false},"excerpt":{"rendered":"<p>La marque The Drip Factory vous propose sa nouvelle recette Milkshake qui vous r\u00e9serve derri\u00e8re un nuage de vapeur des plus surprenant, une d\u00e9gustation aussi douce que cr\u00e9meuse qui ravira vos papilles! Une fusion exceptionnelle d\u2019un milkshake gourmand plein de douceur \u00e0 des tranches de fraises m\u00fbres tendrement sucr\u00e9es. Un petit plaisir \u00e0 la fois [&hellip;]<\/p>\n","protected":false},"featured_media":25090,"comment_status":"open","ping_status":"closed","template":"","meta":{"om_disable_all_campaigns":false,"_monsterinsights_skip_tracking":false,"_monsterinsights_sitenote_active":false,"_monsterinsights_sitenote_note":"","_monsterinsights_sitenote_category":0},"product_brand":[],"product_cat":[270,373,311],"product_tag":[],"class_list":{"0":"post-29055","1":"product","2":"type-product","3":"status-publish","4":"has-post-thumbnail","6":"product_cat-e-liquides","7":"product_cat-filtre-par-gout","8":"product_cat-gourmand","11":"first","12":"instock","13":"featured","14":"shipping-taxable","15":"purchasable","16":"product-type-variable"},"aioseo_notices":[],"jetpack_sharing_enabled":true,"_links":{"self":[{"href":"https:\/\/normandie.ma\/index.php?rest_route=\/wp\/v2\/product\/29055","targetHints":{"allow":["GET"]}}],"collection":[{"href":"https:\/\/normandie.ma\/index.php?rest_route=\/wp\/v2\/product"}],"about":[{"href":"https:\/\/normandie.ma\/index.php?rest_route=\/wp\/v2\/types\/product"}],"replies":[{"embeddable":true,"href":"https:\/\/normandie.ma\/index.php?rest_route=%2Fwp%2Fv2%2Fcomments&post=29055"}],"wp:featuredmedia":[{"embeddable":true,"href":"https:\/\/normandie.ma\/index.php?rest_route=\/wp\/v2\/media\/25090"}],"wp:attachment":[{"href":"https:\/\/normandie.ma\/index.php?rest_route=%2Fwp%2Fv2%2Fmedia&parent=29055"}],"wp:term":[{"taxonomy":"product_brand","embeddable":true,"href":"https:\/\/normandie.ma\/index.php?rest_route=%2Fwp%2Fv2%2Fproduct_brand&post=29055"},{"taxonomy":"product_cat","embeddable":true,"href":"https:\/\/normandie.ma\/index.php?rest_route=%2Fwp%2Fv2%2Fproduct_cat&post=29055"},{"taxonomy":"product_tag","embeddable":true,"href":"https:\/\/normandie.ma\/index.php?rest_route=%2Fwp%2Fv2%2Fproduct_tag&post=29055"}],"curies":[{"name":"wp","href":"https:\/\/api.w.org\/{rel}","templated":true}]}}