{"id":29058,"date":"2023-05-06T19:00:07","date_gmt":"2023-05-06T19:00:07","guid":{"rendered":"https:\/\/normandie.ma\/?product=beard-the-one-strawberry-e-liquide-100ml-4"},"modified":"2023-06-13T22:45:42","modified_gmt":"2023-06-13T22:45:42","slug":"beard-the-one-strawberry-e-liquide-100ml-4","status":"publish","type":"product","link":"https:\/\/normandie.ma\/?product=beard-the-one-strawberry-e-liquide-100ml-4","title":{"rendered":"Beard \u2013 The One Strawberry \u2013 E-liquide 100ml"},"content":{"rendered":"<p>Un liquide onctueux avec un d\u00e9licieux go\u00fbt de beignet \u00e0 la fraise, suivi de c\u00e9r\u00e9ales l\u00e9g\u00e8rement sucr\u00e9es et de lait cr\u00e9meux. Vous serez \u00e9merveill\u00e9 apr\u00e8s chaque bouff\u00e9e de cette saveur de e-liquide de vape premium, ce sera la seule saveur de dessert dont vous aurez jamais besoin. Vous devriez certainement l\u2019essayer avec l\u2019une de nos cigarettes \u00e9lectroniques de marque Good Vapes Casablanca.<\/p>\n<p>Saveurs : Cr\u00e8me \u00e0 la fraise \/ C\u00e9r\u00e9ales \/ lait<\/p>\n","protected":false},"excerpt":{"rendered":"<p>Un liquide onctueux avec un d\u00e9licieux go\u00fbt de beignet \u00e0 la fraise, suivi de c\u00e9r\u00e9ales l\u00e9g\u00e8rement sucr\u00e9es et de lait cr\u00e9meux. Vous serez \u00e9merveill\u00e9 apr\u00e8s chaque bouff\u00e9e de cette saveur de e-liquide de vape premium, ce sera la seule saveur de dessert dont vous aurez jamais besoin. Vous devriez certainement l\u2019essayer avec l\u2019une de nos [&hellip;]<\/p>\n","protected":false},"featured_media":25093,"comment_status":"open","ping_status":"closed","template":"","meta":{"om_disable_all_campaigns":false,"_monsterinsights_skip_tracking":false,"_monsterinsights_sitenote_active":false,"_monsterinsights_sitenote_note":"","_monsterinsights_sitenote_category":0},"product_brand":[],"product_cat":[270,373,311],"product_tag":[],"class_list":{"0":"post-29058","1":"product","2":"type-product","3":"status-publish","4":"has-post-thumbnail","6":"product_cat-e-liquides","7":"product_cat-filtre-par-gout","8":"product_cat-gourmand","11":"first","12":"instock","13":"featured","14":"shipping-taxable","15":"purchasable","16":"product-type-variable"},"aioseo_notices":[],"jetpack_sharing_enabled":true,"_links":{"self":[{"href":"https:\/\/normandie.ma\/index.php?rest_route=\/wp\/v2\/product\/29058","targetHints":{"allow":["GET"]}}],"collection":[{"href":"https:\/\/normandie.ma\/index.php?rest_route=\/wp\/v2\/product"}],"about":[{"href":"https:\/\/normandie.ma\/index.php?rest_route=\/wp\/v2\/types\/product"}],"replies":[{"embeddable":true,"href":"https:\/\/normandie.ma\/index.php?rest_route=%2Fwp%2Fv2%2Fcomments&post=29058"}],"wp:featuredmedia":[{"embeddable":true,"href":"https:\/\/normandie.ma\/index.php?rest_route=\/wp\/v2\/media\/25093"}],"wp:attachment":[{"href":"https:\/\/normandie.ma\/index.php?rest_route=%2Fwp%2Fv2%2Fmedia&parent=29058"}],"wp:term":[{"taxonomy":"product_brand","embeddable":true,"href":"https:\/\/normandie.ma\/index.php?rest_route=%2Fwp%2Fv2%2Fproduct_brand&post=29058"},{"taxonomy":"product_cat","embeddable":true,"href":"https:\/\/normandie.ma\/index.php?rest_route=%2Fwp%2Fv2%2Fproduct_cat&post=29058"},{"taxonomy":"product_tag","embeddable":true,"href":"https:\/\/normandie.ma\/index.php?rest_route=%2Fwp%2Fv2%2Fproduct_tag&post=29058"}],"curies":[{"name":"wp","href":"https:\/\/api.w.org\/{rel}","templated":true}]}}