{"id":29061,"date":"2023-05-06T19:00:08","date_gmt":"2023-05-06T19:00:08","guid":{"rendered":"https:\/\/normandie.ma\/?product=mints-peppermint-e-liquide-30ml-4"},"modified":"2023-06-13T22:45:42","modified_gmt":"2023-06-13T22:45:42","slug":"mints-peppermint-e-liquide-30ml-4","status":"publish","type":"product","link":"https:\/\/normandie.ma\/?product=mints-peppermint-e-liquide-30ml-4","title":{"rendered":"Mints \u2013 Peppermint \u2013 E-liquide 30ml"},"content":{"rendered":"<p>L\u2019 e-liquide Peppermint 30ml de la marque Mints, l\u2019impression de sucer une vraie menthe n\u2019aura jamais \u00e9t\u00e9 aussi proche qu\u2019avec la Pastille de Menthe. Un \u00e9quilibre impressionnant pour un e-liquide sublime \u00e0 d\u00e9guster avec l\u2019une de nos cigarettes \u00e9lectroniques de la marque Good Vapes Casablanca.<\/p>\n<p>Saveurs : Pastille Menthol\u00e9e<\/p>\n","protected":false},"excerpt":{"rendered":"<p>L\u2019 e-liquide Peppermint 30ml de la marque Mints, l\u2019impression de sucer une vraie menthe n\u2019aura jamais \u00e9t\u00e9 aussi proche qu\u2019avec la Pastille de Menthe. Un \u00e9quilibre impressionnant pour un e-liquide sublime \u00e0 d\u00e9guster avec l\u2019une de nos cigarettes \u00e9lectroniques de la marque Good Vapes Casablanca. Saveurs : Pastille Menthol\u00e9e<\/p>\n","protected":false},"featured_media":25096,"comment_status":"open","ping_status":"closed","template":"","meta":{"om_disable_all_campaigns":false,"_monsterinsights_skip_tracking":false,"_monsterinsights_sitenote_active":false,"_monsterinsights_sitenote_note":"","_monsterinsights_sitenote_category":0},"product_brand":[],"product_cat":[270,373,312],"product_tag":[],"class_list":{"0":"post-29061","1":"product","2":"type-product","3":"status-publish","4":"has-post-thumbnail","6":"product_cat-e-liquides","7":"product_cat-filtre-par-gout","8":"product_cat-menthole","11":"first","12":"instock","13":"featured","14":"shipping-taxable","15":"purchasable","16":"product-type-variable"},"aioseo_notices":[],"jetpack_sharing_enabled":true,"_links":{"self":[{"href":"https:\/\/normandie.ma\/index.php?rest_route=\/wp\/v2\/product\/29061","targetHints":{"allow":["GET"]}}],"collection":[{"href":"https:\/\/normandie.ma\/index.php?rest_route=\/wp\/v2\/product"}],"about":[{"href":"https:\/\/normandie.ma\/index.php?rest_route=\/wp\/v2\/types\/product"}],"replies":[{"embeddable":true,"href":"https:\/\/normandie.ma\/index.php?rest_route=%2Fwp%2Fv2%2Fcomments&post=29061"}],"wp:featuredmedia":[{"embeddable":true,"href":"https:\/\/normandie.ma\/index.php?rest_route=\/wp\/v2\/media\/25096"}],"wp:attachment":[{"href":"https:\/\/normandie.ma\/index.php?rest_route=%2Fwp%2Fv2%2Fmedia&parent=29061"}],"wp:term":[{"taxonomy":"product_brand","embeddable":true,"href":"https:\/\/normandie.ma\/index.php?rest_route=%2Fwp%2Fv2%2Fproduct_brand&post=29061"},{"taxonomy":"product_cat","embeddable":true,"href":"https:\/\/normandie.ma\/index.php?rest_route=%2Fwp%2Fv2%2Fproduct_cat&post=29061"},{"taxonomy":"product_tag","embeddable":true,"href":"https:\/\/normandie.ma\/index.php?rest_route=%2Fwp%2Fv2%2Fproduct_tag&post=29061"}],"curies":[{"name":"wp","href":"https:\/\/api.w.org\/{rel}","templated":true}]}}