{"id":29068,"date":"2023-05-06T19:00:13","date_gmt":"2023-05-06T19:00:13","guid":{"rendered":"https:\/\/normandie.ma\/?product=aurora-salts-fruit-rouge-raisin-cassis-30ml"},"modified":"2023-05-10T17:45:37","modified_gmt":"2023-05-10T17:45:37","slug":"aurora-salts-fruit-rouge-raisin-cassis-30ml","status":"publish","type":"product","link":"https:\/\/normandie.ma\/?product=aurora-salts-fruit-rouge-raisin-cassis-30ml","title":{"rendered":"Aurora Salts \u2013 Fruit rouge Raisin Cassis- 30ml"},"content":{"rendered":"<p>Cet e-liquide Salt de la marque Aurora Salts est le m\u00e9lange id\u00e9al avec une recette d\u00e9bordante de saveurs, pleine de vitamines \u00e0 base de raisin, de cassis et de fruits rouges.<\/p>\n","protected":false},"excerpt":{"rendered":"<p>Cet e-liquide Salt de la marque Aurora Salts est le m\u00e9lange id\u00e9al avec une recette d\u00e9bordante de saveurs, pleine de vitamines \u00e0 base de raisin, de cassis et de fruits rouges.<\/p>\n","protected":false},"featured_media":25103,"comment_status":"open","ping_status":"closed","template":"","meta":{"om_disable_all_campaigns":false,"_monsterinsights_skip_tracking":false,"_monsterinsights_sitenote_active":false,"_monsterinsights_sitenote_note":"","_monsterinsights_sitenote_category":0},"product_brand":[],"product_cat":[314,224,208],"product_tag":[],"class_list":{"0":"post-29068","1":"product","2":"type-product","3":"status-publish","4":"has-post-thumbnail","6":"product_cat-aurora-salts","7":"product_cat-mrq-salt","8":"product_cat-salt","11":"first","12":"instock","13":"featured","14":"shipping-taxable","15":"purchasable","16":"product-type-variable"},"aioseo_notices":[],"jetpack_sharing_enabled":true,"_links":{"self":[{"href":"https:\/\/normandie.ma\/index.php?rest_route=\/wp\/v2\/product\/29068","targetHints":{"allow":["GET"]}}],"collection":[{"href":"https:\/\/normandie.ma\/index.php?rest_route=\/wp\/v2\/product"}],"about":[{"href":"https:\/\/normandie.ma\/index.php?rest_route=\/wp\/v2\/types\/product"}],"replies":[{"embeddable":true,"href":"https:\/\/normandie.ma\/index.php?rest_route=%2Fwp%2Fv2%2Fcomments&post=29068"}],"wp:featuredmedia":[{"embeddable":true,"href":"https:\/\/normandie.ma\/index.php?rest_route=\/wp\/v2\/media\/25103"}],"wp:attachment":[{"href":"https:\/\/normandie.ma\/index.php?rest_route=%2Fwp%2Fv2%2Fmedia&parent=29068"}],"wp:term":[{"taxonomy":"product_brand","embeddable":true,"href":"https:\/\/normandie.ma\/index.php?rest_route=%2Fwp%2Fv2%2Fproduct_brand&post=29068"},{"taxonomy":"product_cat","embeddable":true,"href":"https:\/\/normandie.ma\/index.php?rest_route=%2Fwp%2Fv2%2Fproduct_cat&post=29068"},{"taxonomy":"product_tag","embeddable":true,"href":"https:\/\/normandie.ma\/index.php?rest_route=%2Fwp%2Fv2%2Fproduct_tag&post=29068"}],"curies":[{"name":"wp","href":"https:\/\/api.w.org\/{rel}","templated":true}]}}