{"id":29090,"date":"2023-05-06T19:00:22","date_gmt":"2023-05-06T19:00:22","guid":{"rendered":"https:\/\/normandie.ma\/?product=creamy-salts-vanilla-brown-sugar-custard-30ml"},"modified":"2023-12-18T14:55:24","modified_gmt":"2023-12-18T14:55:24","slug":"creamy-salts-vanilla-brown-sugar-custard-30ml","status":"publish","type":"product","link":"https:\/\/normandie.ma\/?product=creamy-salts-vanilla-brown-sugar-custard-30ml","title":{"rendered":"Creamy Salts \u2013 Vanilla Brown Sugar Custard- 30ml"},"content":{"rendered":"<p>Le Vanilla Brown Sugar Custard de la marque Creamy Salts est une d\u00e9licieuse recette de cr\u00e8me anglaise chaude et cr\u00e9meuse et de vanille compens\u00e9e par du sucre brun fonc\u00e9 et sucr\u00e9, rafra\u00eechissant pour une vape lact\u00e9e et fruit\u00e9e. Un condens\u00e9 de saveur fruit\u00e9e pour une exp\u00e9rience extr\u00eamement douce et irr\u00e9sistiblement sucr\u00e9e. Vous devez l\u2019essayer avec l\u2019une de nos cigarettes \u00e9lectroniques Good Vapes Casablanca.<\/p>\n","protected":false},"excerpt":{"rendered":"<p>Le Vanilla Brown Sugar Custard de la marque Creamy Salts est une d\u00e9licieuse recette de cr\u00e8me anglaise chaude et cr\u00e9meuse et de vanille compens\u00e9e par du sucre brun fonc\u00e9 et sucr\u00e9, rafra\u00eechissant pour une vape lact\u00e9e et fruit\u00e9e. Un condens\u00e9 de saveur fruit\u00e9e pour une exp\u00e9rience extr\u00eamement douce et irr\u00e9sistiblement sucr\u00e9e. Vous devez l\u2019essayer avec [&hellip;]<\/p>\n","protected":false},"featured_media":25121,"comment_status":"open","ping_status":"closed","template":"","meta":{"om_disable_all_campaigns":false,"_monsterinsights_skip_tracking":false,"_monsterinsights_sitenote_active":false,"_monsterinsights_sitenote_note":"","_monsterinsights_sitenote_category":0},"product_brand":[],"product_cat":[317,224,208],"product_tag":[],"class_list":{"0":"post-29090","1":"product","2":"type-product","3":"status-publish","4":"has-post-thumbnail","6":"product_cat-creamysalts","7":"product_cat-mrq-salt","8":"product_cat-salt","11":"first","12":"instock","13":"featured","14":"shipping-taxable","15":"purchasable","16":"product-type-variable"},"aioseo_notices":[],"jetpack_sharing_enabled":true,"_links":{"self":[{"href":"https:\/\/normandie.ma\/index.php?rest_route=\/wp\/v2\/product\/29090","targetHints":{"allow":["GET"]}}],"collection":[{"href":"https:\/\/normandie.ma\/index.php?rest_route=\/wp\/v2\/product"}],"about":[{"href":"https:\/\/normandie.ma\/index.php?rest_route=\/wp\/v2\/types\/product"}],"replies":[{"embeddable":true,"href":"https:\/\/normandie.ma\/index.php?rest_route=%2Fwp%2Fv2%2Fcomments&post=29090"}],"wp:featuredmedia":[{"embeddable":true,"href":"https:\/\/normandie.ma\/index.php?rest_route=\/wp\/v2\/media\/25121"}],"wp:attachment":[{"href":"https:\/\/normandie.ma\/index.php?rest_route=%2Fwp%2Fv2%2Fmedia&parent=29090"}],"wp:term":[{"taxonomy":"product_brand","embeddable":true,"href":"https:\/\/normandie.ma\/index.php?rest_route=%2Fwp%2Fv2%2Fproduct_brand&post=29090"},{"taxonomy":"product_cat","embeddable":true,"href":"https:\/\/normandie.ma\/index.php?rest_route=%2Fwp%2Fv2%2Fproduct_cat&post=29090"},{"taxonomy":"product_tag","embeddable":true,"href":"https:\/\/normandie.ma\/index.php?rest_route=%2Fwp%2Fv2%2Fproduct_tag&post=29090"}],"curies":[{"name":"wp","href":"https:\/\/api.w.org\/{rel}","templated":true}]}}