{"id":29091,"date":"2023-05-06T19:00:23","date_gmt":"2023-05-06T19:00:23","guid":{"rendered":"https:\/\/normandie.ma\/?product=el-tobacco-salts-mocha-tobacco-30ml"},"modified":"2023-05-06T19:00:23","modified_gmt":"2023-05-06T19:00:23","slug":"el-tobacco-salts-mocha-tobacco-30ml","status":"publish","type":"product","link":"https:\/\/normandie.ma\/?product=el-tobacco-salts-mocha-tobacco-30ml","title":{"rendered":"El Tobacco Salts \u2013 Mocha Tobacco- 30ml"},"content":{"rendered":"<p>Notre e-Liquide Salt Mocha Tobacco 30ml de la marque El Tobacco Salts, est un tabac de dessert inspir\u00e9 par le parfum aromatique d\u2019un caf\u00e9 fort fait maison avec une g\u00e9n\u00e9reuse touche de cr\u00e8me et un tabac doux et onctueux. C\u2019est le nirvana pour les amateurs de chocolat, de caf\u00e9 et de tabac.<\/p>\n","protected":false},"excerpt":{"rendered":"<p>Notre e-Liquide Salt Mocha Tobacco 30ml de la marque El Tobacco Salts, est un tabac de dessert inspir\u00e9 par le parfum aromatique d\u2019un caf\u00e9 fort fait maison avec une g\u00e9n\u00e9reuse touche de cr\u00e8me et un tabac doux et onctueux. C\u2019est le nirvana pour les amateurs de chocolat, de caf\u00e9 et de tabac.<\/p>\n","protected":false},"featured_media":25122,"comment_status":"open","ping_status":"closed","template":"","meta":{"om_disable_all_campaigns":false,"_monsterinsights_skip_tracking":false,"_monsterinsights_sitenote_active":false,"_monsterinsights_sitenote_note":"","_monsterinsights_sitenote_category":0},"product_brand":[],"product_cat":[318,224,208],"product_tag":[],"class_list":{"0":"post-29091","1":"product","2":"type-product","3":"status-publish","4":"has-post-thumbnail","6":"product_cat-el-tobacco-salts","7":"product_cat-mrq-salt","8":"product_cat-salt","11":"first","12":"instock","13":"featured","14":"shipping-taxable","15":"purchasable","16":"product-type-simple"},"aioseo_notices":[],"jetpack_sharing_enabled":true,"_links":{"self":[{"href":"https:\/\/normandie.ma\/index.php?rest_route=\/wp\/v2\/product\/29091","targetHints":{"allow":["GET"]}}],"collection":[{"href":"https:\/\/normandie.ma\/index.php?rest_route=\/wp\/v2\/product"}],"about":[{"href":"https:\/\/normandie.ma\/index.php?rest_route=\/wp\/v2\/types\/product"}],"replies":[{"embeddable":true,"href":"https:\/\/normandie.ma\/index.php?rest_route=%2Fwp%2Fv2%2Fcomments&post=29091"}],"wp:featuredmedia":[{"embeddable":true,"href":"https:\/\/normandie.ma\/index.php?rest_route=\/wp\/v2\/media\/25122"}],"wp:attachment":[{"href":"https:\/\/normandie.ma\/index.php?rest_route=%2Fwp%2Fv2%2Fmedia&parent=29091"}],"wp:term":[{"taxonomy":"product_brand","embeddable":true,"href":"https:\/\/normandie.ma\/index.php?rest_route=%2Fwp%2Fv2%2Fproduct_brand&post=29091"},{"taxonomy":"product_cat","embeddable":true,"href":"https:\/\/normandie.ma\/index.php?rest_route=%2Fwp%2Fv2%2Fproduct_cat&post=29091"},{"taxonomy":"product_tag","embeddable":true,"href":"https:\/\/normandie.ma\/index.php?rest_route=%2Fwp%2Fv2%2Fproduct_tag&post=29091"}],"curies":[{"name":"wp","href":"https:\/\/api.w.org\/{rel}","templated":true}]}}