{"id":29141,"date":"2023-05-06T19:00:47","date_gmt":"2023-05-06T19:00:47","guid":{"rendered":"https:\/\/normandie.ma\/?product=savage-2500-puffs-mango-ice-5"},"modified":"2023-05-06T19:00:47","modified_gmt":"2023-05-06T19:00:47","slug":"savage-2500-puffs-mango-ice-5","status":"publish","type":"product","link":"https:\/\/normandie.ma\/?product=savage-2500-puffs-mango-ice-5","title":{"rendered":"SAVAGE 2500 Puffs &#8211; Mango Ice 5%"},"content":{"rendered":"<p>SAVAGE 2500 taffs Mango Ice jetables a atterri pour offrir une exp\u00e9rience de saveur in\u00e9gal\u00e9e. Des mangues jaunes m\u00fbres avec une pointe de menthol frais. Jusqu&#8217;\u00e0 2500 bouff\u00e9es.<br \/>\nM\u00e9canisme de tir \u00e0 tirage direct.<br \/>\nContient 6 ml de e-liquide.<br \/>\nBobine de maille int\u00e9gr\u00e9e \u00e9valu\u00e9e \u00e0 1,2 ohm.<br \/>\nVeuillez recycler lorsqu&#8217;il est vide dans un d\u00e9p\u00f4t de recyclage appropri\u00e9.<\/p>\n","protected":false},"excerpt":{"rendered":"<p>SAVAGE 2500 taffs Mango Ice jetables a atterri pour offrir une exp\u00e9rience de saveur in\u00e9gal\u00e9e. Des mangues jaunes m\u00fbres avec une pointe de menthol frais. Jusqu&#8217;\u00e0 2500 bouff\u00e9es. M\u00e9canisme de tir \u00e0 tirage direct. Contient 6 ml de e-liquide. Bobine de maille int\u00e9gr\u00e9e \u00e9valu\u00e9e \u00e0 1,2 ohm. Veuillez recycler lorsqu&#8217;il est vide dans un d\u00e9p\u00f4t [&hellip;]<\/p>\n","protected":false},"featured_media":25158,"comment_status":"open","ping_status":"closed","template":"","meta":{"om_disable_all_campaigns":false,"_monsterinsights_skip_tracking":false,"_monsterinsights_sitenote_active":false,"_monsterinsights_sitenote_note":"","_monsterinsights_sitenote_category":0},"product_brand":[],"product_cat":[256,323],"product_tag":[],"class_list":{"0":"post-29141","1":"product","2":"type-product","3":"status-publish","4":"has-post-thumbnail","6":"product_cat-e-cigarettes-jetables","7":"product_cat-savage","10":"first","11":"instock","12":"featured","13":"shipping-taxable","14":"purchasable","15":"product-type-simple"},"aioseo_notices":[],"jetpack_sharing_enabled":true,"_links":{"self":[{"href":"https:\/\/normandie.ma\/index.php?rest_route=\/wp\/v2\/product\/29141","targetHints":{"allow":["GET"]}}],"collection":[{"href":"https:\/\/normandie.ma\/index.php?rest_route=\/wp\/v2\/product"}],"about":[{"href":"https:\/\/normandie.ma\/index.php?rest_route=\/wp\/v2\/types\/product"}],"replies":[{"embeddable":true,"href":"https:\/\/normandie.ma\/index.php?rest_route=%2Fwp%2Fv2%2Fcomments&post=29141"}],"wp:featuredmedia":[{"embeddable":true,"href":"https:\/\/normandie.ma\/index.php?rest_route=\/wp\/v2\/media\/25158"}],"wp:attachment":[{"href":"https:\/\/normandie.ma\/index.php?rest_route=%2Fwp%2Fv2%2Fmedia&parent=29141"}],"wp:term":[{"taxonomy":"product_brand","embeddable":true,"href":"https:\/\/normandie.ma\/index.php?rest_route=%2Fwp%2Fv2%2Fproduct_brand&post=29141"},{"taxonomy":"product_cat","embeddable":true,"href":"https:\/\/normandie.ma\/index.php?rest_route=%2Fwp%2Fv2%2Fproduct_cat&post=29141"},{"taxonomy":"product_tag","embeddable":true,"href":"https:\/\/normandie.ma\/index.php?rest_route=%2Fwp%2Fv2%2Fproduct_tag&post=29141"}],"curies":[{"name":"wp","href":"https:\/\/api.w.org\/{rel}","templated":true}]}}