{"id":29164,"date":"2023-05-06T19:00:58","date_gmt":"2023-05-06T19:00:58","guid":{"rendered":"https:\/\/normandie.ma\/?product=pod-salt-2500-puffs-mango-ice-5"},"modified":"2023-05-06T19:00:58","modified_gmt":"2023-05-06T19:00:58","slug":"pod-salt-2500-puffs-mango-ice-5","status":"publish","type":"product","link":"https:\/\/normandie.ma\/?product=pod-salt-2500-puffs-mango-ice-5","title":{"rendered":"POD Salt 2500 puffs Mango Ice 5%"},"content":{"rendered":"<p>Profitez de la douce douceur des mangues m\u00fbres avec une finale glac\u00e9e pour une vape d&#8217;inspiration exotique vraiment agr\u00e9able.<\/p>\n<p>Pod Salt 2500 tafs  est un appareil E-liquide jetable con\u00e7u pour vapoter en d\u00e9placement. Un appareil de vape mince et \u00e9l\u00e9gant disponible dans une gamme de saveurs uniques et m\u00e9lang\u00e9 avec le sel de nicotine prim\u00e9 de Pod Salt.<\/p>\n<p>Utilisant la derni\u00e8re technologie, Pod Salt Go utilise une puissante batterie de 1100 mAh qui fournit 2500 bouff\u00e9es dans chaque appareil, ce qui signifie que vous pouvez vapoter et partir plus longtemps. Design britannique, sel de nicotine prim\u00e9. Capacit\u00e9 : 5,5 ml de e-liquide<br \/>\nForce de la nicotine : 50 mg\/ml de sels de nicotine<br \/>\nNombre de bouff\u00e9es (moyenne): jusqu&#8217;\u00e0 2 500 bouff\u00e9es<br \/>\nTaille de la batterie: batterie 1100 mAh<br \/>\n Rapport glyc\u00e9rine v\u00e9g\u00e9tale propyl\u00e8ne glycol: 50VG\/50PG<br \/>\n Appareil : tirage automatique<br \/>\n Origine : Angleterre<\/p>\n","protected":false},"excerpt":{"rendered":"<p>Profitez de la douce douceur des mangues m\u00fbres avec une finale glac\u00e9e pour une vape d&#8217;inspiration exotique vraiment agr\u00e9able. Pod Salt 2500 tafs est un appareil E-liquide jetable con\u00e7u pour vapoter en d\u00e9placement. Un appareil de vape mince et \u00e9l\u00e9gant disponible dans une gamme de saveurs uniques et m\u00e9lang\u00e9 avec le sel de nicotine prim\u00e9 [&hellip;]<\/p>\n","protected":false},"featured_media":25178,"comment_status":"open","ping_status":"closed","template":"","meta":{"om_disable_all_campaigns":false,"_monsterinsights_skip_tracking":false,"_monsterinsights_sitenote_active":false,"_monsterinsights_sitenote_note":"","_monsterinsights_sitenote_category":0},"product_brand":[],"product_cat":[256,324],"product_tag":[],"class_list":{"0":"post-29164","1":"product","2":"type-product","3":"status-publish","4":"has-post-thumbnail","6":"product_cat-e-cigarettes-jetables","7":"product_cat-pod-salt","10":"first","11":"instock","12":"featured","13":"shipping-taxable","14":"purchasable","15":"product-type-simple"},"aioseo_notices":[],"jetpack_sharing_enabled":true,"_links":{"self":[{"href":"https:\/\/normandie.ma\/index.php?rest_route=\/wp\/v2\/product\/29164","targetHints":{"allow":["GET"]}}],"collection":[{"href":"https:\/\/normandie.ma\/index.php?rest_route=\/wp\/v2\/product"}],"about":[{"href":"https:\/\/normandie.ma\/index.php?rest_route=\/wp\/v2\/types\/product"}],"replies":[{"embeddable":true,"href":"https:\/\/normandie.ma\/index.php?rest_route=%2Fwp%2Fv2%2Fcomments&post=29164"}],"wp:featuredmedia":[{"embeddable":true,"href":"https:\/\/normandie.ma\/index.php?rest_route=\/wp\/v2\/media\/25178"}],"wp:attachment":[{"href":"https:\/\/normandie.ma\/index.php?rest_route=%2Fwp%2Fv2%2Fmedia&parent=29164"}],"wp:term":[{"taxonomy":"product_brand","embeddable":true,"href":"https:\/\/normandie.ma\/index.php?rest_route=%2Fwp%2Fv2%2Fproduct_brand&post=29164"},{"taxonomy":"product_cat","embeddable":true,"href":"https:\/\/normandie.ma\/index.php?rest_route=%2Fwp%2Fv2%2Fproduct_cat&post=29164"},{"taxonomy":"product_tag","embeddable":true,"href":"https:\/\/normandie.ma\/index.php?rest_route=%2Fwp%2Fv2%2Fproduct_tag&post=29164"}],"curies":[{"name":"wp","href":"https:\/\/api.w.org\/{rel}","templated":true}]}}