{"id":31288,"date":"2023-05-27T17:38:07","date_gmt":"2023-05-27T17:38:07","guid":{"rendered":"https:\/\/normandie.ma\/?product=good-vapes-salts-mega-melon-fruite-30ml"},"modified":"2023-05-27T17:38:07","modified_gmt":"2023-05-27T17:38:07","slug":"good-vapes-salts-mega-melon-fruite-30ml","status":"publish","type":"product","link":"https:\/\/normandie.ma\/?product=good-vapes-salts-mega-melon-fruite-30ml","title":{"rendered":"Good Vapes Salts \u2013 Mega Melon- Fruit\u00e9 30ml"},"content":{"rendered":"<p>Mega Melon est l\u2019e-liquide Salt de la marque Good Vapes Salts, parfait pour se d\u00e9tendre lors d\u2019une journ\u00e9e chaude. Avec un d\u00e9but de vapotage glac\u00e9 et une expiration follement sucr\u00e9e, Mega Melon est s\u00fbr de vous satisfaire avec son go\u00fbt pur et sucr\u00e9. Il contient du melon vert renforc\u00e9 par une touche glac\u00e9e qui donne un ar\u00f4me rafra\u00eechissant et extr\u00eamement agr\u00e9able. Vous devriez absolument l\u2019essayer avec l\u2019une de nos cigarettes \u00e9lectroniques de la marque Good Vapes Casablanca.<\/p>\n","protected":false},"excerpt":{"rendered":"<p>Mega Melon est l\u2019e-liquide Salt de la marque Good Vapes Salts, parfait pour se d\u00e9tendre lors d\u2019une journ\u00e9e chaude. Avec un d\u00e9but de vapotage glac\u00e9 et une expiration follement sucr\u00e9e, Mega Melon est s\u00fbr de vous satisfaire avec son go\u00fbt pur et sucr\u00e9. Il contient du melon vert renforc\u00e9 par une touche glac\u00e9e qui donne [&hellip;]<\/p>\n","protected":false},"featured_media":30752,"comment_status":"open","ping_status":"closed","template":"","meta":{"om_disable_all_campaigns":false,"_monsterinsights_skip_tracking":false,"_monsterinsights_sitenote_active":false,"_monsterinsights_sitenote_note":"","_monsterinsights_sitenote_category":0},"product_brand":[],"product_cat":[390,224,208],"product_tag":[],"class_list":{"0":"post-31288","1":"product","2":"type-product","3":"status-publish","4":"has-post-thumbnail","6":"product_cat-good-vapes-salts","7":"product_cat-mrq-salt","8":"product_cat-salt","11":"first","12":"instock","13":"featured","14":"shipping-taxable","15":"purchasable","16":"product-type-simple"},"aioseo_notices":[],"jetpack_sharing_enabled":true,"_links":{"self":[{"href":"https:\/\/normandie.ma\/index.php?rest_route=\/wp\/v2\/product\/31288","targetHints":{"allow":["GET"]}}],"collection":[{"href":"https:\/\/normandie.ma\/index.php?rest_route=\/wp\/v2\/product"}],"about":[{"href":"https:\/\/normandie.ma\/index.php?rest_route=\/wp\/v2\/types\/product"}],"replies":[{"embeddable":true,"href":"https:\/\/normandie.ma\/index.php?rest_route=%2Fwp%2Fv2%2Fcomments&post=31288"}],"wp:featuredmedia":[{"embeddable":true,"href":"https:\/\/normandie.ma\/index.php?rest_route=\/wp\/v2\/media\/30752"}],"wp:attachment":[{"href":"https:\/\/normandie.ma\/index.php?rest_route=%2Fwp%2Fv2%2Fmedia&parent=31288"}],"wp:term":[{"taxonomy":"product_brand","embeddable":true,"href":"https:\/\/normandie.ma\/index.php?rest_route=%2Fwp%2Fv2%2Fproduct_brand&post=31288"},{"taxonomy":"product_cat","embeddable":true,"href":"https:\/\/normandie.ma\/index.php?rest_route=%2Fwp%2Fv2%2Fproduct_cat&post=31288"},{"taxonomy":"product_tag","embeddable":true,"href":"https:\/\/normandie.ma\/index.php?rest_route=%2Fwp%2Fv2%2Fproduct_tag&post=31288"}],"curies":[{"name":"wp","href":"https:\/\/api.w.org\/{rel}","templated":true}]}}