{"id":31372,"date":"2023-05-27T17:38:50","date_gmt":"2023-05-27T17:38:50","guid":{"rendered":"https:\/\/normandie.ma\/?product=salt-kiss-strawberry-bubblegum-10ml-3"},"modified":"2023-05-27T17:38:50","modified_gmt":"2023-05-27T17:38:50","slug":"salt-kiss-strawberry-bubblegum-10ml-3","status":"publish","type":"product","link":"https:\/\/normandie.ma\/?product=salt-kiss-strawberry-bubblegum-10ml-3","title":{"rendered":"Salt Kiss \u2013 Strawberry Bubblegum 10ml"},"content":{"rendered":"<p>L\u2019e-liquide Salt Strawberry Bubblegum de la marque Salt Kiss d\u00e9livre un doux bonbon bubblegum \u00e0 la fraise dans chaque bouff\u00e9e. De puissants ar\u00f4mes de bubblegum avec la douceur l\u00e9g\u00e8re de la fraise rehauss\u00e9e qui ravivera votre papille.<\/p>\n","protected":false},"excerpt":{"rendered":"<p>L\u2019e-liquide Salt Strawberry Bubblegum de la marque Salt Kiss d\u00e9livre un doux bonbon bubblegum \u00e0 la fraise dans chaque bouff\u00e9e. De puissants ar\u00f4mes de bubblegum avec la douceur l\u00e9g\u00e8re de la fraise rehauss\u00e9e qui ravivera votre papille.<\/p>\n","protected":false},"featured_media":30829,"comment_status":"open","ping_status":"closed","template":"","meta":{"om_disable_all_campaigns":false,"_monsterinsights_skip_tracking":false,"_monsterinsights_sitenote_active":false,"_monsterinsights_sitenote_note":"","_monsterinsights_sitenote_category":0},"product_brand":[],"product_cat":[401,398,208],"product_tag":[],"class_list":{"0":"post-31372","1":"product","2":"type-product","3":"status-publish","4":"has-post-thumbnail","6":"product_cat-24mg","7":"product_cat-filtre-par-dosage-de-nicotine-salt","8":"product_cat-salt","11":"first","12":"instock","13":"featured","14":"shipping-taxable","15":"product-type-variable"},"aioseo_notices":[],"jetpack_sharing_enabled":true,"_links":{"self":[{"href":"https:\/\/normandie.ma\/index.php?rest_route=\/wp\/v2\/product\/31372","targetHints":{"allow":["GET"]}}],"collection":[{"href":"https:\/\/normandie.ma\/index.php?rest_route=\/wp\/v2\/product"}],"about":[{"href":"https:\/\/normandie.ma\/index.php?rest_route=\/wp\/v2\/types\/product"}],"replies":[{"embeddable":true,"href":"https:\/\/normandie.ma\/index.php?rest_route=%2Fwp%2Fv2%2Fcomments&post=31372"}],"wp:featuredmedia":[{"embeddable":true,"href":"https:\/\/normandie.ma\/index.php?rest_route=\/wp\/v2\/media\/30829"}],"wp:attachment":[{"href":"https:\/\/normandie.ma\/index.php?rest_route=%2Fwp%2Fv2%2Fmedia&parent=31372"}],"wp:term":[{"taxonomy":"product_brand","embeddable":true,"href":"https:\/\/normandie.ma\/index.php?rest_route=%2Fwp%2Fv2%2Fproduct_brand&post=31372"},{"taxonomy":"product_cat","embeddable":true,"href":"https:\/\/normandie.ma\/index.php?rest_route=%2Fwp%2Fv2%2Fproduct_cat&post=31372"},{"taxonomy":"product_tag","embeddable":true,"href":"https:\/\/normandie.ma\/index.php?rest_route=%2Fwp%2Fv2%2Fproduct_tag&post=31372"}],"curies":[{"name":"wp","href":"https:\/\/api.w.org\/{rel}","templated":true}]}}