{"id":31387,"date":"2023-05-27T17:39:00","date_gmt":"2023-05-27T17:39:00","guid":{"rendered":"https:\/\/normandie.ma\/?product=chill-salts-holiday-fruite-30ml-2"},"modified":"2023-05-27T17:39:00","modified_gmt":"2023-05-27T17:39:00","slug":"chill-salts-holiday-fruite-30ml-2","status":"publish","type":"product","link":"https:\/\/normandie.ma\/?product=chill-salts-holiday-fruite-30ml-2","title":{"rendered":"Chill Salts \u2013 Holiday- Fruit\u00e9 30ml"},"content":{"rendered":"<p>Holiday de la marque Chill Salts vous servira un e-liquide Salt bien frais de fruits tropicaux d\u00e9livrant une texture juteuse tr\u00e8s hydratante. Il vous offre un cocktail de fruits gorg\u00e9s de soleil, compos\u00e9 de papaye, de fruit du dragon et de mangue le tout givr\u00e9 pour vous offrir pour un r\u00e9gal tropicalement fruit\u00e9. Vous devez absolument l\u2019essayer avec l\u2019une de nos cigarettes \u00e9lectroniques de la marque Good Vapes Casablanca.<\/p>\n","protected":false},"excerpt":{"rendered":"<p>Holiday de la marque Chill Salts vous servira un e-liquide Salt bien frais de fruits tropicaux d\u00e9livrant une texture juteuse tr\u00e8s hydratante. Il vous offre un cocktail de fruits gorg\u00e9s de soleil, compos\u00e9 de papaye, de fruit du dragon et de mangue le tout givr\u00e9 pour vous offrir pour un r\u00e9gal tropicalement fruit\u00e9. Vous devez [&hellip;]<\/p>\n","protected":false},"featured_media":30843,"comment_status":"open","ping_status":"closed","template":"","meta":{"om_disable_all_campaigns":false,"_monsterinsights_skip_tracking":false,"_monsterinsights_sitenote_active":false,"_monsterinsights_sitenote_note":"","_monsterinsights_sitenote_category":0},"product_brand":[],"product_cat":[402,398,208],"product_tag":[],"class_list":{"0":"post-31387","1":"product","2":"type-product","3":"status-publish","4":"has-post-thumbnail","6":"product_cat-25mg","7":"product_cat-filtre-par-dosage-de-nicotine-salt","8":"product_cat-salt","11":"first","12":"instock","13":"featured","14":"shipping-taxable","15":"purchasable","16":"product-type-simple"},"aioseo_notices":[],"jetpack_sharing_enabled":true,"_links":{"self":[{"href":"https:\/\/normandie.ma\/index.php?rest_route=\/wp\/v2\/product\/31387","targetHints":{"allow":["GET"]}}],"collection":[{"href":"https:\/\/normandie.ma\/index.php?rest_route=\/wp\/v2\/product"}],"about":[{"href":"https:\/\/normandie.ma\/index.php?rest_route=\/wp\/v2\/types\/product"}],"replies":[{"embeddable":true,"href":"https:\/\/normandie.ma\/index.php?rest_route=%2Fwp%2Fv2%2Fcomments&post=31387"}],"wp:featuredmedia":[{"embeddable":true,"href":"https:\/\/normandie.ma\/index.php?rest_route=\/wp\/v2\/media\/30843"}],"wp:attachment":[{"href":"https:\/\/normandie.ma\/index.php?rest_route=%2Fwp%2Fv2%2Fmedia&parent=31387"}],"wp:term":[{"taxonomy":"product_brand","embeddable":true,"href":"https:\/\/normandie.ma\/index.php?rest_route=%2Fwp%2Fv2%2Fproduct_brand&post=31387"},{"taxonomy":"product_cat","embeddable":true,"href":"https:\/\/normandie.ma\/index.php?rest_route=%2Fwp%2Fv2%2Fproduct_cat&post=31387"},{"taxonomy":"product_tag","embeddable":true,"href":"https:\/\/normandie.ma\/index.php?rest_route=%2Fwp%2Fv2%2Fproduct_tag&post=31387"}],"curies":[{"name":"wp","href":"https:\/\/api.w.org\/{rel}","templated":true}]}}