{"id":31521,"date":"2023-05-27T17:40:08","date_gmt":"2023-05-27T17:40:08","guid":{"rendered":"https:\/\/normandie.ma\/?product=cartouche-vide-smok-fetch-mini"},"modified":"2023-05-27T17:40:08","modified_gmt":"2023-05-27T17:40:08","slug":"cartouche-vide-smok-fetch-mini","status":"publish","type":"product","link":"https:\/\/normandie.ma\/?product=cartouche-vide-smok-fetch-mini","title":{"rendered":"Cartouche Vide Smok Fetch mini"},"content":{"rendered":"<p>La cartouche vide Fetch Mini est fabriqu\u00e9e en plastique de qualit\u00e9 alimentaire et con\u00e7ue pour la SMOK Fetch rechargeable de 3,7 ml, remplie Par le bas et peut utiliser les r\u00e9sistances de la nouvelle s\u00e9rie SMOK RPM40 pour cr\u00e9er de savoureux nuages de vapeur.   Pod rechargeable de 3,7 ml \u2013 Conception magn\u00e9tis\u00e9e<br \/>\nConstruction \u00e0 base de gousses en plastique PCTG<br \/>\nSyst\u00e8me de remplissage Par le bas \u2013 Bouchon en silicone<br \/>\nS\u00e9rie de r\u00e9sistance SMOK RPM<br \/>\nR\u00e9sistance de maille RPM 0.4ohm<br \/>\nR\u00e9sistance triple de 0,6 ohm tr \/ min<br \/>\nM\u00e9thode d\u2019installation de la r\u00e9sistance inf\u00e9rieure<\/p>\n","protected":false},"excerpt":{"rendered":"<p>La cartouche vide Fetch Mini est fabriqu\u00e9e en plastique de qualit\u00e9 alimentaire et con\u00e7ue pour la SMOK Fetch rechargeable de 3,7 ml, remplie Par le bas et peut utiliser les r\u00e9sistances de la nouvelle s\u00e9rie SMOK RPM40 pour cr\u00e9er de savoureux nuages de vapeur. Pod rechargeable de 3,7 ml \u2013 Conception magn\u00e9tis\u00e9e Construction \u00e0 base [&hellip;]<\/p>\n","protected":false},"featured_media":30968,"comment_status":"open","ping_status":"closed","template":"","meta":{"om_disable_all_campaigns":false,"_monsterinsights_skip_tracking":false,"_monsterinsights_sitenote_active":false,"_monsterinsights_sitenote_note":"","_monsterinsights_sitenote_category":0},"product_brand":[],"product_cat":[209,227],"product_tag":[],"class_list":{"0":"post-31521","1":"product","2":"type-product","3":"status-publish","4":"has-post-thumbnail","6":"product_cat-cartouches","7":"product_cat-cart-pod","10":"first","11":"instock","12":"featured","13":"shipping-taxable","14":"purchasable","15":"product-type-simple"},"aioseo_notices":[],"jetpack_sharing_enabled":true,"_links":{"self":[{"href":"https:\/\/normandie.ma\/index.php?rest_route=\/wp\/v2\/product\/31521","targetHints":{"allow":["GET"]}}],"collection":[{"href":"https:\/\/normandie.ma\/index.php?rest_route=\/wp\/v2\/product"}],"about":[{"href":"https:\/\/normandie.ma\/index.php?rest_route=\/wp\/v2\/types\/product"}],"replies":[{"embeddable":true,"href":"https:\/\/normandie.ma\/index.php?rest_route=%2Fwp%2Fv2%2Fcomments&post=31521"}],"wp:featuredmedia":[{"embeddable":true,"href":"https:\/\/normandie.ma\/index.php?rest_route=\/wp\/v2\/media\/30968"}],"wp:attachment":[{"href":"https:\/\/normandie.ma\/index.php?rest_route=%2Fwp%2Fv2%2Fmedia&parent=31521"}],"wp:term":[{"taxonomy":"product_brand","embeddable":true,"href":"https:\/\/normandie.ma\/index.php?rest_route=%2Fwp%2Fv2%2Fproduct_brand&post=31521"},{"taxonomy":"product_cat","embeddable":true,"href":"https:\/\/normandie.ma\/index.php?rest_route=%2Fwp%2Fv2%2Fproduct_cat&post=31521"},{"taxonomy":"product_tag","embeddable":true,"href":"https:\/\/normandie.ma\/index.php?rest_route=%2Fwp%2Fv2%2Fproduct_tag&post=31521"}],"curies":[{"name":"wp","href":"https:\/\/api.w.org\/{rel}","templated":true}]}}