{"id":31526,"date":"2023-05-27T17:40:13","date_gmt":"2023-05-27T17:40:13","guid":{"rendered":"https:\/\/normandie.ma\/?product=cartouche-ap2"},"modified":"2023-05-27T17:40:13","modified_gmt":"2023-05-27T17:40:13","slug":"cartouche-ap2","status":"publish","type":"product","link":"https:\/\/normandie.ma\/?product=cartouche-ap2","title":{"rendered":"Cartouche Ap2"},"content":{"rendered":"<p>La cartouche AP2 de la marque GeekVape est compatible uniquement avec le pod AP2 du m\u00eame fabricant. Elle peut accueillir 4,5 mL d\u2019e-liquide et remplacera celle d\u2019origine.<\/p>\n<p>***Vendue sans r\u00e9sistance. Inhalation : MTL et inhalation directe restrictive<br \/>\nMat\u00e9riaux : Plastique<br \/>\nConnectique : Cartouche CE magn\u00e9tique<br \/>\nCapacit\u00e9 : 4.5ml<br \/>\nRemplissage : Par le c\u00f4t\u00e9<br \/>\nR\u00e9sistances compatibles : G coils Geek Vape<br \/>\nCompatible : pod AP2<\/p>\n","protected":false},"excerpt":{"rendered":"<p>La cartouche AP2 de la marque GeekVape est compatible uniquement avec le pod AP2 du m\u00eame fabricant. Elle peut accueillir 4,5 mL d\u2019e-liquide et remplacera celle d\u2019origine. ***Vendue sans r\u00e9sistance. Inhalation : MTL et inhalation directe restrictive Mat\u00e9riaux : Plastique Connectique : Cartouche CE magn\u00e9tique Capacit\u00e9 : 4.5ml Remplissage : Par le c\u00f4t\u00e9 R\u00e9sistances compatibles [&hellip;]<\/p>\n","protected":false},"featured_media":30974,"comment_status":"open","ping_status":"closed","template":"","meta":{"om_disable_all_campaigns":false,"_monsterinsights_skip_tracking":false,"_monsterinsights_sitenote_active":false,"_monsterinsights_sitenote_note":"","_monsterinsights_sitenote_category":0},"product_brand":[],"product_cat":[209,227],"product_tag":[],"class_list":{"0":"post-31526","1":"product","2":"type-product","3":"status-publish","4":"has-post-thumbnail","6":"product_cat-cartouches","7":"product_cat-cart-pod","10":"first","11":"instock","12":"featured","13":"shipping-taxable","14":"purchasable","15":"product-type-simple"},"aioseo_notices":[],"jetpack_sharing_enabled":true,"_links":{"self":[{"href":"https:\/\/normandie.ma\/index.php?rest_route=\/wp\/v2\/product\/31526","targetHints":{"allow":["GET"]}}],"collection":[{"href":"https:\/\/normandie.ma\/index.php?rest_route=\/wp\/v2\/product"}],"about":[{"href":"https:\/\/normandie.ma\/index.php?rest_route=\/wp\/v2\/types\/product"}],"replies":[{"embeddable":true,"href":"https:\/\/normandie.ma\/index.php?rest_route=%2Fwp%2Fv2%2Fcomments&post=31526"}],"wp:featuredmedia":[{"embeddable":true,"href":"https:\/\/normandie.ma\/index.php?rest_route=\/wp\/v2\/media\/30974"}],"wp:attachment":[{"href":"https:\/\/normandie.ma\/index.php?rest_route=%2Fwp%2Fv2%2Fmedia&parent=31526"}],"wp:term":[{"taxonomy":"product_brand","embeddable":true,"href":"https:\/\/normandie.ma\/index.php?rest_route=%2Fwp%2Fv2%2Fproduct_brand&post=31526"},{"taxonomy":"product_cat","embeddable":true,"href":"https:\/\/normandie.ma\/index.php?rest_route=%2Fwp%2Fv2%2Fproduct_cat&post=31526"},{"taxonomy":"product_tag","embeddable":true,"href":"https:\/\/normandie.ma\/index.php?rest_route=%2Fwp%2Fv2%2Fproduct_tag&post=31526"}],"curies":[{"name":"wp","href":"https:\/\/api.w.org\/{rel}","templated":true}]}}