{"id":31527,"date":"2023-05-27T17:40:13","date_gmt":"2023-05-27T17:40:13","guid":{"rendered":"https:\/\/normandie.ma\/?product=cartouche-rechargeable-testa-cigs-tpod"},"modified":"2023-05-27T17:40:13","modified_gmt":"2023-05-27T17:40:13","slug":"cartouche-rechargeable-testa-cigs-tpod","status":"publish","type":"product","link":"https:\/\/normandie.ma\/?product=cartouche-rechargeable-testa-cigs-tpod","title":{"rendered":"Cartouche Rechargeable Testa Cigs TPOD"},"content":{"rendered":"<p>Tesla cigs TPOD est une cartouche bien con\u00e7ue avec une capacit\u00e9 de recharge de 2 ml, un raccord rapide et une r\u00e9sistance en c\u00e9ramique de 1,5 ohm pour le syst\u00e8me Tesla TPOD. Le double port de cette cartouche est accessible par le bas et s\u00e9curis\u00e9 par deux bouchons.  Capacit\u00e9 de 2 ml<br \/>\nR\u00e9sistance en c\u00e9ramique de 1,2 ohm<\/p>\n","protected":false},"excerpt":{"rendered":"<p>Tesla cigs TPOD est une cartouche bien con\u00e7ue avec une capacit\u00e9 de recharge de 2 ml, un raccord rapide et une r\u00e9sistance en c\u00e9ramique de 1,5 ohm pour le syst\u00e8me Tesla TPOD. Le double port de cette cartouche est accessible par le bas et s\u00e9curis\u00e9 par deux bouchons. Capacit\u00e9 de 2 ml R\u00e9sistance en c\u00e9ramique [&hellip;]<\/p>\n","protected":false},"featured_media":30975,"comment_status":"open","ping_status":"closed","template":"","meta":{"om_disable_all_campaigns":false,"_monsterinsights_skip_tracking":false,"_monsterinsights_sitenote_active":false,"_monsterinsights_sitenote_note":"","_monsterinsights_sitenote_category":0},"product_brand":[],"product_cat":[209,227],"product_tag":[],"class_list":{"0":"post-31527","1":"product","2":"type-product","3":"status-publish","4":"has-post-thumbnail","6":"product_cat-cartouches","7":"product_cat-cart-pod","10":"first","11":"instock","12":"featured","13":"shipping-taxable","14":"purchasable","15":"product-type-simple"},"aioseo_notices":[],"jetpack_sharing_enabled":true,"_links":{"self":[{"href":"https:\/\/normandie.ma\/index.php?rest_route=\/wp\/v2\/product\/31527","targetHints":{"allow":["GET"]}}],"collection":[{"href":"https:\/\/normandie.ma\/index.php?rest_route=\/wp\/v2\/product"}],"about":[{"href":"https:\/\/normandie.ma\/index.php?rest_route=\/wp\/v2\/types\/product"}],"replies":[{"embeddable":true,"href":"https:\/\/normandie.ma\/index.php?rest_route=%2Fwp%2Fv2%2Fcomments&post=31527"}],"wp:featuredmedia":[{"embeddable":true,"href":"https:\/\/normandie.ma\/index.php?rest_route=\/wp\/v2\/media\/30975"}],"wp:attachment":[{"href":"https:\/\/normandie.ma\/index.php?rest_route=%2Fwp%2Fv2%2Fmedia&parent=31527"}],"wp:term":[{"taxonomy":"product_brand","embeddable":true,"href":"https:\/\/normandie.ma\/index.php?rest_route=%2Fwp%2Fv2%2Fproduct_brand&post=31527"},{"taxonomy":"product_cat","embeddable":true,"href":"https:\/\/normandie.ma\/index.php?rest_route=%2Fwp%2Fv2%2Fproduct_cat&post=31527"},{"taxonomy":"product_tag","embeddable":true,"href":"https:\/\/normandie.ma\/index.php?rest_route=%2Fwp%2Fv2%2Fproduct_tag&post=31527"}],"curies":[{"name":"wp","href":"https:\/\/api.w.org\/{rel}","templated":true}]}}