{"id":31528,"date":"2023-05-27T17:40:14","date_gmt":"2023-05-27T17:40:14","guid":{"rendered":"https:\/\/normandie.ma\/?product=cartouche-smok-fetch-pro"},"modified":"2023-05-27T17:40:14","modified_gmt":"2023-05-27T17:40:14","slug":"cartouche-smok-fetch-pro","status":"publish","type":"product","link":"https:\/\/normandie.ma\/?product=cartouche-smok-fetch-pro","title":{"rendered":"Cartouche Smok Fetch Pro"},"content":{"rendered":"<p>La cartouche Smok Fetch Pro est con\u00e7ue par Smoktech et est d\u00e9di\u00e9e au Pod Fetch Pro. Elle est disponible en deux versions pour assurer la compatibilit\u00e9 avec les r\u00e9sistances RPM ou RGC. Dot\u00e9e d\u2019un Airflow r\u00e9glable et d\u2019un Drip Tip 510 amovible, cette cartouche en PCTG alimentaire permet une vape en inhalation directe et indirecte.  Type produit : cartouche pod<br \/>\nMod\u00e8les : rpm  et rgc<br \/>\nCapacit\u00e9 : 4.3 et 4ml<br \/>\nAirflow r\u00e9glable<br \/>\nDrip tip 510<br \/>\nInhalation : directe ou indirecte<br \/>\nCompatibilit\u00e9 : pod fetch pro<br \/>\nR\u00e9sistances compatibles pour le mod\u00e8le rpm : toutes les r\u00e9sistances rpm<br \/>\nR\u00e9sistances compatibles pour le mod\u00e8le rgc : toutes les r\u00e9sistances rgc<br \/>\nMarque : smoktech<\/p>\n","protected":false},"excerpt":{"rendered":"<p>La cartouche Smok Fetch Pro est con\u00e7ue par Smoktech et est d\u00e9di\u00e9e au Pod Fetch Pro. Elle est disponible en deux versions pour assurer la compatibilit\u00e9 avec les r\u00e9sistances RPM ou RGC. Dot\u00e9e d\u2019un Airflow r\u00e9glable et d\u2019un Drip Tip 510 amovible, cette cartouche en PCTG alimentaire permet une vape en inhalation directe et indirecte. [&hellip;]<\/p>\n","protected":false},"featured_media":30979,"comment_status":"open","ping_status":"closed","template":"","meta":{"om_disable_all_campaigns":false,"_monsterinsights_skip_tracking":false,"_monsterinsights_sitenote_active":false,"_monsterinsights_sitenote_note":"","_monsterinsights_sitenote_category":0},"product_brand":[],"product_cat":[209,227],"product_tag":[],"class_list":{"0":"post-31528","1":"product","2":"type-product","3":"status-publish","4":"has-post-thumbnail","6":"product_cat-cartouches","7":"product_cat-cart-pod","10":"first","11":"instock","12":"featured","13":"shipping-taxable","14":"purchasable","15":"product-type-simple"},"aioseo_notices":[],"jetpack_sharing_enabled":true,"_links":{"self":[{"href":"https:\/\/normandie.ma\/index.php?rest_route=\/wp\/v2\/product\/31528","targetHints":{"allow":["GET"]}}],"collection":[{"href":"https:\/\/normandie.ma\/index.php?rest_route=\/wp\/v2\/product"}],"about":[{"href":"https:\/\/normandie.ma\/index.php?rest_route=\/wp\/v2\/types\/product"}],"replies":[{"embeddable":true,"href":"https:\/\/normandie.ma\/index.php?rest_route=%2Fwp%2Fv2%2Fcomments&post=31528"}],"wp:featuredmedia":[{"embeddable":true,"href":"https:\/\/normandie.ma\/index.php?rest_route=\/wp\/v2\/media\/30979"}],"wp:attachment":[{"href":"https:\/\/normandie.ma\/index.php?rest_route=%2Fwp%2Fv2%2Fmedia&parent=31528"}],"wp:term":[{"taxonomy":"product_brand","embeddable":true,"href":"https:\/\/normandie.ma\/index.php?rest_route=%2Fwp%2Fv2%2Fproduct_brand&post=31528"},{"taxonomy":"product_cat","embeddable":true,"href":"https:\/\/normandie.ma\/index.php?rest_route=%2Fwp%2Fv2%2Fproduct_cat&post=31528"},{"taxonomy":"product_tag","embeddable":true,"href":"https:\/\/normandie.ma\/index.php?rest_route=%2Fwp%2Fv2%2Fproduct_tag&post=31528"}],"curies":[{"name":"wp","href":"https:\/\/api.w.org\/{rel}","templated":true}]}}