{"id":31538,"date":"2023-05-27T17:40:17","date_gmt":"2023-05-27T17:40:17","guid":{"rendered":"https:\/\/normandie.ma\/?product=cartouche-lostvape-prana-s-pod-1-4ohm"},"modified":"2023-05-27T17:40:17","modified_gmt":"2023-05-27T17:40:17","slug":"cartouche-lostvape-prana-s-pod-1-4ohm","status":"publish","type":"product","link":"https:\/\/normandie.ma\/?product=cartouche-lostvape-prana-s-pod-1-4ohm","title":{"rendered":"Cartouche LostVape Prana S pod (1.4ohm)"},"content":{"rendered":"<p>La cartouche Prana S pour Prana Pod de Lost Vape est sp\u00e9cialement con\u00e7ue pour le kit syst\u00e8me Prana Pod de Lost Vape. D\u2019une capacit\u00e9 de 1 ml et facile \u00e0 recharger par le c\u00f4t\u00e9, la capsule adopte un embout en bec de canard am\u00e9lior\u00e9 avec une l\u00e8vre incurv\u00e9e. Elle est dot\u00e9e d\u2019une r\u00e9sistance int\u00e9gr\u00e9e de 1,4 ohm, ce qui est parfait pour une inhalation directe. <\/p>\n<p>**R\u00e9sistance int\u00e9gr\u00e9e \u00e0 la cartouche**  Capacit\u00e9 du pod : 1ml<br \/>\nM\u00e9thode de remplissage : syst\u00e8me de remplissage lat\u00e9ral \u2013 avec bouchon en silicone<br \/>\nR\u00e9sistance : 1,2ohm<br \/>\nFen\u00eatre de visualisation du liquide \u00e9lectronique<\/p>\n","protected":false},"excerpt":{"rendered":"<p>La cartouche Prana S pour Prana Pod de Lost Vape est sp\u00e9cialement con\u00e7ue pour le kit syst\u00e8me Prana Pod de Lost Vape. D\u2019une capacit\u00e9 de 1 ml et facile \u00e0 recharger par le c\u00f4t\u00e9, la capsule adopte un embout en bec de canard am\u00e9lior\u00e9 avec une l\u00e8vre incurv\u00e9e. Elle est dot\u00e9e d\u2019une r\u00e9sistance int\u00e9gr\u00e9e de [&hellip;]<\/p>\n","protected":false},"featured_media":31014,"comment_status":"open","ping_status":"closed","template":"","meta":{"om_disable_all_campaigns":false,"_monsterinsights_skip_tracking":false,"_monsterinsights_sitenote_active":false,"_monsterinsights_sitenote_note":"","_monsterinsights_sitenote_category":0},"product_brand":[],"product_cat":[209,227],"product_tag":[],"class_list":{"0":"post-31538","1":"product","2":"type-product","3":"status-publish","4":"has-post-thumbnail","6":"product_cat-cartouches","7":"product_cat-cart-pod","10":"first","11":"instock","12":"featured","13":"shipping-taxable","14":"purchasable","15":"product-type-simple"},"aioseo_notices":[],"jetpack_sharing_enabled":true,"_links":{"self":[{"href":"https:\/\/normandie.ma\/index.php?rest_route=\/wp\/v2\/product\/31538","targetHints":{"allow":["GET"]}}],"collection":[{"href":"https:\/\/normandie.ma\/index.php?rest_route=\/wp\/v2\/product"}],"about":[{"href":"https:\/\/normandie.ma\/index.php?rest_route=\/wp\/v2\/types\/product"}],"replies":[{"embeddable":true,"href":"https:\/\/normandie.ma\/index.php?rest_route=%2Fwp%2Fv2%2Fcomments&post=31538"}],"wp:featuredmedia":[{"embeddable":true,"href":"https:\/\/normandie.ma\/index.php?rest_route=\/wp\/v2\/media\/31014"}],"wp:attachment":[{"href":"https:\/\/normandie.ma\/index.php?rest_route=%2Fwp%2Fv2%2Fmedia&parent=31538"}],"wp:term":[{"taxonomy":"product_brand","embeddable":true,"href":"https:\/\/normandie.ma\/index.php?rest_route=%2Fwp%2Fv2%2Fproduct_brand&post=31538"},{"taxonomy":"product_cat","embeddable":true,"href":"https:\/\/normandie.ma\/index.php?rest_route=%2Fwp%2Fv2%2Fproduct_cat&post=31538"},{"taxonomy":"product_tag","embeddable":true,"href":"https:\/\/normandie.ma\/index.php?rest_route=%2Fwp%2Fv2%2Fproduct_tag&post=31538"}],"curies":[{"name":"wp","href":"https:\/\/api.w.org\/{rel}","templated":true}]}}