{"id":31540,"date":"2023-05-27T17:40:18","date_gmt":"2023-05-27T17:40:18","guid":{"rendered":"https:\/\/normandie.ma\/?product=cartouche-vide-smok-rpm-lite"},"modified":"2023-05-27T17:40:18","modified_gmt":"2023-05-27T17:40:18","slug":"cartouche-vide-smok-rpm-lite","status":"publish","type":"product","link":"https:\/\/normandie.ma\/?product=cartouche-vide-smok-rpm-lite","title":{"rendered":"Cartouche Vide Smok Rpm Lite"},"content":{"rendered":"<p>Cette cartouche vide est sp\u00e9cialement con\u00e7ue pour le kit de pods RPM Lite. D\u2019une capacit\u00e9 de 3,2 ml, elle adopte un design de remplissage lat\u00e9ral avec le bouchon en caoutchouc pour \u00e9viter les fuites. Mettez en \u0153uvre une m\u00e9thode d\u2019installation de r\u00e9sistance Par le bas, compatible avec la r\u00e9sistance de la s\u00e9rie RPM, apportant une saveur de premi\u00e8re classe. Il dispose d\u2019un embout buccal de style drip tip pour l\u2019inhalation afin de profiter pleinement de l\u2019exp\u00e9rience de vapotage.  Contenance : 3,2 ml<br \/>\nRemplissage : Par le c\u00f4t\u00e9<br \/>\nCompatibilit\u00e9 : kit pod RPM Lite<\/p>\n","protected":false},"excerpt":{"rendered":"<p>Cette cartouche vide est sp\u00e9cialement con\u00e7ue pour le kit de pods RPM Lite. D\u2019une capacit\u00e9 de 3,2 ml, elle adopte un design de remplissage lat\u00e9ral avec le bouchon en caoutchouc pour \u00e9viter les fuites. Mettez en \u0153uvre une m\u00e9thode d\u2019installation de r\u00e9sistance Par le bas, compatible avec la r\u00e9sistance de la s\u00e9rie RPM, apportant une [&hellip;]<\/p>\n","protected":false},"featured_media":31016,"comment_status":"open","ping_status":"closed","template":"","meta":{"om_disable_all_campaigns":false,"_monsterinsights_skip_tracking":false,"_monsterinsights_sitenote_active":false,"_monsterinsights_sitenote_note":"","_monsterinsights_sitenote_category":0},"product_brand":[],"product_cat":[209,227],"product_tag":[],"class_list":{"0":"post-31540","1":"product","2":"type-product","3":"status-publish","4":"has-post-thumbnail","6":"product_cat-cartouches","7":"product_cat-cart-pod","10":"first","11":"instock","12":"featured","13":"shipping-taxable","14":"purchasable","15":"product-type-simple"},"aioseo_notices":[],"jetpack_sharing_enabled":true,"_links":{"self":[{"href":"https:\/\/normandie.ma\/index.php?rest_route=\/wp\/v2\/product\/31540","targetHints":{"allow":["GET"]}}],"collection":[{"href":"https:\/\/normandie.ma\/index.php?rest_route=\/wp\/v2\/product"}],"about":[{"href":"https:\/\/normandie.ma\/index.php?rest_route=\/wp\/v2\/types\/product"}],"replies":[{"embeddable":true,"href":"https:\/\/normandie.ma\/index.php?rest_route=%2Fwp%2Fv2%2Fcomments&post=31540"}],"wp:featuredmedia":[{"embeddable":true,"href":"https:\/\/normandie.ma\/index.php?rest_route=\/wp\/v2\/media\/31016"}],"wp:attachment":[{"href":"https:\/\/normandie.ma\/index.php?rest_route=%2Fwp%2Fv2%2Fmedia&parent=31540"}],"wp:term":[{"taxonomy":"product_brand","embeddable":true,"href":"https:\/\/normandie.ma\/index.php?rest_route=%2Fwp%2Fv2%2Fproduct_brand&post=31540"},{"taxonomy":"product_cat","embeddable":true,"href":"https:\/\/normandie.ma\/index.php?rest_route=%2Fwp%2Fv2%2Fproduct_cat&post=31540"},{"taxonomy":"product_tag","embeddable":true,"href":"https:\/\/normandie.ma\/index.php?rest_route=%2Fwp%2Fv2%2Fproduct_tag&post=31540"}],"curies":[{"name":"wp","href":"https:\/\/api.w.org\/{rel}","templated":true}]}}