{"id":31542,"date":"2023-05-27T17:40:19","date_gmt":"2023-05-27T17:40:19","guid":{"rendered":"https:\/\/normandie.ma\/?product=cartouche-smok-acro-0-6ohm"},"modified":"2023-05-27T17:40:19","modified_gmt":"2023-05-27T17:40:19","slug":"cartouche-smok-acro-0-6ohm","status":"publish","type":"product","link":"https:\/\/normandie.ma\/?product=cartouche-smok-acro-0-6ohm","title":{"rendered":"Cartouche Smok ACRO 0.6ohm"},"content":{"rendered":"<p>Pour les vapoteurs qui ont craqu\u00e9 pour le kit Smok pod Acro, optez pour une cartouche Acro Smok. Ce r\u00e9servoir Smok Acro vous permettra de remplacer la cartouche endommag\u00e9e de votre cigarette \u00e9lectronique Smoktech \u00e0 petit prix, ou d\u2019avoir une cartouche d\u00e9di\u00e9e \u00e0 chacune de vos saveurs. D\u00e9couvrez, avec ce r\u00e9servoir jetable pour cigarette \u00e9lectronique Smok Acro, une cartouche con\u00e7ue pour l\u2019inhalation indirecte gr\u00e2ce \u00e0 son embout plat et agr\u00e9able.<\/p>\n<p>**R\u00e9sistance int\u00e9gr\u00e9e \u00e0 la cartouche**  Compatibilit\u00e9 : Pod Acro Smoktech<br \/>\nCapacit\u00e9 : 2ml<br \/>\nPod MTL DC 0.6ohm \u2013 pour 12 \u2013 25W<br \/>\n Marque : Smoktech<\/p>\n","protected":false},"excerpt":{"rendered":"<p>Pour les vapoteurs qui ont craqu\u00e9 pour le kit Smok pod Acro, optez pour une cartouche Acro Smok. Ce r\u00e9servoir Smok Acro vous permettra de remplacer la cartouche endommag\u00e9e de votre cigarette \u00e9lectronique Smoktech \u00e0 petit prix, ou d\u2019avoir une cartouche d\u00e9di\u00e9e \u00e0 chacune de vos saveurs. D\u00e9couvrez, avec ce r\u00e9servoir jetable pour cigarette \u00e9lectronique [&hellip;]<\/p>\n","protected":false},"featured_media":31020,"comment_status":"open","ping_status":"closed","template":"","meta":{"om_disable_all_campaigns":false,"_monsterinsights_skip_tracking":false,"_monsterinsights_sitenote_active":false,"_monsterinsights_sitenote_note":"","_monsterinsights_sitenote_category":0},"product_brand":[],"product_cat":[209,227],"product_tag":[],"class_list":{"0":"post-31542","1":"product","2":"type-product","3":"status-publish","4":"has-post-thumbnail","6":"product_cat-cartouches","7":"product_cat-cart-pod","10":"first","11":"instock","12":"featured","13":"shipping-taxable","14":"purchasable","15":"product-type-simple"},"aioseo_notices":[],"jetpack_sharing_enabled":true,"_links":{"self":[{"href":"https:\/\/normandie.ma\/index.php?rest_route=\/wp\/v2\/product\/31542","targetHints":{"allow":["GET"]}}],"collection":[{"href":"https:\/\/normandie.ma\/index.php?rest_route=\/wp\/v2\/product"}],"about":[{"href":"https:\/\/normandie.ma\/index.php?rest_route=\/wp\/v2\/types\/product"}],"replies":[{"embeddable":true,"href":"https:\/\/normandie.ma\/index.php?rest_route=%2Fwp%2Fv2%2Fcomments&post=31542"}],"wp:featuredmedia":[{"embeddable":true,"href":"https:\/\/normandie.ma\/index.php?rest_route=\/wp\/v2\/media\/31020"}],"wp:attachment":[{"href":"https:\/\/normandie.ma\/index.php?rest_route=%2Fwp%2Fv2%2Fmedia&parent=31542"}],"wp:term":[{"taxonomy":"product_brand","embeddable":true,"href":"https:\/\/normandie.ma\/index.php?rest_route=%2Fwp%2Fv2%2Fproduct_brand&post=31542"},{"taxonomy":"product_cat","embeddable":true,"href":"https:\/\/normandie.ma\/index.php?rest_route=%2Fwp%2Fv2%2Fproduct_cat&post=31542"},{"taxonomy":"product_tag","embeddable":true,"href":"https:\/\/normandie.ma\/index.php?rest_route=%2Fwp%2Fv2%2Fproduct_tag&post=31542"}],"curies":[{"name":"wp","href":"https:\/\/api.w.org\/{rel}","templated":true}]}}