{"id":31546,"date":"2023-05-27T17:40:21","date_gmt":"2023-05-27T17:40:21","guid":{"rendered":"https:\/\/normandie.ma\/?product=cartouche-geekvape-aegis-boost-pro"},"modified":"2023-05-27T17:40:21","modified_gmt":"2023-05-27T17:40:21","slug":"cartouche-geekvape-aegis-boost-pro","status":"publish","type":"product","link":"https:\/\/normandie.ma\/?product=cartouche-geekvape-aegis-boost-pro","title":{"rendered":"Cartouche GeekVape Aegis boost pro"},"content":{"rendered":"<p>La cartouche Aegis Boost Pro est un r\u00e9servoir de remplacement pour votre pod Aegis Boost Pro de la marque GeekVape.<\/p>\n<p>GeekVape a con\u00e7u des cartouches faciles \u00e0 utiliser qui sont \u00e9quip\u00e9es d\u2019un airflow r\u00e9glable et d\u2019un remplissage par le haut : Un atout indispensable ! Avec les cartouches Aegis Boost Pro, les vapoteurs pourront b\u00e9n\u00e9ficier du plein potentiel de leur pod pr\u00e9f\u00e9r\u00e9.  Remplissage : par le haut<br \/>\nCapacit\u00e9 : 6 ml<br \/>\nAirflow : r\u00e9glable<br \/>\nDrip Tip : unique<br \/>\n Compatibilit\u00e9 : Aegis Boost Pro<\/p>\n","protected":false},"excerpt":{"rendered":"<p>La cartouche Aegis Boost Pro est un r\u00e9servoir de remplacement pour votre pod Aegis Boost Pro de la marque GeekVape. GeekVape a con\u00e7u des cartouches faciles \u00e0 utiliser qui sont \u00e9quip\u00e9es d\u2019un airflow r\u00e9glable et d\u2019un remplissage par le haut : Un atout indispensable ! Avec les cartouches Aegis Boost Pro, les vapoteurs pourront b\u00e9n\u00e9ficier [&hellip;]<\/p>\n","protected":false},"featured_media":31026,"comment_status":"open","ping_status":"closed","template":"","meta":{"om_disable_all_campaigns":false,"_monsterinsights_skip_tracking":false,"_monsterinsights_sitenote_active":false,"_monsterinsights_sitenote_note":"","_monsterinsights_sitenote_category":0},"product_brand":[],"product_cat":[209,227],"product_tag":[],"class_list":{"0":"post-31546","1":"product","2":"type-product","3":"status-publish","4":"has-post-thumbnail","6":"product_cat-cartouches","7":"product_cat-cart-pod","10":"first","11":"instock","12":"featured","13":"shipping-taxable","14":"purchasable","15":"product-type-simple"},"aioseo_notices":[],"jetpack_sharing_enabled":true,"_links":{"self":[{"href":"https:\/\/normandie.ma\/index.php?rest_route=\/wp\/v2\/product\/31546","targetHints":{"allow":["GET"]}}],"collection":[{"href":"https:\/\/normandie.ma\/index.php?rest_route=\/wp\/v2\/product"}],"about":[{"href":"https:\/\/normandie.ma\/index.php?rest_route=\/wp\/v2\/types\/product"}],"replies":[{"embeddable":true,"href":"https:\/\/normandie.ma\/index.php?rest_route=%2Fwp%2Fv2%2Fcomments&post=31546"}],"wp:featuredmedia":[{"embeddable":true,"href":"https:\/\/normandie.ma\/index.php?rest_route=\/wp\/v2\/media\/31026"}],"wp:attachment":[{"href":"https:\/\/normandie.ma\/index.php?rest_route=%2Fwp%2Fv2%2Fmedia&parent=31546"}],"wp:term":[{"taxonomy":"product_brand","embeddable":true,"href":"https:\/\/normandie.ma\/index.php?rest_route=%2Fwp%2Fv2%2Fproduct_brand&post=31546"},{"taxonomy":"product_cat","embeddable":true,"href":"https:\/\/normandie.ma\/index.php?rest_route=%2Fwp%2Fv2%2Fproduct_cat&post=31546"},{"taxonomy":"product_tag","embeddable":true,"href":"https:\/\/normandie.ma\/index.php?rest_route=%2Fwp%2Fv2%2Fproduct_tag&post=31546"}],"curies":[{"name":"wp","href":"https:\/\/api.w.org\/{rel}","templated":true}]}}