{"id":31553,"date":"2023-05-27T17:40:23","date_gmt":"2023-05-27T17:40:23","guid":{"rendered":"https:\/\/normandie.ma\/?product=cartouche-freemax-onnix-2-pod-2ml"},"modified":"2023-05-27T17:40:23","modified_gmt":"2023-05-27T17:40:23","slug":"cartouche-freemax-onnix-2-pod-2ml","status":"publish","type":"product","link":"https:\/\/normandie.ma\/?product=cartouche-freemax-onnix-2-pod-2ml","title":{"rendered":"Cartouche Freemax Onnix 2 Pod 2ml"},"content":{"rendered":"<p>La cartouche Onnix est sp\u00e9cialement con\u00e7ue pour le kit FreeMax Onnix, avec une capacit\u00e9 de 2 ml d\u2019e-liquide. Contenance (ml) : 2 ml<br \/>\nCompatibilit\u00e9 : Kit Onnix 2<\/p>\n","protected":false},"excerpt":{"rendered":"<p>La cartouche Onnix est sp\u00e9cialement con\u00e7ue pour le kit FreeMax Onnix, avec une capacit\u00e9 de 2 ml d\u2019e-liquide. Contenance (ml) : 2 ml Compatibilit\u00e9 : Kit Onnix 2<\/p>\n","protected":false},"featured_media":31033,"comment_status":"open","ping_status":"closed","template":"","meta":{"om_disable_all_campaigns":false,"_monsterinsights_skip_tracking":false,"_monsterinsights_sitenote_active":false,"_monsterinsights_sitenote_note":"","_monsterinsights_sitenote_category":0},"product_brand":[],"product_cat":[209,227],"product_tag":[],"class_list":{"0":"post-31553","1":"product","2":"type-product","3":"status-publish","4":"has-post-thumbnail","6":"product_cat-cartouches","7":"product_cat-cart-pod","10":"first","11":"instock","12":"featured","13":"shipping-taxable","14":"purchasable","15":"product-type-simple"},"aioseo_notices":[],"jetpack_sharing_enabled":true,"_links":{"self":[{"href":"https:\/\/normandie.ma\/index.php?rest_route=\/wp\/v2\/product\/31553","targetHints":{"allow":["GET"]}}],"collection":[{"href":"https:\/\/normandie.ma\/index.php?rest_route=\/wp\/v2\/product"}],"about":[{"href":"https:\/\/normandie.ma\/index.php?rest_route=\/wp\/v2\/types\/product"}],"replies":[{"embeddable":true,"href":"https:\/\/normandie.ma\/index.php?rest_route=%2Fwp%2Fv2%2Fcomments&post=31553"}],"wp:featuredmedia":[{"embeddable":true,"href":"https:\/\/normandie.ma\/index.php?rest_route=\/wp\/v2\/media\/31033"}],"wp:attachment":[{"href":"https:\/\/normandie.ma\/index.php?rest_route=%2Fwp%2Fv2%2Fmedia&parent=31553"}],"wp:term":[{"taxonomy":"product_brand","embeddable":true,"href":"https:\/\/normandie.ma\/index.php?rest_route=%2Fwp%2Fv2%2Fproduct_brand&post=31553"},{"taxonomy":"product_cat","embeddable":true,"href":"https:\/\/normandie.ma\/index.php?rest_route=%2Fwp%2Fv2%2Fproduct_cat&post=31553"},{"taxonomy":"product_tag","embeddable":true,"href":"https:\/\/normandie.ma\/index.php?rest_route=%2Fwp%2Fv2%2Fproduct_tag&post=31553"}],"curies":[{"name":"wp","href":"https:\/\/api.w.org\/{rel}","templated":true}]}}