{"id":31559,"date":"2023-05-27T23:17:29","date_gmt":"2023-05-27T23:17:29","guid":{"rendered":"https:\/\/normandie.ma\/?product=euphoria-ice-salts-heaven-fruite-30ml-5"},"modified":"2023-05-27T23:17:29","modified_gmt":"2023-05-27T23:17:29","slug":"euphoria-ice-salts-heaven-fruite-30ml-5","status":"publish","type":"product","link":"https:\/\/normandie.ma\/?product=euphoria-ice-salts-heaven-fruite-30ml-5","title":{"rendered":"Euphoria Ice Salts \u2013 Heaven- Fruit\u00e9 30ml"},"content":{"rendered":"<p>Heaven est un e-liquide Salt 30ml de la marque Euphoria. Un plaisir sucr\u00e9 ultra frais de framboise rouge irr\u00e9sistiblement d\u00e9licieuse. Cette composition fruit\u00e9e est sublim\u00e9e par une touche de fra\u00eecheur, ce qui rend sa vapeur tellement douce et d\u00e9salt\u00e9rante. Des bouff\u00e9es rafra\u00eechissantes au parfum sucr\u00e9 de fruits des bois tel un bonbon givr\u00e9 pr\u00eat \u00e0 \u00eatre croqu\u00e9.<\/p>\n","protected":false},"excerpt":{"rendered":"<p>Heaven est un e-liquide Salt 30ml de la marque Euphoria. Un plaisir sucr\u00e9 ultra frais de framboise rouge irr\u00e9sistiblement d\u00e9licieuse. Cette composition fruit\u00e9e est sublim\u00e9e par une touche de fra\u00eecheur, ce qui rend sa vapeur tellement douce et d\u00e9salt\u00e9rante. Des bouff\u00e9es rafra\u00eechissantes au parfum sucr\u00e9 de fruits des bois tel un bonbon givr\u00e9 pr\u00eat \u00e0 [&hellip;]<\/p>\n","protected":false},"featured_media":30731,"comment_status":"open","ping_status":"closed","template":"","meta":{"om_disable_all_campaigns":false,"_monsterinsights_skip_tracking":false,"_monsterinsights_sitenote_active":false,"_monsterinsights_sitenote_note":"","_monsterinsights_sitenote_category":0},"product_brand":[],"product_cat":[387,224,208],"product_tag":[],"class_list":{"0":"post-31559","1":"product","2":"type-product","3":"status-publish","4":"has-post-thumbnail","6":"product_cat-euphoria-ice-salts","7":"product_cat-mrq-salt","8":"product_cat-salt","11":"first","12":"instock","13":"featured","14":"shipping-taxable","15":"purchasable","16":"product-type-simple"},"aioseo_notices":[],"jetpack_sharing_enabled":true,"_links":{"self":[{"href":"https:\/\/normandie.ma\/index.php?rest_route=\/wp\/v2\/product\/31559","targetHints":{"allow":["GET"]}}],"collection":[{"href":"https:\/\/normandie.ma\/index.php?rest_route=\/wp\/v2\/product"}],"about":[{"href":"https:\/\/normandie.ma\/index.php?rest_route=\/wp\/v2\/types\/product"}],"replies":[{"embeddable":true,"href":"https:\/\/normandie.ma\/index.php?rest_route=%2Fwp%2Fv2%2Fcomments&post=31559"}],"wp:featuredmedia":[{"embeddable":true,"href":"https:\/\/normandie.ma\/index.php?rest_route=\/wp\/v2\/media\/30731"}],"wp:attachment":[{"href":"https:\/\/normandie.ma\/index.php?rest_route=%2Fwp%2Fv2%2Fmedia&parent=31559"}],"wp:term":[{"taxonomy":"product_brand","embeddable":true,"href":"https:\/\/normandie.ma\/index.php?rest_route=%2Fwp%2Fv2%2Fproduct_brand&post=31559"},{"taxonomy":"product_cat","embeddable":true,"href":"https:\/\/normandie.ma\/index.php?rest_route=%2Fwp%2Fv2%2Fproduct_cat&post=31559"},{"taxonomy":"product_tag","embeddable":true,"href":"https:\/\/normandie.ma\/index.php?rest_route=%2Fwp%2Fv2%2Fproduct_tag&post=31559"}],"curies":[{"name":"wp","href":"https:\/\/api.w.org\/{rel}","templated":true}]}}