{"id":31564,"date":"2023-05-27T23:17:31","date_gmt":"2023-05-27T23:17:31","guid":{"rendered":"https:\/\/normandie.ma\/?product=euphoria-ice-salts-pink-lemonade-30ml-7"},"modified":"2023-06-07T03:19:09","modified_gmt":"2023-06-07T03:19:09","slug":"euphoria-ice-salts-pink-lemonade-30ml-7","status":"publish","type":"product","link":"https:\/\/normandie.ma\/?product=euphoria-ice-salts-pink-lemonade-30ml-7","title":{"rendered":"Euphoria Ice Salts \u2013 Pink Lemonade- 30ml"},"content":{"rendered":"<p>Pink Lemonade de la marque Euphoria Ice Salts renferme une saveur de plus d\u2019une grenade m\u00fbre et d\u2019une pomme succulente qui va assouvir votre soif de jus fruit\u00e9! A tous ceux qui souhaitent retrouver les petits plaisirs d\u2019\u00e9t\u00e9 en toute saison, vous pouvez dor\u00e9navant profiter de bouff\u00e9es de vapeur interminables combinant plaisir et hydratation.<\/p>\n","protected":false},"excerpt":{"rendered":"<p>Pink Lemonade de la marque Euphoria Ice Salts renferme une saveur de plus d\u2019une grenade m\u00fbre et d\u2019une pomme succulente qui va assouvir votre soif de jus fruit\u00e9! A tous ceux qui souhaitent retrouver les petits plaisirs d\u2019\u00e9t\u00e9 en toute saison, vous pouvez dor\u00e9navant profiter de bouff\u00e9es de vapeur interminables combinant plaisir et hydratation.<\/p>\n","protected":false},"featured_media":30733,"comment_status":"open","ping_status":"closed","template":"","meta":{"om_disable_all_campaigns":false,"_monsterinsights_skip_tracking":false,"_monsterinsights_sitenote_active":false,"_monsterinsights_sitenote_note":"","_monsterinsights_sitenote_category":0},"product_brand":[],"product_cat":[387,224,208],"product_tag":[],"class_list":{"0":"post-31564","1":"product","2":"type-product","3":"status-publish","4":"has-post-thumbnail","6":"product_cat-euphoria-ice-salts","7":"product_cat-mrq-salt","8":"product_cat-salt","11":"first","12":"instock","13":"featured","14":"shipping-taxable","15":"purchasable","16":"product-type-variable"},"aioseo_notices":[],"jetpack_sharing_enabled":true,"_links":{"self":[{"href":"https:\/\/normandie.ma\/index.php?rest_route=\/wp\/v2\/product\/31564","targetHints":{"allow":["GET"]}}],"collection":[{"href":"https:\/\/normandie.ma\/index.php?rest_route=\/wp\/v2\/product"}],"about":[{"href":"https:\/\/normandie.ma\/index.php?rest_route=\/wp\/v2\/types\/product"}],"replies":[{"embeddable":true,"href":"https:\/\/normandie.ma\/index.php?rest_route=%2Fwp%2Fv2%2Fcomments&post=31564"}],"wp:featuredmedia":[{"embeddable":true,"href":"https:\/\/normandie.ma\/index.php?rest_route=\/wp\/v2\/media\/30733"}],"wp:attachment":[{"href":"https:\/\/normandie.ma\/index.php?rest_route=%2Fwp%2Fv2%2Fmedia&parent=31564"}],"wp:term":[{"taxonomy":"product_brand","embeddable":true,"href":"https:\/\/normandie.ma\/index.php?rest_route=%2Fwp%2Fv2%2Fproduct_brand&post=31564"},{"taxonomy":"product_cat","embeddable":true,"href":"https:\/\/normandie.ma\/index.php?rest_route=%2Fwp%2Fv2%2Fproduct_cat&post=31564"},{"taxonomy":"product_tag","embeddable":true,"href":"https:\/\/normandie.ma\/index.php?rest_route=%2Fwp%2Fv2%2Fproduct_tag&post=31564"}],"curies":[{"name":"wp","href":"https:\/\/api.w.org\/{rel}","templated":true}]}}