{"id":31576,"date":"2023-05-27T23:17:36","date_gmt":"2023-05-27T23:17:36","guid":{"rendered":"https:\/\/normandie.ma\/?product=fruity-candy-salts-sweet-strawberry-30ml-3"},"modified":"2023-06-07T03:11:04","modified_gmt":"2023-06-07T03:11:04","slug":"fruity-candy-salts-sweet-strawberry-30ml-3","status":"publish","type":"product","link":"https:\/\/normandie.ma\/?product=fruity-candy-salts-sweet-strawberry-30ml-3","title":{"rendered":"Fruity Candy Salts \u2013 Sweet Strawberry 30ml"},"content":{"rendered":"<p>Parfait pour les amateurs de fraises en tant que vape d\u2019\u00e9t\u00e9 ou pour un moment sucr\u00e9 apr\u00e8s le d\u00eener, l\u2019e-liquide Salt Sweet Strawberry 30ml de la marque Fruity Candy Salts poss\u00e8de une saveur fruit\u00e9e de fraises que vous pourriez attendre d\u2019un e-liquide !<\/p>\n","protected":false},"excerpt":{"rendered":"<p>Parfait pour les amateurs de fraises en tant que vape d\u2019\u00e9t\u00e9 ou pour un moment sucr\u00e9 apr\u00e8s le d\u00eener, l\u2019e-liquide Salt Sweet Strawberry 30ml de la marque Fruity Candy Salts poss\u00e8de une saveur fruit\u00e9e de fraises que vous pourriez attendre d\u2019un e-liquide !<\/p>\n","protected":false},"featured_media":30745,"comment_status":"open","ping_status":"closed","template":"","meta":{"om_disable_all_campaigns":false,"_monsterinsights_skip_tracking":false,"_monsterinsights_sitenote_active":false,"_monsterinsights_sitenote_note":"","_monsterinsights_sitenote_category":0},"product_brand":[],"product_cat":[388,224,208],"product_tag":[],"class_list":{"0":"post-31576","1":"product","2":"type-product","3":"status-publish","4":"has-post-thumbnail","6":"product_cat-fruity-candy-salts","7":"product_cat-mrq-salt","8":"product_cat-salt","11":"first","12":"instock","13":"featured","14":"shipping-taxable","15":"purchasable","16":"product-type-variable"},"aioseo_notices":[],"jetpack_sharing_enabled":true,"_links":{"self":[{"href":"https:\/\/normandie.ma\/index.php?rest_route=\/wp\/v2\/product\/31576","targetHints":{"allow":["GET"]}}],"collection":[{"href":"https:\/\/normandie.ma\/index.php?rest_route=\/wp\/v2\/product"}],"about":[{"href":"https:\/\/normandie.ma\/index.php?rest_route=\/wp\/v2\/types\/product"}],"replies":[{"embeddable":true,"href":"https:\/\/normandie.ma\/index.php?rest_route=%2Fwp%2Fv2%2Fcomments&post=31576"}],"wp:featuredmedia":[{"embeddable":true,"href":"https:\/\/normandie.ma\/index.php?rest_route=\/wp\/v2\/media\/30745"}],"wp:attachment":[{"href":"https:\/\/normandie.ma\/index.php?rest_route=%2Fwp%2Fv2%2Fmedia&parent=31576"}],"wp:term":[{"taxonomy":"product_brand","embeddable":true,"href":"https:\/\/normandie.ma\/index.php?rest_route=%2Fwp%2Fv2%2Fproduct_brand&post=31576"},{"taxonomy":"product_cat","embeddable":true,"href":"https:\/\/normandie.ma\/index.php?rest_route=%2Fwp%2Fv2%2Fproduct_cat&post=31576"},{"taxonomy":"product_tag","embeddable":true,"href":"https:\/\/normandie.ma\/index.php?rest_route=%2Fwp%2Fv2%2Fproduct_tag&post=31576"}],"curies":[{"name":"wp","href":"https:\/\/api.w.org\/{rel}","templated":true}]}}