{"id":31577,"date":"2023-05-27T23:17:36","date_gmt":"2023-05-27T23:17:36","guid":{"rendered":"https:\/\/normandie.ma\/?product=fruity-candy-salts-wild-grape-3"},"modified":"2023-06-07T03:11:26","modified_gmt":"2023-06-07T03:11:26","slug":"fruity-candy-salts-wild-grape-3","status":"publish","type":"product","link":"https:\/\/normandie.ma\/?product=fruity-candy-salts-wild-grape-3","title":{"rendered":"Fruity Candy Salts \u2013 Wild Grape"},"content":{"rendered":"<p>Profitez de la marque Fruity Candy Salts et du e-liquide Salt Wild Grape 30ml, un m\u00e9lange de raisins doux et cors\u00e9s avec de riches notes de vin rouge pour une d\u00e9licieuse vape quotidienne !<\/p>\n","protected":false},"excerpt":{"rendered":"<p>Profitez de la marque Fruity Candy Salts et du e-liquide Salt Wild Grape 30ml, un m\u00e9lange de raisins doux et cors\u00e9s avec de riches notes de vin rouge pour une d\u00e9licieuse vape quotidienne !<\/p>\n","protected":false},"featured_media":30746,"comment_status":"open","ping_status":"closed","template":"","meta":{"om_disable_all_campaigns":false,"_monsterinsights_skip_tracking":false,"_monsterinsights_sitenote_active":false,"_monsterinsights_sitenote_note":"","_monsterinsights_sitenote_category":0},"product_brand":[],"product_cat":[388,224,208],"product_tag":[],"class_list":{"0":"post-31577","1":"product","2":"type-product","3":"status-publish","4":"has-post-thumbnail","6":"product_cat-fruity-candy-salts","7":"product_cat-mrq-salt","8":"product_cat-salt","11":"first","12":"instock","13":"featured","14":"shipping-taxable","15":"purchasable","16":"product-type-variable"},"aioseo_notices":[],"jetpack_sharing_enabled":true,"_links":{"self":[{"href":"https:\/\/normandie.ma\/index.php?rest_route=\/wp\/v2\/product\/31577","targetHints":{"allow":["GET"]}}],"collection":[{"href":"https:\/\/normandie.ma\/index.php?rest_route=\/wp\/v2\/product"}],"about":[{"href":"https:\/\/normandie.ma\/index.php?rest_route=\/wp\/v2\/types\/product"}],"replies":[{"embeddable":true,"href":"https:\/\/normandie.ma\/index.php?rest_route=%2Fwp%2Fv2%2Fcomments&post=31577"}],"wp:featuredmedia":[{"embeddable":true,"href":"https:\/\/normandie.ma\/index.php?rest_route=\/wp\/v2\/media\/30746"}],"wp:attachment":[{"href":"https:\/\/normandie.ma\/index.php?rest_route=%2Fwp%2Fv2%2Fmedia&parent=31577"}],"wp:term":[{"taxonomy":"product_brand","embeddable":true,"href":"https:\/\/normandie.ma\/index.php?rest_route=%2Fwp%2Fv2%2Fproduct_brand&post=31577"},{"taxonomy":"product_cat","embeddable":true,"href":"https:\/\/normandie.ma\/index.php?rest_route=%2Fwp%2Fv2%2Fproduct_cat&post=31577"},{"taxonomy":"product_tag","embeddable":true,"href":"https:\/\/normandie.ma\/index.php?rest_route=%2Fwp%2Fv2%2Fproduct_tag&post=31577"}],"curies":[{"name":"wp","href":"https:\/\/api.w.org\/{rel}","templated":true}]}}