{"id":31581,"date":"2023-05-27T23:17:38","date_gmt":"2023-05-27T23:17:38","guid":{"rendered":"https:\/\/normandie.ma\/?product=good-vapes-salts-classic-tobacco-30ml-4"},"modified":"2023-06-07T03:07:39","modified_gmt":"2023-06-07T03:07:39","slug":"good-vapes-salts-classic-tobacco-30ml-4","status":"publish","type":"product","link":"https:\/\/normandie.ma\/?product=good-vapes-salts-classic-tobacco-30ml-4","title":{"rendered":"Good Vapes Salts \u2013 Classic Tobacco \u2013 30ml"},"content":{"rendered":"<p>Le fameux Classic Tobacco de la marque Good Vapes Salts renferme un go\u00fbt de blond classic parfum\u00e9 au caramel, et une pinc\u00e9e de noix vari\u00e9es offrant une saveur classique tr\u00e8s gourmande. Accaparez-vous de cette recette intens\u00e9ment parfum\u00e9e qui est un must-have en e-liquide pour tous les fans du tabac.<\/p>\n","protected":false},"excerpt":{"rendered":"<p>Le fameux Classic Tobacco de la marque Good Vapes Salts renferme un go\u00fbt de blond classic parfum\u00e9 au caramel, et une pinc\u00e9e de noix vari\u00e9es offrant une saveur classique tr\u00e8s gourmande. Accaparez-vous de cette recette intens\u00e9ment parfum\u00e9e qui est un must-have en e-liquide pour tous les fans du tabac.<\/p>\n","protected":false},"featured_media":30750,"comment_status":"open","ping_status":"closed","template":"","meta":{"om_disable_all_campaigns":false,"_monsterinsights_skip_tracking":false,"_monsterinsights_sitenote_active":false,"_monsterinsights_sitenote_note":"","_monsterinsights_sitenote_category":0},"product_brand":[],"product_cat":[390,224,208],"product_tag":[],"class_list":{"0":"post-31581","1":"product","2":"type-product","3":"status-publish","4":"has-post-thumbnail","6":"product_cat-good-vapes-salts","7":"product_cat-mrq-salt","8":"product_cat-salt","11":"first","12":"instock","13":"featured","14":"shipping-taxable","15":"purchasable","16":"product-type-variable"},"aioseo_notices":[],"jetpack_sharing_enabled":true,"_links":{"self":[{"href":"https:\/\/normandie.ma\/index.php?rest_route=\/wp\/v2\/product\/31581","targetHints":{"allow":["GET"]}}],"collection":[{"href":"https:\/\/normandie.ma\/index.php?rest_route=\/wp\/v2\/product"}],"about":[{"href":"https:\/\/normandie.ma\/index.php?rest_route=\/wp\/v2\/types\/product"}],"replies":[{"embeddable":true,"href":"https:\/\/normandie.ma\/index.php?rest_route=%2Fwp%2Fv2%2Fcomments&post=31581"}],"wp:featuredmedia":[{"embeddable":true,"href":"https:\/\/normandie.ma\/index.php?rest_route=\/wp\/v2\/media\/30750"}],"wp:attachment":[{"href":"https:\/\/normandie.ma\/index.php?rest_route=%2Fwp%2Fv2%2Fmedia&parent=31581"}],"wp:term":[{"taxonomy":"product_brand","embeddable":true,"href":"https:\/\/normandie.ma\/index.php?rest_route=%2Fwp%2Fv2%2Fproduct_brand&post=31581"},{"taxonomy":"product_cat","embeddable":true,"href":"https:\/\/normandie.ma\/index.php?rest_route=%2Fwp%2Fv2%2Fproduct_cat&post=31581"},{"taxonomy":"product_tag","embeddable":true,"href":"https:\/\/normandie.ma\/index.php?rest_route=%2Fwp%2Fv2%2Fproduct_tag&post=31581"}],"curies":[{"name":"wp","href":"https:\/\/api.w.org\/{rel}","templated":true}]}}