{"id":31584,"date":"2023-05-27T23:17:51","date_gmt":"2023-05-27T23:17:51","guid":{"rendered":"https:\/\/normandie.ma\/?product=good-vapes-salts-dr-ice-menthole-30ml-3"},"modified":"2023-05-27T23:17:51","modified_gmt":"2023-05-27T23:17:51","slug":"good-vapes-salts-dr-ice-menthole-30ml-3","status":"publish","type":"product","link":"https:\/\/normandie.ma\/?product=good-vapes-salts-dr-ice-menthole-30ml-3","title":{"rendered":"Good Vapes Salts \u2013 Dr Ice- Menthol\u00e9 30ml"},"content":{"rendered":"<p>D\u00e9couvrez l\u2019e-liquide Salt Dr Ice de la marque Good Vapes Salts. Sa bouteille de 30 ml renferme une inondation de saveurs \u00e9poustouflantes de r\u00e9glisse, d\u2019anis et de menthol. Un m\u00e9lange ultra frais et d\u00e9licatement sucr\u00e9 qui fera le plein de votre journ\u00e9e! D\u00e9couvrez une rencontre des plus originale et ravivez vos papilles avec une vapeur des plus exaltante remplis de tonus et de fra\u00eecheur. Vous devriez absolument l\u2019essayer avec l\u2019une de nos cigarettes \u00e9lectroniques de la marque Good Vapes Casablanca.<\/p>\n","protected":false},"excerpt":{"rendered":"<p>D\u00e9couvrez l\u2019e-liquide Salt Dr Ice de la marque Good Vapes Salts. Sa bouteille de 30 ml renferme une inondation de saveurs \u00e9poustouflantes de r\u00e9glisse, d\u2019anis et de menthol. Un m\u00e9lange ultra frais et d\u00e9licatement sucr\u00e9 qui fera le plein de votre journ\u00e9e! D\u00e9couvrez une rencontre des plus originale et ravivez vos papilles avec une vapeur [&hellip;]<\/p>\n","protected":false},"featured_media":30751,"comment_status":"open","ping_status":"closed","template":"","meta":{"om_disable_all_campaigns":false,"_monsterinsights_skip_tracking":false,"_monsterinsights_sitenote_active":false,"_monsterinsights_sitenote_note":"","_monsterinsights_sitenote_category":0},"product_brand":[],"product_cat":[390,224,208],"product_tag":[],"class_list":{"0":"post-31584","1":"product","2":"type-product","3":"status-publish","4":"has-post-thumbnail","6":"product_cat-good-vapes-salts","7":"product_cat-mrq-salt","8":"product_cat-salt","11":"first","12":"instock","13":"featured","14":"shipping-taxable","15":"purchasable","16":"product-type-simple"},"aioseo_notices":[],"jetpack_sharing_enabled":true,"_links":{"self":[{"href":"https:\/\/normandie.ma\/index.php?rest_route=\/wp\/v2\/product\/31584","targetHints":{"allow":["GET"]}}],"collection":[{"href":"https:\/\/normandie.ma\/index.php?rest_route=\/wp\/v2\/product"}],"about":[{"href":"https:\/\/normandie.ma\/index.php?rest_route=\/wp\/v2\/types\/product"}],"replies":[{"embeddable":true,"href":"https:\/\/normandie.ma\/index.php?rest_route=%2Fwp%2Fv2%2Fcomments&post=31584"}],"wp:featuredmedia":[{"embeddable":true,"href":"https:\/\/normandie.ma\/index.php?rest_route=\/wp\/v2\/media\/30751"}],"wp:attachment":[{"href":"https:\/\/normandie.ma\/index.php?rest_route=%2Fwp%2Fv2%2Fmedia&parent=31584"}],"wp:term":[{"taxonomy":"product_brand","embeddable":true,"href":"https:\/\/normandie.ma\/index.php?rest_route=%2Fwp%2Fv2%2Fproduct_brand&post=31584"},{"taxonomy":"product_cat","embeddable":true,"href":"https:\/\/normandie.ma\/index.php?rest_route=%2Fwp%2Fv2%2Fproduct_cat&post=31584"},{"taxonomy":"product_tag","embeddable":true,"href":"https:\/\/normandie.ma\/index.php?rest_route=%2Fwp%2Fv2%2Fproduct_tag&post=31584"}],"curies":[{"name":"wp","href":"https:\/\/api.w.org\/{rel}","templated":true}]}}