{"id":31594,"date":"2023-05-27T23:17:55","date_gmt":"2023-05-27T23:17:55","guid":{"rendered":"https:\/\/normandie.ma\/?product=good-vapes-salts-tropical-freeze-30ml-3"},"modified":"2023-06-07T03:01:59","modified_gmt":"2023-06-07T03:01:59","slug":"good-vapes-salts-tropical-freeze-30ml-3","status":"publish","type":"product","link":"https:\/\/normandie.ma\/?product=good-vapes-salts-tropical-freeze-30ml-3","title":{"rendered":"Good Vapes Salts -Tropical Freeze 30ml"},"content":{"rendered":"<p>L\u2019e-liquide Salt Tropical Freeze est un parfum de mangue douce m\u00eal\u00e9e \u00e0 de l\u2019orange et de la menthe pour un vapotage agr\u00e9ablement l\u00e9ger. Ce go\u00fbt de mangue, g\u00e9n\u00e9reusement juteuse, et d\u2019orange, tendrement acidul\u00e9e, auquel s\u2019ajoute une touche menthol\u00e9e vous donnera un r\u00e9el effet de fra\u00eecheur.<\/p>\n","protected":false},"excerpt":{"rendered":"<p>L\u2019e-liquide Salt Tropical Freeze est un parfum de mangue douce m\u00eal\u00e9e \u00e0 de l\u2019orange et de la menthe pour un vapotage agr\u00e9ablement l\u00e9ger. Ce go\u00fbt de mangue, g\u00e9n\u00e9reusement juteuse, et d\u2019orange, tendrement acidul\u00e9e, auquel s\u2019ajoute une touche menthol\u00e9e vous donnera un r\u00e9el effet de fra\u00eecheur.<\/p>\n","protected":false},"featured_media":30759,"comment_status":"open","ping_status":"closed","template":"","meta":{"om_disable_all_campaigns":false,"_monsterinsights_skip_tracking":false,"_monsterinsights_sitenote_active":false,"_monsterinsights_sitenote_note":"","_monsterinsights_sitenote_category":0},"product_brand":[],"product_cat":[390,224,208],"product_tag":[],"class_list":{"0":"post-31594","1":"product","2":"type-product","3":"status-publish","4":"has-post-thumbnail","6":"product_cat-good-vapes-salts","7":"product_cat-mrq-salt","8":"product_cat-salt","11":"first","12":"instock","13":"featured","14":"shipping-taxable","15":"purchasable","16":"product-type-variable"},"aioseo_notices":[],"jetpack_sharing_enabled":true,"_links":{"self":[{"href":"https:\/\/normandie.ma\/index.php?rest_route=\/wp\/v2\/product\/31594","targetHints":{"allow":["GET"]}}],"collection":[{"href":"https:\/\/normandie.ma\/index.php?rest_route=\/wp\/v2\/product"}],"about":[{"href":"https:\/\/normandie.ma\/index.php?rest_route=\/wp\/v2\/types\/product"}],"replies":[{"embeddable":true,"href":"https:\/\/normandie.ma\/index.php?rest_route=%2Fwp%2Fv2%2Fcomments&post=31594"}],"wp:featuredmedia":[{"embeddable":true,"href":"https:\/\/normandie.ma\/index.php?rest_route=\/wp\/v2\/media\/30759"}],"wp:attachment":[{"href":"https:\/\/normandie.ma\/index.php?rest_route=%2Fwp%2Fv2%2Fmedia&parent=31594"}],"wp:term":[{"taxonomy":"product_brand","embeddable":true,"href":"https:\/\/normandie.ma\/index.php?rest_route=%2Fwp%2Fv2%2Fproduct_brand&post=31594"},{"taxonomy":"product_cat","embeddable":true,"href":"https:\/\/normandie.ma\/index.php?rest_route=%2Fwp%2Fv2%2Fproduct_cat&post=31594"},{"taxonomy":"product_tag","embeddable":true,"href":"https:\/\/normandie.ma\/index.php?rest_route=%2Fwp%2Fv2%2Fproduct_tag&post=31594"}],"curies":[{"name":"wp","href":"https:\/\/api.w.org\/{rel}","templated":true}]}}