{"id":31597,"date":"2023-05-27T23:17:57","date_gmt":"2023-05-27T23:17:57","guid":{"rendered":"https:\/\/normandie.ma\/?product=lemonade-rush-salts-mango-ade-3"},"modified":"2023-06-07T02:56:01","modified_gmt":"2023-06-07T02:56:01","slug":"lemonade-rush-salts-mango-ade-3","status":"publish","type":"product","link":"https:\/\/normandie.ma\/?product=lemonade-rush-salts-mango-ade-3","title":{"rendered":"Lemonade Rush Salts \u2013 Mango ADE"},"content":{"rendered":"<p>L\u2019e-liquide Salt Mango Ade 30ml de la marque Lemonade Rush Salt est un d\u00e9licieux m\u00e9lange de mangues fra\u00eeches et sucr\u00e9es accompagn\u00e9 d\u2019un cocktail p\u00e9tillant.<\/p>\n","protected":false},"excerpt":{"rendered":"<p>L\u2019e-liquide Salt Mango Ade 30ml de la marque Lemonade Rush Salt est un d\u00e9licieux m\u00e9lange de mangues fra\u00eeches et sucr\u00e9es accompagn\u00e9 d\u2019un cocktail p\u00e9tillant.<\/p>\n","protected":false},"featured_media":30762,"comment_status":"open","ping_status":"closed","template":"","meta":{"om_disable_all_campaigns":false,"_monsterinsights_skip_tracking":false,"_monsterinsights_sitenote_active":false,"_monsterinsights_sitenote_note":"","_monsterinsights_sitenote_category":0},"product_brand":[],"product_cat":[391,224,208],"product_tag":[],"class_list":{"0":"post-31597","1":"product","2":"type-product","3":"status-publish","4":"has-post-thumbnail","6":"product_cat-lemonade-rush-salt","7":"product_cat-mrq-salt","8":"product_cat-salt","11":"first","12":"instock","13":"featured","14":"shipping-taxable","15":"purchasable","16":"product-type-variable"},"aioseo_notices":[],"jetpack_sharing_enabled":true,"_links":{"self":[{"href":"https:\/\/normandie.ma\/index.php?rest_route=\/wp\/v2\/product\/31597","targetHints":{"allow":["GET"]}}],"collection":[{"href":"https:\/\/normandie.ma\/index.php?rest_route=\/wp\/v2\/product"}],"about":[{"href":"https:\/\/normandie.ma\/index.php?rest_route=\/wp\/v2\/types\/product"}],"replies":[{"embeddable":true,"href":"https:\/\/normandie.ma\/index.php?rest_route=%2Fwp%2Fv2%2Fcomments&post=31597"}],"wp:featuredmedia":[{"embeddable":true,"href":"https:\/\/normandie.ma\/index.php?rest_route=\/wp\/v2\/media\/30762"}],"wp:attachment":[{"href":"https:\/\/normandie.ma\/index.php?rest_route=%2Fwp%2Fv2%2Fmedia&parent=31597"}],"wp:term":[{"taxonomy":"product_brand","embeddable":true,"href":"https:\/\/normandie.ma\/index.php?rest_route=%2Fwp%2Fv2%2Fproduct_brand&post=31597"},{"taxonomy":"product_cat","embeddable":true,"href":"https:\/\/normandie.ma\/index.php?rest_route=%2Fwp%2Fv2%2Fproduct_cat&post=31597"},{"taxonomy":"product_tag","embeddable":true,"href":"https:\/\/normandie.ma\/index.php?rest_route=%2Fwp%2Fv2%2Fproduct_tag&post=31597"}],"curies":[{"name":"wp","href":"https:\/\/api.w.org\/{rel}","templated":true}]}}