{"id":31614,"date":"2023-05-27T23:18:05","date_gmt":"2023-05-27T23:18:05","guid":{"rendered":"https:\/\/normandie.ma\/?product=pod-salts-mixed-berries-30ml-3"},"modified":"2023-06-07T02:33:39","modified_gmt":"2023-06-07T02:33:39","slug":"pod-salts-mixed-berries-30ml-3","status":"publish","type":"product","link":"https:\/\/normandie.ma\/?product=pod-salts-mixed-berries-30ml-3","title":{"rendered":"Pod Salts \u2013 Mixed Berries 30ml"},"content":{"rendered":"<p>La gamme Pod Salt Core offre une s\u00e9lection haut de gamme d\u2019ar\u00f4mes de fabrication britannique. M\u00e9lang\u00e9s \u00e0 du sel de nicotine, ils produisent une exp\u00e9rience de vapotage parfaitement douce et efficace. Con\u00e7u pour \u00eatre d\u00e9licieux et pour faire mouche, la formule avanc\u00e9e du sel de nicotine de Pod Salt est con\u00e7ue pour offrir une exp\u00e9rience de vapotage exceptionnellement douce \u00e0 des taux de nicotine \u00e9lev\u00e9s.<\/p>\n","protected":false},"excerpt":{"rendered":"<p>La gamme Pod Salt Core offre une s\u00e9lection haut de gamme d\u2019ar\u00f4mes de fabrication britannique. M\u00e9lang\u00e9s \u00e0 du sel de nicotine, ils produisent une exp\u00e9rience de vapotage parfaitement douce et efficace. Con\u00e7u pour \u00eatre d\u00e9licieux et pour faire mouche, la formule avanc\u00e9e du sel de nicotine de Pod Salt est con\u00e7ue pour offrir une exp\u00e9rience [&hellip;]<\/p>\n","protected":false},"featured_media":30779,"comment_status":"open","ping_status":"closed","template":"","meta":{"om_disable_all_campaigns":false,"_monsterinsights_skip_tracking":false,"_monsterinsights_sitenote_active":false,"_monsterinsights_sitenote_note":"","_monsterinsights_sitenote_category":0},"product_brand":[],"product_cat":[224,393,208],"product_tag":[],"class_list":{"0":"post-31614","1":"product","2":"type-product","3":"status-publish","4":"has-post-thumbnail","6":"product_cat-mrq-salt","7":"product_cat-pod-salts","8":"product_cat-salt","11":"first","12":"instock","13":"featured","14":"shipping-taxable","15":"purchasable","16":"product-type-variable"},"aioseo_notices":[],"jetpack_sharing_enabled":true,"_links":{"self":[{"href":"https:\/\/normandie.ma\/index.php?rest_route=\/wp\/v2\/product\/31614","targetHints":{"allow":["GET"]}}],"collection":[{"href":"https:\/\/normandie.ma\/index.php?rest_route=\/wp\/v2\/product"}],"about":[{"href":"https:\/\/normandie.ma\/index.php?rest_route=\/wp\/v2\/types\/product"}],"replies":[{"embeddable":true,"href":"https:\/\/normandie.ma\/index.php?rest_route=%2Fwp%2Fv2%2Fcomments&post=31614"}],"wp:featuredmedia":[{"embeddable":true,"href":"https:\/\/normandie.ma\/index.php?rest_route=\/wp\/v2\/media\/30779"}],"wp:attachment":[{"href":"https:\/\/normandie.ma\/index.php?rest_route=%2Fwp%2Fv2%2Fmedia&parent=31614"}],"wp:term":[{"taxonomy":"product_brand","embeddable":true,"href":"https:\/\/normandie.ma\/index.php?rest_route=%2Fwp%2Fv2%2Fproduct_brand&post=31614"},{"taxonomy":"product_cat","embeddable":true,"href":"https:\/\/normandie.ma\/index.php?rest_route=%2Fwp%2Fv2%2Fproduct_cat&post=31614"},{"taxonomy":"product_tag","embeddable":true,"href":"https:\/\/normandie.ma\/index.php?rest_route=%2Fwp%2Fv2%2Fproduct_tag&post=31614"}],"curies":[{"name":"wp","href":"https:\/\/api.w.org\/{rel}","templated":true}]}}