{"id":31621,"date":"2023-05-27T23:18:08","date_gmt":"2023-05-27T23:18:08","guid":{"rendered":"https:\/\/normandie.ma\/?product=orange-pineapple-freeze-30ml-salt-ripe-vapes-4"},"modified":"2023-06-07T02:14:19","modified_gmt":"2023-06-07T02:14:19","slug":"orange-pineapple-freeze-30ml-salt-ripe-vapes-4","status":"publish","type":"product","link":"https:\/\/normandie.ma\/?product=orange-pineapple-freeze-30ml-salt-ripe-vapes-4","title":{"rendered":"Orange Pineapple Freeze \u2013 30ml SALT \/ Ripe Vapes"},"content":{"rendered":"<p>L\u2019e-liquide Salt Orange Pineapple Freeze by Ripe Vapes est un e-Liquide frais et tropical, un d\u00e9lice \u00e0 fumer rempli de menthol fruit\u00e9.<\/p>\n","protected":false},"excerpt":{"rendered":"<p>L\u2019e-liquide Salt Orange Pineapple Freeze by Ripe Vapes est un e-Liquide frais et tropical, un d\u00e9lice \u00e0 fumer rempli de menthol fruit\u00e9.<\/p>\n","protected":false},"featured_media":30784,"comment_status":"open","ping_status":"closed","template":"","meta":{"om_disable_all_campaigns":false,"_monsterinsights_skip_tracking":false,"_monsterinsights_sitenote_active":false,"_monsterinsights_sitenote_note":"","_monsterinsights_sitenote_category":0},"product_brand":[],"product_cat":[224,394,208],"product_tag":[],"class_list":{"0":"post-31621","1":"product","2":"type-product","3":"status-publish","4":"has-post-thumbnail","6":"product_cat-mrq-salt","7":"product_cat-ripe-vapes-salts","8":"product_cat-salt","11":"first","12":"instock","13":"featured","14":"shipping-taxable","15":"purchasable","16":"product-type-variable"},"aioseo_notices":[],"jetpack_sharing_enabled":true,"_links":{"self":[{"href":"https:\/\/normandie.ma\/index.php?rest_route=\/wp\/v2\/product\/31621","targetHints":{"allow":["GET"]}}],"collection":[{"href":"https:\/\/normandie.ma\/index.php?rest_route=\/wp\/v2\/product"}],"about":[{"href":"https:\/\/normandie.ma\/index.php?rest_route=\/wp\/v2\/types\/product"}],"replies":[{"embeddable":true,"href":"https:\/\/normandie.ma\/index.php?rest_route=%2Fwp%2Fv2%2Fcomments&post=31621"}],"wp:featuredmedia":[{"embeddable":true,"href":"https:\/\/normandie.ma\/index.php?rest_route=\/wp\/v2\/media\/30784"}],"wp:attachment":[{"href":"https:\/\/normandie.ma\/index.php?rest_route=%2Fwp%2Fv2%2Fmedia&parent=31621"}],"wp:term":[{"taxonomy":"product_brand","embeddable":true,"href":"https:\/\/normandie.ma\/index.php?rest_route=%2Fwp%2Fv2%2Fproduct_brand&post=31621"},{"taxonomy":"product_cat","embeddable":true,"href":"https:\/\/normandie.ma\/index.php?rest_route=%2Fwp%2Fv2%2Fproduct_cat&post=31621"},{"taxonomy":"product_tag","embeddable":true,"href":"https:\/\/normandie.ma\/index.php?rest_route=%2Fwp%2Fv2%2Fproduct_tag&post=31621"}],"curies":[{"name":"wp","href":"https:\/\/api.w.org\/{rel}","templated":true}]}}