{"id":31624,"date":"2023-05-27T23:18:09","date_gmt":"2023-05-27T23:18:09","guid":{"rendered":"https:\/\/normandie.ma\/?product=key-lime-cookie-30ml-salt-ripe-vapes-4"},"modified":"2023-06-07T02:13:11","modified_gmt":"2023-06-07T02:13:11","slug":"key-lime-cookie-30ml-salt-ripe-vapes-4","status":"publish","type":"product","link":"https:\/\/normandie.ma\/?product=key-lime-cookie-30ml-salt-ripe-vapes-4","title":{"rendered":"Key Lime Cookie \u2013 30ml SALT \/ Ripe Vapes"},"content":{"rendered":"<p>L\u2019e-liquide Salt Key Lime Cookie by Ripe Vapes est compos\u00e9 d\u2019une combinaison d\u2019ar\u00f4mes de citron, de biscuit et de tarte au citron vert sucr\u00e9e. Vous ressentirez les deux saveurs diff\u00e9rentes dans la journ\u00e9e et appr\u00e9cierez les ar\u00f4mes.<\/p>\n","protected":false},"excerpt":{"rendered":"<p>L\u2019e-liquide Salt Key Lime Cookie by Ripe Vapes est compos\u00e9 d\u2019une combinaison d\u2019ar\u00f4mes de citron, de biscuit et de tarte au citron vert sucr\u00e9e. Vous ressentirez les deux saveurs diff\u00e9rentes dans la journ\u00e9e et appr\u00e9cierez les ar\u00f4mes.<\/p>\n","protected":false},"featured_media":30787,"comment_status":"open","ping_status":"closed","template":"","meta":{"om_disable_all_campaigns":false,"_monsterinsights_skip_tracking":false,"_monsterinsights_sitenote_active":false,"_monsterinsights_sitenote_note":"","_monsterinsights_sitenote_category":0},"product_brand":[],"product_cat":[224,394,208],"product_tag":[],"class_list":{"0":"post-31624","1":"product","2":"type-product","3":"status-publish","4":"has-post-thumbnail","6":"product_cat-mrq-salt","7":"product_cat-ripe-vapes-salts","8":"product_cat-salt","11":"first","12":"instock","13":"featured","14":"shipping-taxable","15":"purchasable","16":"product-type-variable"},"aioseo_notices":[],"jetpack_sharing_enabled":true,"_links":{"self":[{"href":"https:\/\/normandie.ma\/index.php?rest_route=\/wp\/v2\/product\/31624","targetHints":{"allow":["GET"]}}],"collection":[{"href":"https:\/\/normandie.ma\/index.php?rest_route=\/wp\/v2\/product"}],"about":[{"href":"https:\/\/normandie.ma\/index.php?rest_route=\/wp\/v2\/types\/product"}],"replies":[{"embeddable":true,"href":"https:\/\/normandie.ma\/index.php?rest_route=%2Fwp%2Fv2%2Fcomments&post=31624"}],"wp:featuredmedia":[{"embeddable":true,"href":"https:\/\/normandie.ma\/index.php?rest_route=\/wp\/v2\/media\/30787"}],"wp:attachment":[{"href":"https:\/\/normandie.ma\/index.php?rest_route=%2Fwp%2Fv2%2Fmedia&parent=31624"}],"wp:term":[{"taxonomy":"product_brand","embeddable":true,"href":"https:\/\/normandie.ma\/index.php?rest_route=%2Fwp%2Fv2%2Fproduct_brand&post=31624"},{"taxonomy":"product_cat","embeddable":true,"href":"https:\/\/normandie.ma\/index.php?rest_route=%2Fwp%2Fv2%2Fproduct_cat&post=31624"},{"taxonomy":"product_tag","embeddable":true,"href":"https:\/\/normandie.ma\/index.php?rest_route=%2Fwp%2Fv2%2Fproduct_tag&post=31624"}],"curies":[{"name":"wp","href":"https:\/\/api.w.org\/{rel}","templated":true}]}}