{"id":31628,"date":"2023-05-27T23:18:11","date_gmt":"2023-05-27T23:18:11","guid":{"rendered":"https:\/\/normandie.ma\/?product=salt-kiss-yogurt-blueberries-10ml-5"},"modified":"2023-06-07T02:09:44","modified_gmt":"2023-06-07T02:09:44","slug":"salt-kiss-yogurt-blueberries-10ml-5","status":"publish","type":"product","link":"https:\/\/normandie.ma\/?product=salt-kiss-yogurt-blueberries-10ml-5","title":{"rendered":"Salt Kiss \u2013 Yogurt Blueberries 10ml"},"content":{"rendered":"<p>L\u2019e-liquide Salt Yogurt Blueberries de la marque Salt Kiss d\u00e9livre une d\u00e9licieuse saveur au go\u00fbt de myrtilles fra\u00eeches et de yaourt. \u00c0 l\u2019expiration, vous obtiendrez ce velout\u00e9 lact\u00e9 qui vous donnera l\u2019impression d\u2019\u00eatre dans un \u00e9tat de pur bonheur de vapotage.<\/p>\n","protected":false},"excerpt":{"rendered":"<p>L\u2019e-liquide Salt Yogurt Blueberries de la marque Salt Kiss d\u00e9livre une d\u00e9licieuse saveur au go\u00fbt de myrtilles fra\u00eeches et de yaourt. \u00c0 l\u2019expiration, vous obtiendrez ce velout\u00e9 lact\u00e9 qui vous donnera l\u2019impression d\u2019\u00eatre dans un \u00e9tat de pur bonheur de vapotage.<\/p>\n","protected":false},"featured_media":30791,"comment_status":"open","ping_status":"closed","template":"","meta":{"om_disable_all_campaigns":false,"_monsterinsights_skip_tracking":false,"_monsterinsights_sitenote_active":false,"_monsterinsights_sitenote_note":"","_monsterinsights_sitenote_category":0},"product_brand":[],"product_cat":[224,208,395],"product_tag":[],"class_list":{"0":"post-31628","1":"product","2":"type-product","3":"status-publish","4":"has-post-thumbnail","6":"product_cat-mrq-salt","7":"product_cat-salt","8":"product_cat-salt-kiss","11":"first","12":"instock","13":"featured","14":"shipping-taxable","15":"purchasable","16":"product-type-variable"},"aioseo_notices":[],"jetpack_sharing_enabled":true,"_links":{"self":[{"href":"https:\/\/normandie.ma\/index.php?rest_route=\/wp\/v2\/product\/31628","targetHints":{"allow":["GET"]}}],"collection":[{"href":"https:\/\/normandie.ma\/index.php?rest_route=\/wp\/v2\/product"}],"about":[{"href":"https:\/\/normandie.ma\/index.php?rest_route=\/wp\/v2\/types\/product"}],"replies":[{"embeddable":true,"href":"https:\/\/normandie.ma\/index.php?rest_route=%2Fwp%2Fv2%2Fcomments&post=31628"}],"wp:featuredmedia":[{"embeddable":true,"href":"https:\/\/normandie.ma\/index.php?rest_route=\/wp\/v2\/media\/30791"}],"wp:attachment":[{"href":"https:\/\/normandie.ma\/index.php?rest_route=%2Fwp%2Fv2%2Fmedia&parent=31628"}],"wp:term":[{"taxonomy":"product_brand","embeddable":true,"href":"https:\/\/normandie.ma\/index.php?rest_route=%2Fwp%2Fv2%2Fproduct_brand&post=31628"},{"taxonomy":"product_cat","embeddable":true,"href":"https:\/\/normandie.ma\/index.php?rest_route=%2Fwp%2Fv2%2Fproduct_cat&post=31628"},{"taxonomy":"product_tag","embeddable":true,"href":"https:\/\/normandie.ma\/index.php?rest_route=%2Fwp%2Fv2%2Fproduct_tag&post=31628"}],"curies":[{"name":"wp","href":"https:\/\/api.w.org\/{rel}","templated":true}]}}