{"id":31630,"date":"2023-05-27T23:18:11","date_gmt":"2023-05-27T23:18:11","guid":{"rendered":"https:\/\/normandie.ma\/?product=vapetasia-salts-killer-kustard-30ml-4"},"modified":"2023-06-07T02:10:43","modified_gmt":"2023-06-07T02:10:43","slug":"vapetasia-salts-killer-kustard-30ml-4","status":"publish","type":"product","link":"https:\/\/normandie.ma\/?product=vapetasia-salts-killer-kustard-30ml-4","title":{"rendered":"Vapetasia Salts \u2013 Killer Kustard 30ml"},"content":{"rendered":"<p>Killer Kustard Salt de Vapetasia a la saveur d\u2019un m\u00e9lange irr\u00e9sistible de vanille et de cr\u00e8me anglaise, atteignant l\u2019harmonie parfaite du sucr\u00e9 et du sal\u00e9. C\u2019est le m\u00e9lange parfait de la sensation de confort et de douceur !<\/p>\n<p>Saveurs : Vanille \/ Cr\u00e8me anglaise<\/p>\n","protected":false},"excerpt":{"rendered":"<p>Killer Kustard Salt de Vapetasia a la saveur d\u2019un m\u00e9lange irr\u00e9sistible de vanille et de cr\u00e8me anglaise, atteignant l\u2019harmonie parfaite du sucr\u00e9 et du sal\u00e9. C\u2019est le m\u00e9lange parfait de la sensation de confort et de douceur ! Saveurs : Vanille \/ Cr\u00e8me anglaise<\/p>\n","protected":false},"featured_media":30793,"comment_status":"open","ping_status":"closed","template":"","meta":{"om_disable_all_campaigns":false,"_monsterinsights_skip_tracking":false,"_monsterinsights_sitenote_active":false,"_monsterinsights_sitenote_note":"","_monsterinsights_sitenote_category":0},"product_brand":[],"product_cat":[224,208,396],"product_tag":[],"class_list":{"0":"post-31630","1":"product","2":"type-product","3":"status-publish","4":"has-post-thumbnail","6":"product_cat-mrq-salt","7":"product_cat-salt","8":"product_cat-vapetasia-salts","11":"first","12":"instock","13":"featured","14":"shipping-taxable","15":"purchasable","16":"product-type-variable"},"aioseo_notices":[],"jetpack_sharing_enabled":true,"_links":{"self":[{"href":"https:\/\/normandie.ma\/index.php?rest_route=\/wp\/v2\/product\/31630","targetHints":{"allow":["GET"]}}],"collection":[{"href":"https:\/\/normandie.ma\/index.php?rest_route=\/wp\/v2\/product"}],"about":[{"href":"https:\/\/normandie.ma\/index.php?rest_route=\/wp\/v2\/types\/product"}],"replies":[{"embeddable":true,"href":"https:\/\/normandie.ma\/index.php?rest_route=%2Fwp%2Fv2%2Fcomments&post=31630"}],"wp:featuredmedia":[{"embeddable":true,"href":"https:\/\/normandie.ma\/index.php?rest_route=\/wp\/v2\/media\/30793"}],"wp:attachment":[{"href":"https:\/\/normandie.ma\/index.php?rest_route=%2Fwp%2Fv2%2Fmedia&parent=31630"}],"wp:term":[{"taxonomy":"product_brand","embeddable":true,"href":"https:\/\/normandie.ma\/index.php?rest_route=%2Fwp%2Fv2%2Fproduct_brand&post=31630"},{"taxonomy":"product_cat","embeddable":true,"href":"https:\/\/normandie.ma\/index.php?rest_route=%2Fwp%2Fv2%2Fproduct_cat&post=31630"},{"taxonomy":"product_tag","embeddable":true,"href":"https:\/\/normandie.ma\/index.php?rest_route=%2Fwp%2Fv2%2Fproduct_tag&post=31630"}],"curies":[{"name":"wp","href":"https:\/\/api.w.org\/{rel}","templated":true}]}}